{"id":99,"date":"2010-09-20T15:00:12","date_gmt":"2010-09-20T13:00:12","guid":{"rendered":"http:\/\/fshds.fr\/2017\/bureau-de-recherches-historique-et-archeologiques-du-mauleonnais\/"},"modified":"2024-08-20T18:03:42","modified_gmt":"2024-08-20T16:03:42","slug":"bureau-de-recherches-historique-et-archeologiques-du-mauleonnais","status":"publish","type":"page","link":"https:\/\/fshds.fr\/site\/les-societes-affilies\/bureau-de-recherches-historique-et-archeologiques-du-mauleonnais\/","title":{"rendered":"BRHAM : Bureau de Recherches Historiques et Arch\u00e9ologiques du Maul\u00e9onnais"},"content":{"rendered":"\n<div class=\"wp-block-columns is-layout-flex wp-container-core-columns-is-layout-9d6595d7 wp-block-columns-is-layout-flex\">\n<div class=\"wp-block-column is-layout-flow wp-block-column-is-layout-flow\"><div class=\"breadcrumbs align  wp-block-bcn-breadcrumb-trail has-text-color has-background\" vocab=\"https:\/\/schema.org\/\" typeof=\"BreadcrumbList\">\n\t<span><\/span>\n\t<span property=\"itemListElement\" typeof=\"ListItem\"><a property=\"item\" typeof=\"WebPage\" title=\"Aller \u00e0 Fshds.\" href=\"https:\/\/fshds.fr\/site\" class=\"home\" aria-current=\"page\"><span property=\"name\">Fshds<\/span><\/a><meta property=\"position\" content=\"1\"><\/span><\/div>\n<\/div>\n<\/div>\n\n\n\n<div class=\"wp-block-columns is-layout-flex wp-container-core-columns-is-layout-9d6595d7 wp-block-columns-is-layout-flex\">\n<div class=\"wp-block-column is-layout-flow wp-block-column-is-layout-flow\" style=\"flex-basis:33.33%\">\n<figure class=\"wp-block-image size-full\"><img loading=\"lazy\" decoding=\"async\" width=\"150\" height=\"150\" src=\"https:\/\/fshds.fr\/2017\/1657266404342\/wp-content\/uploads\/2022\/07\/mauleon.jpg\" alt=\"\" class=\"wp-image-1762\"\/><\/figure>\n<\/div>\n\n\n\n<div class=\"wp-block-column is-layout-flow wp-block-column-is-layout-flow\" style=\"flex-basis:66.66%\">\n<p><strong>Fond\u00e9 en 1967<\/strong><\/p>\n\n\n\n<p><strong>Affili\u00e9e \u00e0 la F\u00e9d\u00e9ration depuis 1968.<\/strong><\/p>\n<\/div>\n<\/div>\n\n\n\n<figure class=\"wp-block-table\"><table><tbody><tr><td><strong>Contact<\/strong><br>Adresse postale : 1, place de l&rsquo;\u00e9glise<br>79700 MAULEON<br><strong>E-mail <\/strong>: brham.mauleon@gmail.com<br><\/td><td><strong>Pr\u00e9sident :<br><\/strong>Mme Marie-Laure ALLARD<br><br><strong>La vie de l&rsquo;association<\/strong><br>Permanence au local le samedi entre 11h et 12h.<br>Centre de documentations historiques<br>Edition du bulletin \u00ab\u00a0Les Carnets du Pays Maul\u00e9onnais\u00a0\u00bb<br>3 &#8211; 4 sorties par an.<br>Au local, vente des carnets, cartes postales, livres ,<br>R\u00e9ception d&rsquo;auteurs au moins 3 fois par an.<br><br><strong>Nombre de membres :<\/strong> 152<br><strong>Cotisation :<\/strong> <br>Individuelle : 15 \u20ac\/an<br>Couple : 25 \u20ac\/an<br><\/td><\/tr><\/tbody><\/table><\/figure>\n","protected":false},"excerpt":{"rendered":"<p>Fond\u00e9 en 1967 Affili\u00e9e \u00e0 la F\u00e9d\u00e9ration depuis 1968. ContactAdresse postale : 1, place de l&rsquo;\u00e9glise79700 MAULEONE-mail : brham.mauleon@gmail.com Pr\u00e9sident :Mme Marie-Laure ALLARD La vie de l&rsquo;associationPermanence au local le samedi entre 11h et 12h.Centre de documentations historiquesEdition du bulletin \u00ab\u00a0Les Carnets du Pays Maul\u00e9onnais\u00a0\u00bb3 &#8211; 4 sorties par an.Au local, vente des carnets, cartes&hellip; <br \/> <a class=\"read-more\" href=\"https:\/\/fshds.fr\/site\/les-societes-affilies\/bureau-de-recherches-historique-et-archeologiques-du-mauleonnais\/\">Lire la suite<\/a><\/p>\n","protected":false},"author":13,"featured_media":0,"parent":12,"menu_order":1,"comment_status":"closed","ping_status":"closed","template":"","meta":{"_seopress_robots_primary_cat":"","_seopress_titles_title":"","_seopress_titles_desc":"","_seopress_robots_index":"","footnotes":""},"class_list":["post-99","page","type-page","status-publish","hentry"],"_links":{"self":[{"href":"https:\/\/fshds.fr\/site\/wp-json\/wp\/v2\/pages\/99","targetHints":{"allow":["GET"]}}],"collection":[{"href":"https:\/\/fshds.fr\/site\/wp-json\/wp\/v2\/pages"}],"about":[{"href":"https:\/\/fshds.fr\/site\/wp-json\/wp\/v2\/types\/page"}],"author":[{"embeddable":true,"href":"https:\/\/fshds.fr\/site\/wp-json\/wp\/v2\/users\/13"}],"replies":[{"embeddable":true,"href":"https:\/\/fshds.fr\/site\/wp-json\/wp\/v2\/comments?post=99"}],"version-history":[{"count":27,"href":"https:\/\/fshds.fr\/site\/wp-json\/wp\/v2\/pages\/99\/revisions"}],"predecessor-version":[{"id":3595,"href":"https:\/\/fshds.fr\/site\/wp-json\/wp\/v2\/pages\/99\/revisions\/3595"}],"up":[{"embeddable":true,"href":"https:\/\/fshds.fr\/site\/wp-json\/wp\/v2\/pages\/12"}],"wp:attachment":[{"href":"https:\/\/fshds.fr\/site\/wp-json\/wp\/v2\/media?parent=99"}],"curies":[{"name":"wp","href":"https:\/\/api.w.org\/{rel}","templated":true}]}}