{"id":925,"date":"2017-12-18T15:13:46","date_gmt":"2017-12-18T14:13:46","guid":{"rendered":"http:\/\/fshds.fr\/2017\/?page_id=925"},"modified":"2017-12-18T23:01:31","modified_gmt":"2017-12-18T22:01:31","slug":"le-petit-chateau-de-beceleuf-et-les-ancetres-de-son-batisseur","status":"publish","type":"page","link":"https:\/\/fshds.fr\/site\/les-societes-affilies\/hpbe\/le-petit-chateau-de-beceleuf-et-les-ancetres-de-son-batisseur\/","title":{"rendered":"Le Petit-ch\u00e2teau de B\u00e9celeuf et les anc\u00eatres de son b\u00e2tisseur"},"content":{"rendered":"<p><a href=\"http:\/\/fshds.fr\/2017\/1657266404342\/wp-content\/uploads\/2017\/12\/Le-Petit-Chateau-de-B\u00e9celeuf-et-les-anc\u00eatres-de-son-b\u00e2tisseur.pdf\">Le Petit-Chateau de B\u00e9celeuf et les anc\u00eatres de son b\u00e2tisseur<\/a><\/p>\n","protected":false},"excerpt":{"rendered":"<p>Le Petit-Chateau de B\u00e9celeuf et les anc\u00eatres de son b\u00e2tisseur<\/p>\n","protected":false},"author":4,"featured_media":0,"parent":111,"menu_order":5,"comment_status":"closed","ping_status":"closed","template":"","meta":{"_seopress_robots_primary_cat":"","_seopress_titles_title":"","_seopress_titles_desc":"","_seopress_robots_index":"","footnotes":""},"class_list":["post-925","page","type-page","status-publish","hentry"],"_links":{"self":[{"href":"https:\/\/fshds.fr\/site\/wp-json\/wp\/v2\/pages\/925","targetHints":{"allow":["GET"]}}],"collection":[{"href":"https:\/\/fshds.fr\/site\/wp-json\/wp\/v2\/pages"}],"about":[{"href":"https:\/\/fshds.fr\/site\/wp-json\/wp\/v2\/types\/page"}],"author":[{"embeddable":true,"href":"https:\/\/fshds.fr\/site\/wp-json\/wp\/v2\/users\/4"}],"replies":[{"embeddable":true,"href":"https:\/\/fshds.fr\/site\/wp-json\/wp\/v2\/comments?post=925"}],"version-history":[{"count":2,"href":"https:\/\/fshds.fr\/site\/wp-json\/wp\/v2\/pages\/925\/revisions"}],"predecessor-version":[{"id":928,"href":"https:\/\/fshds.fr\/site\/wp-json\/wp\/v2\/pages\/925\/revisions\/928"}],"up":[{"embeddable":true,"href":"https:\/\/fshds.fr\/site\/wp-json\/wp\/v2\/pages\/111"}],"wp:attachment":[{"href":"https:\/\/fshds.fr\/site\/wp-json\/wp\/v2\/media?parent=925"}],"curies":[{"name":"wp","href":"https:\/\/api.w.org\/{rel}","templated":true}]}}