{"id":83,"date":"2010-08-21T11:59:12","date_gmt":"2010-08-21T09:59:12","guid":{"rendered":"http:\/\/fshds.fr\/2017\/shvds-societe-historique-et-archeologique-du-val-de-sevre\/"},"modified":"2025-06-05T18:05:46","modified_gmt":"2025-06-05T16:05:46","slug":"shvds-societe-historique-et-archeologique-du-val-de-sevre","status":"publish","type":"page","link":"https:\/\/fshds.fr\/site\/les-societes-affilies\/shvds-societe-historique-et-archeologique-du-val-de-sevre\/","title":{"rendered":"SHAVDS : Soci\u00e9t\u00e9 Historique et Arch\u00e9ologique du Val de S\u00e8vre"},"content":{"rendered":"<div class=\"breadcrumbs align  wp-block-bcn-breadcrumb-trail has-text-color has-background\" vocab=\"https:\/\/schema.org\/\" typeof=\"BreadcrumbList\">\n\t<span><\/span>\n\t<span property=\"itemListElement\" typeof=\"ListItem\"><a property=\"item\" typeof=\"WebPage\" title=\"Aller \u00e0 Fshds.\" href=\"https:\/\/fshds.fr\/site\" class=\"home\" aria-current=\"page\"><span property=\"name\">Fshds<\/span><\/a><meta property=\"position\" content=\"1\"><\/span><\/div>\n\n\n\n<div style=\"height:50px\" aria-hidden=\"true\" class=\"wp-block-spacer\"><\/div>\n\n\n\n<div class=\"wp-block-columns is-layout-flex wp-container-core-columns-is-layout-9d6595d7 wp-block-columns-is-layout-flex\">\n<div class=\"wp-block-column is-layout-flow wp-block-column-is-layout-flow\">\n<figure class=\"wp-block-image size-full\"><img loading=\"lazy\" decoding=\"async\" width=\"136\" height=\"169\" src=\"https:\/\/fshds.fr\/site\/wp-content\/uploads\/2025\/01\/SHAVS.bmp\" alt=\"\" class=\"wp-image-3742\"\/><\/figure>\n<\/div>\n\n\n\n<div class=\"wp-block-column is-layout-flow wp-block-column-is-layout-flow\">\n<p><strong>Fond\u00e9e<\/strong> en 1968 par Mr DEZ \u00e0 la Mothe-Saint-H\u00e9raye,&nbsp;transf\u00e9r\u00e9e en&nbsp;1971 \u00e0 Saint-Maixent-l&rsquo;Ecole <\/p>\n\n\n\n<p><strong>Affili\u00e9e \u00e0 la f\u00e9d\u00e9ration<\/strong><\/p>\n<\/div>\n<\/div>\n\n\n\n<figure class=\"wp-block-table\"><table><tbody><tr><td><strong>Contact<\/strong><br>5, Rue du faubourg Charrault &#8211; 79400 SAINT-MAIXENT-L\u2019ECOLE<br>05 49 05 67 51<br><br><br><br><strong>Permanence :<br><\/strong>Le Mercredi de 14h \u00e0 16h et sur RDV<\/td><td><strong>Pr\u00e9sidente :<br><\/strong>M. Philippe JARY<br><br><strong>La vie de l&rsquo;association<\/strong><br>Sortie d&rsquo;1 journ\u00e9e<br>Communications mensuelles sauf Juillet &amp; Ao\u00fbt<br>Edition de tables d\u00e9cennales (2016)<br>Publication d&rsquo;ouvrages : Edition d&rsquo;un bulletin trimestriel<br><br><br><strong>Nombre de membres :<\/strong> 50<br><strong>Cotisation :<\/strong> 28\u20ac\/an<\/td><\/tr><\/tbody><\/table><\/figure>\n\n\n<h2>Nos pages<\/h2>\n\n<!-- Page-list plugin v.5.9 wordpress.org\/plugins\/page-list\/ -->\n<ul class=\"page-list subpages-page-list \">\n<li class=\"page_item page-item-1256\"><a href=\"https:\/\/fshds.fr\/site\/les-societes-affilies\/shvds-societe-historique-et-archeologique-du-val-de-sevre\/livres-dvd\/\">Livres, DVD<\/a><\/li>\n<li class=\"page_item page-item-857\"><a href=\"https:\/\/fshds.fr\/site\/les-societes-affilies\/shvds-societe-historique-et-archeologique-du-val-de-sevre\/publications-de-la-shavds\/\">Publications de la SHAVDS<\/a><\/li>\n\n<\/ul>\n","protected":false},"excerpt":{"rendered":"<p>Fond\u00e9e en 1968 par Mr DEZ \u00e0 la Mothe-Saint-H\u00e9raye,&nbsp;transf\u00e9r\u00e9e en&nbsp;1971 \u00e0 Saint-Maixent-l&rsquo;Ecole Affili\u00e9e \u00e0 la f\u00e9d\u00e9ration Contact5, Rue du faubourg Charrault &#8211; 79400 SAINT-MAIXENT-L\u2019ECOLE05 49 05 67 51 Permanence :Le Mercredi de 14h \u00e0 16h et sur RDV Pr\u00e9sidente :M. Philippe JARY La vie de l&rsquo;associationSortie d&rsquo;1 journ\u00e9eCommunications mensuelles sauf Juillet &amp; Ao\u00fbtEdition de tables&hellip; <br \/> <a class=\"read-more\" href=\"https:\/\/fshds.fr\/site\/les-societes-affilies\/shvds-societe-historique-et-archeologique-du-val-de-sevre\/\">Lire la suite<\/a><\/p>\n","protected":false},"author":11,"featured_media":0,"parent":12,"menu_order":1,"comment_status":"closed","ping_status":"closed","template":"","meta":{"_seopress_robots_primary_cat":"","_seopress_titles_title":"","_seopress_titles_desc":"","_seopress_robots_index":"","footnotes":""},"class_list":["post-83","page","type-page","status-publish","hentry"],"_links":{"self":[{"href":"https:\/\/fshds.fr\/site\/wp-json\/wp\/v2\/pages\/83","targetHints":{"allow":["GET"]}}],"collection":[{"href":"https:\/\/fshds.fr\/site\/wp-json\/wp\/v2\/pages"}],"about":[{"href":"https:\/\/fshds.fr\/site\/wp-json\/wp\/v2\/types\/page"}],"author":[{"embeddable":true,"href":"https:\/\/fshds.fr\/site\/wp-json\/wp\/v2\/users\/11"}],"replies":[{"embeddable":true,"href":"https:\/\/fshds.fr\/site\/wp-json\/wp\/v2\/comments?post=83"}],"version-history":[{"count":55,"href":"https:\/\/fshds.fr\/site\/wp-json\/wp\/v2\/pages\/83\/revisions"}],"predecessor-version":[{"id":4162,"href":"https:\/\/fshds.fr\/site\/wp-json\/wp\/v2\/pages\/83\/revisions\/4162"}],"up":[{"embeddable":true,"href":"https:\/\/fshds.fr\/site\/wp-json\/wp\/v2\/pages\/12"}],"wp:attachment":[{"href":"https:\/\/fshds.fr\/site\/wp-json\/wp\/v2\/media?parent=83"}],"curies":[{"name":"wp","href":"https:\/\/api.w.org\/{rel}","templated":true}]}}