{"id":82,"date":"2010-08-21T11:54:59","date_gmt":"2010-08-21T09:54:59","guid":{"rendered":"http:\/\/fshds.fr\/2017\/societe-historique-et-speleologique-du-pays-mellois\/"},"modified":"2024-07-16T12:12:02","modified_gmt":"2024-07-16T10:12:02","slug":"societe-historique-et-speleologique-du-pays-mellois","status":"publish","type":"page","link":"https:\/\/fshds.fr\/site\/les-societes-affilies\/societe-historique-et-speleologique-du-pays-mellois\/","title":{"rendered":"SHM : Soci\u00e9t\u00e9 d&rsquo;Histoire et d&rsquo;Arch\u00e9ologie de Melle et du Pays Mellois"},"content":{"rendered":"<div class=\"breadcrumbs align  wp-block-bcn-breadcrumb-trail has-text-color has-background\" vocab=\"https:\/\/schema.org\/\" typeof=\"BreadcrumbList\">\n\t<span><\/span>\n\t<span property=\"itemListElement\" typeof=\"ListItem\"><a property=\"item\" typeof=\"WebPage\" title=\"Aller \u00e0 Fshds.\" href=\"https:\/\/fshds.fr\/site\" class=\"home\" aria-current=\"page\"><span property=\"name\">Fshds<\/span><\/a><meta property=\"position\" content=\"1\"><\/span><\/div>\n\n\n\n<div style=\"height:50px\" aria-hidden=\"true\" class=\"wp-block-spacer\"><\/div>\n\n\n\n<div class=\"wp-block-columns is-layout-flex wp-container-core-columns-is-layout-9d6595d7 wp-block-columns-is-layout-flex\">\n<div class=\"wp-block-column is-layout-flow wp-block-column-is-layout-flow\">\n<figure class=\"wp-block-image size-full\"><img loading=\"lazy\" decoding=\"async\" width=\"150\" height=\"150\" src=\"https:\/\/fshds.fr\/site\/wp-content\/uploads\/2022\/08\/melle.jpg\" alt=\"\" class=\"wp-image-1903\"\/><\/figure>\n<\/div>\n\n\n\n<div class=\"wp-block-column is-layout-flow wp-block-column-is-layout-flow\">\n<p><strong>Fond\u00e9e en <\/strong><\/p>\n\n\n\n<p><strong>Affili\u00e9e \u00e0 la F\u00e9d\u00e9ration <\/strong><\/p>\n<\/div>\n<\/div>\n\n\n\n<figure class=\"wp-block-table\"><table><tbody><tr><td><strong>Contact<\/strong><br>M. Dominique BRUNET<br>H\u00f4tel de Ville 79500 MELLE<br><br><br><strong>E-mail : <br><\/strong>dominique.brunet31@wanadoo.fr<\/td><td><strong>Pr\u00e9sident :<br><\/strong>Mme Fran\u00e7oise GUITTON<br><br><strong>La vie de l&rsquo;association<\/strong><br><ul><li>Conf\u00e9rences<\/li> <li>Activit\u00e9s culturelles<\/li><\/ul><br><br><strong>Nombre de membres :<\/strong> 31<br><strong>Cotisation :<\/strong>15 \u20ac\/an<\/td><\/tr><\/tbody><\/table><\/figure>\n\n\n<h2>Nos pages<\/h2>\n\n<!-- Page-list plugin v.5.9 wordpress.org\/plugins\/page-list\/ -->\n<ul class=\"page-list subpages-page-list \">\n<li class=\"page_item page-item-3571\"><a href=\"https:\/\/fshds.fr\/site\/les-societes-affilies\/societe-historique-et-speleologique-du-pays-mellois\/bulletin-n21-de-la-shm\/\">Bulletin N\u00b021 de la Soci\u00e9t\u00e9 d&rsquo;Histoire et d&rsquo;Arch\u00e9ologie de Melle et du Pays Mellois<\/a><\/li>\n\n<\/ul>\n","protected":false},"excerpt":{"rendered":"<p>Fond\u00e9e en Affili\u00e9e \u00e0 la F\u00e9d\u00e9ration ContactM. Dominique BRUNETH\u00f4tel de Ville 79500 MELLE E-mail : dominique.brunet31@wanadoo.fr Pr\u00e9sident :Mme Fran\u00e7oise GUITTON La vie de l&rsquo;association Conf\u00e9rences Activit\u00e9s culturelles Nombre de membres : 31Cotisation :15 \u20ac\/an<\/p>\n","protected":false},"author":10,"featured_media":0,"parent":12,"menu_order":1,"comment_status":"closed","ping_status":"closed","template":"","meta":{"_seopress_robots_primary_cat":"","_seopress_titles_title":"","_seopress_titles_desc":"","_seopress_robots_index":"","footnotes":""},"class_list":["post-82","page","type-page","status-publish","hentry"],"_links":{"self":[{"href":"https:\/\/fshds.fr\/site\/wp-json\/wp\/v2\/pages\/82","targetHints":{"allow":["GET"]}}],"collection":[{"href":"https:\/\/fshds.fr\/site\/wp-json\/wp\/v2\/pages"}],"about":[{"href":"https:\/\/fshds.fr\/site\/wp-json\/wp\/v2\/types\/page"}],"author":[{"embeddable":true,"href":"https:\/\/fshds.fr\/site\/wp-json\/wp\/v2\/users\/10"}],"replies":[{"embeddable":true,"href":"https:\/\/fshds.fr\/site\/wp-json\/wp\/v2\/comments?post=82"}],"version-history":[{"count":14,"href":"https:\/\/fshds.fr\/site\/wp-json\/wp\/v2\/pages\/82\/revisions"}],"predecessor-version":[{"id":3576,"href":"https:\/\/fshds.fr\/site\/wp-json\/wp\/v2\/pages\/82\/revisions\/3576"}],"up":[{"embeddable":true,"href":"https:\/\/fshds.fr\/site\/wp-json\/wp\/v2\/pages\/12"}],"wp:attachment":[{"href":"https:\/\/fshds.fr\/site\/wp-json\/wp\/v2\/media?parent=82"}],"curies":[{"name":"wp","href":"https:\/\/api.w.org\/{rel}","templated":true}]}}