{"id":81,"date":"2010-08-21T11:48:41","date_gmt":"2010-08-21T09:48:41","guid":{"rendered":"http:\/\/fshds.fr\/2017\/shapt-societe-historique-et-archeologique-du-pays-thouarsais\/"},"modified":"2022-09-26T17:45:11","modified_gmt":"2022-09-26T15:45:11","slug":"shapt-societe-historique-et-archeologique-du-pays-thouarsais","status":"publish","type":"page","link":"https:\/\/fshds.fr\/site\/les-societes-affilies\/shapt-societe-historique-et-archeologique-du-pays-thouarsais\/","title":{"rendered":"SHAAPT : Soci\u00e9t\u00e9 d&rsquo;Histoire, d&rsquo;arch\u00e9ologie et des Arts du Pays Thouarsais"},"content":{"rendered":"\n<div class=\"wp-block-columns is-layout-flex wp-container-core-columns-is-layout-9d6595d7 wp-block-columns-is-layout-flex\">\n<div class=\"wp-block-column is-layout-flow wp-block-column-is-layout-flow\"><div class=\"breadcrumbs align  wp-block-bcn-breadcrumb-trail has-text-color has-background\" vocab=\"https:\/\/schema.org\/\" typeof=\"BreadcrumbList\">\n\t<span><\/span>\n\t<span property=\"itemListElement\" typeof=\"ListItem\"><a property=\"item\" typeof=\"WebPage\" title=\"Aller \u00e0 Fshds.\" href=\"https:\/\/fshds.fr\/site\" class=\"home\" aria-current=\"page\"><span property=\"name\">Fshds<\/span><\/a><meta property=\"position\" content=\"1\"><\/span><\/div>\n<\/div>\n<\/div>\n\n\n\n<div class=\"wp-block-columns is-layout-flex wp-container-core-columns-is-layout-9d6595d7 wp-block-columns-is-layout-flex\">\n<div class=\"wp-block-column is-layout-flow wp-block-column-is-layout-flow\" style=\"flex-basis:33.33%\">\n<figure class=\"wp-block-image size-full\"><img loading=\"lazy\" decoding=\"async\" width=\"150\" height=\"150\" src=\"https:\/\/fshds.fr\/2017\/1657266404342\/wp-content\/uploads\/2022\/08\/thouars.jpg\" alt=\"\" class=\"wp-image-1891\"\/><\/figure>\n<\/div>\n\n\n\n<div class=\"wp-block-column is-layout-flow wp-block-column-is-layout-flow\" style=\"flex-basis:66.66%\">\n<p><strong>Fond\u00e9e en 1972<\/strong><br><strong>Affili\u00e9e \u00e0 la F\u00e9d\u00e9ration depuis 1976.<br><\/strong>Reconnue d&rsquo;utilit\u00e9 publique depuis 2016<\/p>\n\n\n\n<p><strong>Liens:<\/strong><\/p>\n\n\n\n<ul class=\"wp-block-social-links has-icon-color has-icon-background-color is-style-default is-layout-flex wp-block-social-links-is-layout-flex\"><li style=\"color:#ffffff;background-color:#797a7c;\" class=\"wp-social-link wp-social-link-chain has-white-color wp-block-social-link\"><a rel=\"noopener nofollow\" target=\"_blank\" href=\"http:\/\/www.shaapt.fr\" class=\"wp-block-social-link-anchor\"><svg width=\"24\" height=\"24\" viewBox=\"0 0 24 24\" version=\"1.1\" xmlns=\"http:\/\/www.w3.org\/2000\/svg\" aria-hidden=\"true\" focusable=\"false\"><path d=\"M15.6,7.2H14v1.5h1.6c2,0,3.7,1.7,3.7,3.7s-1.7,3.7-3.7,3.7H14v1.5h1.6c2.8,0,5.2-2.3,5.2-5.2,0-2.9-2.3-5.2-5.2-5.2zM4.7,12.4c0-2,1.7-3.7,3.7-3.7H10V7.2H8.4c-2.9,0-5.2,2.3-5.2,5.2,0,2.9,2.3,5.2,5.2,5.2H10v-1.5H8.4c-2,0-3.7-1.7-3.7-3.7zm4.6.9h5.3v-1.5H9.3v1.5z\"><\/path><\/svg><span class=\"wp-block-social-link-label screen-reader-text\">Lien<\/span><\/a><\/li>\n\n<li style=\"color:#ffffff;background-color:#797a7c;\" class=\"wp-social-link wp-social-link-facebook has-white-color wp-block-social-link\"><a rel=\"noopener nofollow\" target=\"_blank\" href=\"https:\/\/www.facebook.com\/Soci%C3%A9t%C3%A9-dHistoire-dArch%C3%A9ologie-des-Arts-du-Pays-Thouarsais-Shaapt-132071196982171\/\" class=\"wp-block-social-link-anchor\"><svg width=\"24\" height=\"24\" viewBox=\"0 0 24 24\" version=\"1.1\" xmlns=\"http:\/\/www.w3.org\/2000\/svg\" aria-hidden=\"true\" focusable=\"false\"><path d=\"M12 2C6.5 2 2 6.5 2 12c0 5 3.7 9.1 8.4 9.9v-7H7.9V12h2.5V9.8c0-2.5 1.5-3.9 3.8-3.9 1.1 0 2.2.2 2.2.2v2.5h-1.3c-1.2 0-1.6.8-1.6 1.6V12h2.8l-.4 2.9h-2.3v7C18.3 21.1 22 17 22 12c0-5.5-4.5-10-10-10z\"><\/path><\/svg><span class=\"wp-block-social-link-label screen-reader-text\">Facebook<\/span><\/a><\/li><\/ul>\n<\/div>\n<\/div>\n\n\n\n<figure class=\"wp-block-table\"><table><tbody><tr><td><strong>Contact<\/strong><br>BP 17 79100 Thouars<br>info@shaapt.fr<br>06 75 08 37 17<\/td><td><strong>Pr\u00e9sident :<br><\/strong>M. Damien COCARD<br><br><strong>La vie de l&rsquo;association<\/strong><br>S\u00e9ances mensuelles avec communications scientifiques<br>Edition d&rsquo;un bulletin<br>Excursions et voyages d&rsquo;\u00e9tude<br>Organisation d&rsquo;expositions<br>Op\u00e9ration de m\u00e9c\u00e9nat via des diners litt\u00e9raires organis\u00e9s 3 fois par ans (Oct &#8211; Mars &#8211; Juin)<br><br><strong>Nombre de membres :<\/strong> 142<br><strong>Cotisation :<\/strong> Individuels : 25 \u20ac\/an &#8211; Couples : 35 \u20ac\/an<\/td><\/tr><\/tbody><\/table><\/figure>\n","protected":false},"excerpt":{"rendered":"<p>Fond\u00e9e en 1972Affili\u00e9e \u00e0 la F\u00e9d\u00e9ration depuis 1976.Reconnue d&rsquo;utilit\u00e9 publique depuis 2016 Liens: ContactBP 17 79100 Thouarsinfo@shaapt.fr06 75 08 37 17 Pr\u00e9sident :M. Damien COCARD La vie de l&rsquo;associationS\u00e9ances mensuelles avec communications scientifiquesEdition d&rsquo;un bulletinExcursions et voyages d&rsquo;\u00e9tudeOrganisation d&rsquo;expositionsOp\u00e9ration de m\u00e9c\u00e9nat via des diners litt\u00e9raires organis\u00e9s 3 fois par ans (Oct &#8211; Mars &#8211; Juin)&hellip; <br \/> <a class=\"read-more\" href=\"https:\/\/fshds.fr\/site\/les-societes-affilies\/shapt-societe-historique-et-archeologique-du-pays-thouarsais\/\">Lire la suite<\/a><\/p>\n","protected":false},"author":7,"featured_media":0,"parent":12,"menu_order":1,"comment_status":"closed","ping_status":"closed","template":"","meta":{"_seopress_robots_primary_cat":"","_seopress_titles_title":"","_seopress_titles_desc":"","_seopress_robots_index":"","footnotes":""},"class_list":["post-81","page","type-page","status-publish","hentry"],"_links":{"self":[{"href":"https:\/\/fshds.fr\/site\/wp-json\/wp\/v2\/pages\/81","targetHints":{"allow":["GET"]}}],"collection":[{"href":"https:\/\/fshds.fr\/site\/wp-json\/wp\/v2\/pages"}],"about":[{"href":"https:\/\/fshds.fr\/site\/wp-json\/wp\/v2\/types\/page"}],"author":[{"embeddable":true,"href":"https:\/\/fshds.fr\/site\/wp-json\/wp\/v2\/users\/7"}],"replies":[{"embeddable":true,"href":"https:\/\/fshds.fr\/site\/wp-json\/wp\/v2\/comments?post=81"}],"version-history":[{"count":37,"href":"https:\/\/fshds.fr\/site\/wp-json\/wp\/v2\/pages\/81\/revisions"}],"predecessor-version":[{"id":2214,"href":"https:\/\/fshds.fr\/site\/wp-json\/wp\/v2\/pages\/81\/revisions\/2214"}],"up":[{"embeddable":true,"href":"https:\/\/fshds.fr\/site\/wp-json\/wp\/v2\/pages\/12"}],"wp:attachment":[{"href":"https:\/\/fshds.fr\/site\/wp-json\/wp\/v2\/media?parent=81"}],"curies":[{"name":"wp","href":"https:\/\/api.w.org\/{rel}","templated":true}]}}