{"id":78,"date":"2010-07-14T20:28:17","date_gmt":"2010-07-14T18:28:17","guid":{"rendered":"http:\/\/fshds.fr\/2017\/histoire-et-patrimoine-du-bressuirais\/"},"modified":"2025-04-25T11:05:10","modified_gmt":"2025-04-25T09:05:10","slug":"histoire-et-patrimoine-du-bressuirais","status":"publish","type":"page","link":"https:\/\/fshds.fr\/site\/les-societes-affilies\/histoire-et-patrimoine-du-bressuirais\/","title":{"rendered":"HPB : Histoire et patrimoine du Bressuirais"},"content":{"rendered":"<div class=\"breadcrumbs align  wp-block-bcn-breadcrumb-trail has-text-color has-background\" vocab=\"https:\/\/schema.org\/\" typeof=\"BreadcrumbList\">\n\t<span><\/span>\n\t<span property=\"itemListElement\" typeof=\"ListItem\"><a property=\"item\" typeof=\"WebPage\" title=\"Aller \u00e0 Fshds.\" href=\"https:\/\/fshds.fr\/site\" class=\"home\" aria-current=\"page\"><span property=\"name\">Fshds<\/span><\/a><meta property=\"position\" content=\"1\"><\/span><\/div>\n\n\n\n<div style=\"height:50px\" aria-hidden=\"true\" class=\"wp-block-spacer\"><\/div>\n\n\n\n<div class=\"wp-block-columns is-layout-flex wp-container-core-columns-is-layout-9d6595d7 wp-block-columns-is-layout-flex\">\n<div class=\"wp-block-column is-layout-flow wp-block-column-is-layout-flow\" style=\"flex-basis:33.33%\">\n<figure class=\"wp-block-image size-full\"><img loading=\"lazy\" decoding=\"async\" width=\"150\" height=\"150\" src=\"https:\/\/fshds.fr\/2017\/1657266404342\/wp-content\/uploads\/2022\/07\/bressuire.jpg\" alt=\"\" class=\"wp-image-1751\"\/><\/figure>\n<\/div>\n\n\n\n<div class=\"wp-block-column is-vertically-aligned-center is-layout-flow wp-block-column-is-layout-flow\" style=\"flex-basis:66.66%\">\n<p><strong>Fond\u00e9e en 1942<\/strong><\/p>\n\n\n\n<p>Ancienne d\u00e9nomination \u00ab\u00a0Les Amis du Vieux Bressuire\u00a0\u00bb.<br><strong>Affili\u00e9e \u00e0 la F\u00e9d\u00e9ration depuis 1968.<\/strong><\/p>\n\n\n\n<div style=\"height:50px\" aria-hidden=\"true\" class=\"wp-block-spacer\"><\/div>\n\n\n\n<p><strong>Liens :<\/strong><\/p>\n\n\n\n<ul class=\"wp-block-social-links has-icon-color has-icon-background-color is-style-default is-layout-flex wp-block-social-links-is-layout-flex\"><li style=\"color:#ffffff;background-color:#797a7c;\" class=\"wp-social-link wp-social-link-chain has-white-color wp-block-social-link\"><a rel=\"noopener nofollow\" target=\"_blank\" href=\"http:\/\/www.hpb.asso.fr\" class=\"wp-block-social-link-anchor\"><svg width=\"24\" height=\"24\" viewBox=\"0 0 24 24\" version=\"1.1\" xmlns=\"http:\/\/www.w3.org\/2000\/svg\" aria-hidden=\"true\" focusable=\"false\"><path d=\"M15.6,7.2H14v1.5h1.6c2,0,3.7,1.7,3.7,3.7s-1.7,3.7-3.7,3.7H14v1.5h1.6c2.8,0,5.2-2.3,5.2-5.2,0-2.9-2.3-5.2-5.2-5.2zM4.7,12.4c0-2,1.7-3.7,3.7-3.7H10V7.2H8.4c-2.9,0-5.2,2.3-5.2,5.2,0,2.9,2.3,5.2,5.2,5.2H10v-1.5H8.4c-2,0-3.7-1.7-3.7-3.7zm4.6.9h5.3v-1.5H9.3v1.5z\"><\/path><\/svg><span class=\"wp-block-social-link-label screen-reader-text\">Lien<\/span><\/a><\/li>\n\n<li style=\"color:#ffffff;background-color:#797a7c;\" class=\"wp-social-link wp-social-link-facebook has-white-color wp-block-social-link\"><a rel=\"noopener nofollow\" target=\"_blank\" href=\"http:\/\/www.facebook.com\/associationhpb\/\" class=\"wp-block-social-link-anchor\"><svg width=\"24\" height=\"24\" viewBox=\"0 0 24 24\" version=\"1.1\" xmlns=\"http:\/\/www.w3.org\/2000\/svg\" aria-hidden=\"true\" focusable=\"false\"><path d=\"M12 2C6.5 2 2 6.5 2 12c0 5 3.7 9.1 8.4 9.9v-7H7.9V12h2.5V9.8c0-2.5 1.5-3.9 3.8-3.9 1.1 0 2.2.2 2.2.2v2.5h-1.3c-1.2 0-1.6.8-1.6 1.6V12h2.8l-.4 2.9h-2.3v7C18.3 21.1 22 17 22 12c0-5.5-4.5-10-10-10z\"><\/path><\/svg><span class=\"wp-block-social-link-label screen-reader-text\">Facebook<\/span><\/a><\/li><\/ul>\n<\/div>\n<\/div>\n\n\n\n<div class=\"wp-block-columns is-layout-flex wp-container-core-columns-is-layout-9d6595d7 wp-block-columns-is-layout-flex\"><\/div>\n\n\n\n<figure class=\"wp-block-table\"><table><tbody><tr><td><strong>Contact<\/strong><br>3, impasse des Hardilliers<br>79300 BRESSUIRE.<br>E-mail : contact@hpb.asso.fr<br>T\u00e9l\u00e9phone : 06 85 61 05 98 &#8211; 05 49 74 25 75<\/td><td><strong>Pr\u00e9sident :<br><\/strong>M. Guy-Marie LENNE<br><br><strong>La vie de l&rsquo;association<\/strong><br>Conf\u00e9rences<br>Edition de deux bulletins annuels<br>Expositions<br>Animations diverses<br>Les anciennes revues peuvent \u00eatre demand\u00e9es par mail ou \u00e0 l&rsquo;adresse de l&rsquo;association (certains num\u00e9ros sont \u00e9puis\u00e9s), voir sur le site d&rsquo;HPB la page d\u00e9di\u00e9e.<br><br><strong>Nombre de membres :<\/strong> 205<br><strong>Cotisation :<\/strong> 25 \u20ac\/an<\/td><\/tr><\/tbody><\/table><\/figure>\n\n\n\n<p><\/p>\n","protected":false},"excerpt":{"rendered":"<p>Fond\u00e9e en 1942 Ancienne d\u00e9nomination \u00ab\u00a0Les Amis du Vieux Bressuire\u00a0\u00bb.Affili\u00e9e \u00e0 la F\u00e9d\u00e9ration depuis 1968. Liens : Contact3, impasse des Hardilliers79300 BRESSUIRE.E-mail : contact@hpb.asso.frT\u00e9l\u00e9phone : 06 85 61 05 98 &#8211; 05 49 74 25 75 Pr\u00e9sident :M. Guy-Marie LENNE La vie de l&rsquo;associationConf\u00e9rencesEdition de deux bulletins annuelsExpositionsAnimations diversesLes anciennes revues peuvent \u00eatre demand\u00e9es par&hellip; <br \/> <a class=\"read-more\" href=\"https:\/\/fshds.fr\/site\/les-societes-affilies\/histoire-et-patrimoine-du-bressuirais\/\">Lire la suite<\/a><\/p>\n","protected":false},"author":3,"featured_media":0,"parent":12,"menu_order":17,"comment_status":"closed","ping_status":"closed","template":"","meta":{"_seopress_robots_primary_cat":"","_seopress_titles_title":"","_seopress_titles_desc":"","_seopress_robots_index":"","footnotes":""},"class_list":["post-78","page","type-page","status-publish","hentry"],"_links":{"self":[{"href":"https:\/\/fshds.fr\/site\/wp-json\/wp\/v2\/pages\/78","targetHints":{"allow":["GET"]}}],"collection":[{"href":"https:\/\/fshds.fr\/site\/wp-json\/wp\/v2\/pages"}],"about":[{"href":"https:\/\/fshds.fr\/site\/wp-json\/wp\/v2\/types\/page"}],"author":[{"embeddable":true,"href":"https:\/\/fshds.fr\/site\/wp-json\/wp\/v2\/users\/3"}],"replies":[{"embeddable":true,"href":"https:\/\/fshds.fr\/site\/wp-json\/wp\/v2\/comments?post=78"}],"version-history":[{"count":26,"href":"https:\/\/fshds.fr\/site\/wp-json\/wp\/v2\/pages\/78\/revisions"}],"predecessor-version":[{"id":3820,"href":"https:\/\/fshds.fr\/site\/wp-json\/wp\/v2\/pages\/78\/revisions\/3820"}],"up":[{"embeddable":true,"href":"https:\/\/fshds.fr\/site\/wp-json\/wp\/v2\/pages\/12"}],"wp:attachment":[{"href":"https:\/\/fshds.fr\/site\/wp-json\/wp\/v2\/media?parent=78"}],"curies":[{"name":"wp","href":"https:\/\/api.w.org\/{rel}","templated":true}]}}