{"id":74,"date":"2010-07-09T20:27:31","date_gmt":"2010-07-09T18:27:31","guid":{"rendered":"http:\/\/fshds.fr\/2017\/societe-historique-de-parthenay-a-du-pays-de-gatine\/"},"modified":"2025-06-05T18:19:38","modified_gmt":"2025-06-05T16:19:38","slug":"societe-historique-de-parthenay-a-du-pays-de-gatine","status":"publish","type":"page","link":"https:\/\/fshds.fr\/site\/les-societes-affilies\/societe-historique-de-parthenay-a-du-pays-de-gatine\/","title":{"rendered":"SH2PG : Soci\u00e9t\u00e9 Historique de Parthenay &#038; du Pays de G\u00e2tine"},"content":{"rendered":"<div class=\"breadcrumbs align  wp-block-bcn-breadcrumb-trail has-text-color has-background\" vocab=\"https:\/\/schema.org\/\" typeof=\"BreadcrumbList\">\n\t<span><\/span>\n\t<span property=\"itemListElement\" typeof=\"ListItem\"><a property=\"item\" typeof=\"WebPage\" title=\"Aller \u00e0 Fshds.\" href=\"https:\/\/fshds.fr\/site\" class=\"home\" aria-current=\"page\"><span property=\"name\">Fshds<\/span><\/a><meta property=\"position\" content=\"1\"><\/span><\/div>\n\n\n\n<div style=\"height:50px\" aria-hidden=\"true\" class=\"wp-block-spacer\"><\/div>\n\n\n\n<div class=\"wp-block-columns is-layout-flex wp-container-core-columns-is-layout-9d6595d7 wp-block-columns-is-layout-flex\">\n<div class=\"wp-block-column is-layout-flow wp-block-column-is-layout-flow\">\n<figure class=\"wp-block-image size-full\"><img loading=\"lazy\" decoding=\"async\" width=\"150\" height=\"150\" src=\"https:\/\/fshds.fr\/site\/wp-content\/uploads\/2022\/08\/parthenay.jpg\" alt=\"\" class=\"wp-image-1901\"\/><\/figure>\n<\/div>\n\n\n\n<div class=\"wp-block-column is-layout-flow wp-block-column-is-layout-flow\">\n<p><strong>Ancienne d\u00e9nomination<\/strong> :&nbsp; \u00ab\u00a0Patrimoines en G\u00e2tine\u00a0\u00bb<br><em>(fusion-cr\u00e9ation avec Les Amis des Antiquit\u00e9s de Parthenay)<\/em> <strong>en 1984.<\/strong><br><strong>Devient : <\/strong>Soci\u00e9t\u00e9 Historique de Parthenay &amp; du Pays de G\u00e2tine <strong>en 2004<\/strong>.<\/p>\n\n\n\n<p><strong>Affili\u00e9e \u00e0 la F\u00e9d\u00e9ration<\/strong> <strong>depuis 2004<\/strong><\/p>\n\n\n\n<div style=\"height:50px\" aria-hidden=\"true\" class=\"wp-block-spacer\"><\/div>\n\n\n\n<p><strong>Liens :<\/strong><\/p>\n\n\n\n<ul class=\"wp-block-social-links has-icon-color has-icon-background-color is-style-default is-layout-flex wp-block-social-links-is-layout-flex\"><li style=\"color:#ffffff;background-color:#797a7c;\" class=\"wp-social-link wp-social-link-chain has-white-color wp-block-social-link\"><a rel=\"noopener nofollow\" target=\"_blank\" href=\"http:\/\/sh2pg.fr\/\" class=\"wp-block-social-link-anchor\"><svg width=\"24\" height=\"24\" viewBox=\"0 0 24 24\" version=\"1.1\" xmlns=\"http:\/\/www.w3.org\/2000\/svg\" aria-hidden=\"true\" focusable=\"false\"><path d=\"M15.6,7.2H14v1.5h1.6c2,0,3.7,1.7,3.7,3.7s-1.7,3.7-3.7,3.7H14v1.5h1.6c2.8,0,5.2-2.3,5.2-5.2,0-2.9-2.3-5.2-5.2-5.2zM4.7,12.4c0-2,1.7-3.7,3.7-3.7H10V7.2H8.4c-2.9,0-5.2,2.3-5.2,5.2,0,2.9,2.3,5.2,5.2,5.2H10v-1.5H8.4c-2,0-3.7-1.7-3.7-3.7zm4.6.9h5.3v-1.5H9.3v1.5z\"><\/path><\/svg><span class=\"wp-block-social-link-label screen-reader-text\">Lien<\/span><\/a><\/li><\/ul>\n<\/div>\n<\/div>\n\n\n\n<figure class=\"wp-block-table\"><table><tbody><tr><td><strong>Contact<\/strong><br>Maison du patrimoine 29 rue du Ch\u00e2teau 79200 Parthenay<br><br><strong>Courriel :\u00a0<\/strong> <br>SH2PG79200@gmail.com<br><br><strong>T\u00e9l\u00e9phone :<\/strong> 0549949232<\/td><td><strong>Pr\u00e9sident :<br><\/strong>Liliane Blais<br><br><strong>La vie de l&rsquo;association<\/strong><br>Edition d&rsquo;un bulletin annuel<br>Conf\u00e9rences mensuels,&nbsp; congr\u00e8s<br>Publication d&rsquo;ouvrages d&rsquo;arch\u00e9ologie et d&rsquo;histoire dans les collections \u00ab\u00a0Les Cl\u00e9s du Patrimoine\u00a0\u00bb et \u00ab\u00a0Les Cahiers de la Recherche en G\u00e2tine\u00a0\u00bb<br><br><strong>Nombre de membres :<\/strong> &#8211;<br><strong>Cotisation :&nbsp;<\/strong>25 \u20ac\/an (adh\u00e9sion + bulletin)<\/td><\/tr><\/tbody><\/table><\/figure>\n","protected":false},"excerpt":{"rendered":"<p>Ancienne d\u00e9nomination :&nbsp; \u00ab\u00a0Patrimoines en G\u00e2tine\u00a0\u00bb(fusion-cr\u00e9ation avec Les Amis des Antiquit\u00e9s de Parthenay) en 1984.Devient : Soci\u00e9t\u00e9 Historique de Parthenay &amp; du Pays de G\u00e2tine en 2004. Affili\u00e9e \u00e0 la F\u00e9d\u00e9ration depuis 2004 Liens : ContactMaison du patrimoine 29 rue du Ch\u00e2teau 79200 Parthenay Courriel :\u00a0 SH2PG79200@gmail.com T\u00e9l\u00e9phone : 0549949232 Pr\u00e9sident :Liliane Blais La vie&hellip; <br \/> <a class=\"read-more\" href=\"https:\/\/fshds.fr\/site\/les-societes-affilies\/societe-historique-de-parthenay-a-du-pays-de-gatine\/\">Lire la suite<\/a><\/p>\n","protected":false},"author":1,"featured_media":0,"parent":12,"menu_order":2,"comment_status":"closed","ping_status":"closed","template":"","meta":{"_seopress_robots_primary_cat":"","_seopress_titles_title":"","_seopress_titles_desc":"","_seopress_robots_index":"","footnotes":""},"class_list":["post-74","page","type-page","status-publish","hentry"],"_links":{"self":[{"href":"https:\/\/fshds.fr\/site\/wp-json\/wp\/v2\/pages\/74","targetHints":{"allow":["GET"]}}],"collection":[{"href":"https:\/\/fshds.fr\/site\/wp-json\/wp\/v2\/pages"}],"about":[{"href":"https:\/\/fshds.fr\/site\/wp-json\/wp\/v2\/types\/page"}],"author":[{"embeddable":true,"href":"https:\/\/fshds.fr\/site\/wp-json\/wp\/v2\/users\/1"}],"replies":[{"embeddable":true,"href":"https:\/\/fshds.fr\/site\/wp-json\/wp\/v2\/comments?post=74"}],"version-history":[{"count":19,"href":"https:\/\/fshds.fr\/site\/wp-json\/wp\/v2\/pages\/74\/revisions"}],"predecessor-version":[{"id":3991,"href":"https:\/\/fshds.fr\/site\/wp-json\/wp\/v2\/pages\/74\/revisions\/3991"}],"up":[{"embeddable":true,"href":"https:\/\/fshds.fr\/site\/wp-json\/wp\/v2\/pages\/12"}],"wp:attachment":[{"href":"https:\/\/fshds.fr\/site\/wp-json\/wp\/v2\/media?parent=74"}],"curies":[{"name":"wp","href":"https:\/\/api.w.org\/{rel}","templated":true}]}}