{"id":73,"date":"2010-07-07T19:32:05","date_gmt":"2010-07-07T17:32:05","guid":{"rendered":"http:\/\/fshds.fr\/2017\/shsds-societe-historique-et-scientifique-des-deux-sevres\/"},"modified":"2023-03-24T11:39:57","modified_gmt":"2023-03-24T10:39:57","slug":"shsds-societe-historique-et-scientifique-des-deux-sevres","status":"publish","type":"page","link":"https:\/\/fshds.fr\/site\/les-societes-affilies\/shsds-societe-historique-et-scientifique-des-deux-sevres\/","title":{"rendered":"SHSDS : Soci\u00e9t\u00e9 Historique et Scientifique des Deux-S\u00e8vres"},"content":{"rendered":"\n<div class=\"wp-block-columns is-layout-flex wp-container-core-columns-is-layout-9d6595d7 wp-block-columns-is-layout-flex\">\n<div class=\"wp-block-column is-layout-flow wp-block-column-is-layout-flow\">\n<figure class=\"wp-block-image size-full\"><img loading=\"lazy\" decoding=\"async\" width=\"150\" height=\"150\" src=\"https:\/\/fshds.fr\/site\/wp-content\/uploads\/2022\/08\/niort.jpg\" alt=\"\" class=\"wp-image-1902\"\/><\/figure>\n<\/div>\n\n\n\n<div class=\"wp-block-column is-layout-flow wp-block-column-is-layout-flow\">\n<p><strong>Fond\u00e9e <\/strong>en 1904 pour succ\u00e9der \u00e0 la Soci\u00e9t\u00e9 de Statistiques des Deux-S\u00e8vres (1836-1892)<\/p>\n\n\n\n<p><strong>Affili\u00e9e \u00e0 la F\u00e9d\u00e9ration depuis 1968<\/strong><\/p>\n\n\n\n<p><strong>Liens :<\/strong><\/p>\n\n\n\n<ul class=\"wp-block-social-links has-icon-color has-icon-background-color is-style-default is-layout-flex wp-block-social-links-is-layout-flex\"><li style=\"color:#ffffff;background-color:#797a7c;\" class=\"wp-social-link wp-social-link-chain has-white-color wp-block-social-link\"><a rel=\"noopener nofollow\" target=\"_blank\" href=\"http:\/\/shsds.fr\/\" class=\"wp-block-social-link-anchor\"><svg width=\"24\" height=\"24\" viewBox=\"0 0 24 24\" version=\"1.1\" xmlns=\"http:\/\/www.w3.org\/2000\/svg\" aria-hidden=\"true\" focusable=\"false\"><path d=\"M15.6,7.2H14v1.5h1.6c2,0,3.7,1.7,3.7,3.7s-1.7,3.7-3.7,3.7H14v1.5h1.6c2.8,0,5.2-2.3,5.2-5.2,0-2.9-2.3-5.2-5.2-5.2zM4.7,12.4c0-2,1.7-3.7,3.7-3.7H10V7.2H8.4c-2.9,0-5.2,2.3-5.2,5.2,0,2.9,2.3,5.2,5.2,5.2H10v-1.5H8.4c-2,0-3.7-1.7-3.7-3.7zm4.6.9h5.3v-1.5H9.3v1.5z\"><\/path><\/svg><span class=\"wp-block-social-link-label screen-reader-text\">Lien<\/span><\/a><\/li><\/ul>\n<\/div>\n<\/div>\n\n\n\n<figure class=\"wp-block-table\"><table><tbody><tr><td><strong>Contact<\/strong> :<br>4, rue Jean Mac\u00e9 79000 NIORT<br><br><strong>E-mail<\/strong> : societe.historique79@gmail.com<\/td><td><strong>Pr\u00e9sidente :<\/strong><br>Fabienne TEXIER<br>fab.texier@gmail.com<br><br><strong>La vie de l&rsquo;association<\/strong><br>S\u00e9ances mensuelles avec communications scientifiques, chaque troisi\u00e8me mercredi du mois \u00e0 18h, \u00e0 l&rsquo;auditorium de la M\u00e9diath\u00e8que Pierre-Moinot, 1bd Main, 79000 NIORT.<br>Deux sorties p\u00e9r\u00e9grines par an.<br>\u00c9dition d&rsquo;un bulletin semestriel.<br>Participation \u00e0 des expositions et autres activit\u00e9s culturelles.<br>Publications d&rsquo;ouvrages.<br><br><strong>Nombre de membres :<\/strong> 100<br><strong>Cotisation :<\/strong><br>&#8211;<strong> <\/strong>individuelle : 50 \u20ac\/an <br>&#8211; \u00e9tudiant : 20 \u20ac\/an<br>&#8211; membre bienfaiteur : + de 50\u20ac\/an<br>L&rsquo;adh\u00e9sion comprend le bulletin de l&rsquo;ann\u00e9e.<br>La SHSDS \u00e9tant une association reconnue d\u2019utilit\u00e9 publique, un re\u00e7u fiscal vous sera remis.<br><\/td><\/tr><\/tbody><\/table><\/figure>\n","protected":false},"excerpt":{"rendered":"<p>Fond\u00e9e en 1904 pour succ\u00e9der \u00e0 la Soci\u00e9t\u00e9 de Statistiques des Deux-S\u00e8vres (1836-1892) Affili\u00e9e \u00e0 la F\u00e9d\u00e9ration depuis 1968 Liens : Contact :4, rue Jean Mac\u00e9 79000 NIORT E-mail : societe.historique79@gmail.com Pr\u00e9sidente :Fabienne TEXIERfab.texier@gmail.com La vie de l&rsquo;associationS\u00e9ances mensuelles avec communications scientifiques, chaque troisi\u00e8me mercredi du mois \u00e0 18h, \u00e0 l&rsquo;auditorium de la M\u00e9diath\u00e8que Pierre-Moinot,&hellip; <br \/> <a class=\"read-more\" href=\"https:\/\/fshds.fr\/site\/les-societes-affilies\/shsds-societe-historique-et-scientifique-des-deux-sevres\/\">Lire la suite<\/a><\/p>\n","protected":false},"author":12,"featured_media":0,"parent":12,"menu_order":1,"comment_status":"closed","ping_status":"closed","template":"","meta":{"_seopress_robots_primary_cat":"","_seopress_titles_title":"","_seopress_titles_desc":"","_seopress_robots_index":"","footnotes":""},"class_list":["post-73","page","type-page","status-publish","hentry"],"_links":{"self":[{"href":"https:\/\/fshds.fr\/site\/wp-json\/wp\/v2\/pages\/73","targetHints":{"allow":["GET"]}}],"collection":[{"href":"https:\/\/fshds.fr\/site\/wp-json\/wp\/v2\/pages"}],"about":[{"href":"https:\/\/fshds.fr\/site\/wp-json\/wp\/v2\/types\/page"}],"author":[{"embeddable":true,"href":"https:\/\/fshds.fr\/site\/wp-json\/wp\/v2\/users\/12"}],"replies":[{"embeddable":true,"href":"https:\/\/fshds.fr\/site\/wp-json\/wp\/v2\/comments?post=73"}],"version-history":[{"count":15,"href":"https:\/\/fshds.fr\/site\/wp-json\/wp\/v2\/pages\/73\/revisions"}],"predecessor-version":[{"id":2795,"href":"https:\/\/fshds.fr\/site\/wp-json\/wp\/v2\/pages\/73\/revisions\/2795"}],"up":[{"embeddable":true,"href":"https:\/\/fshds.fr\/site\/wp-json\/wp\/v2\/pages\/12"}],"wp:attachment":[{"href":"https:\/\/fshds.fr\/site\/wp-json\/wp\/v2\/media?parent=73"}],"curies":[{"name":"wp","href":"https:\/\/api.w.org\/{rel}","templated":true}]}}