{"id":71,"date":"2010-07-07T19:08:55","date_gmt":"2010-07-07T17:08:55","guid":{"rendered":"http:\/\/fshds.fr\/2017\/accueil\/"},"modified":"2025-05-30T18:29:57","modified_gmt":"2025-05-30T16:29:57","slug":"accueil","status":"publish","type":"page","link":"https:\/\/fshds.fr\/site\/","title":{"rendered":"Accueil"},"content":{"rendered":"<form role=\"search\" method=\"get\" action=\"https:\/\/fshds.fr\/site\/\" class=\"wp-block-search__button-outside wp-block-search__icon-button alignright wp-block-search\"    ><label class=\"wp-block-search__label\" for=\"wp-block-search__input-1\" >Rechercher<\/label><div class=\"wp-block-search__inside-wrapper\"  style=\"width: 462px\"><input class=\"wp-block-search__input\" id=\"wp-block-search__input-1\" placeholder=\"\" value=\"\" type=\"search\" name=\"s\" required \/><button aria-label=\"Rechercher\" class=\"wp-block-search__button has-icon wp-element-button\" type=\"submit\" ><svg class=\"search-icon\" viewBox=\"0 0 24 24\" width=\"24\" height=\"24\">\n\t\t\t\t\t<path d=\"M13 5c-3.3 0-6 2.7-6 6 0 1.4.5 2.7 1.3 3.7l-3.8 3.8 1.1 1.1 3.8-3.8c1 .8 2.3 1.3 3.7 1.3 3.3 0 6-2.7 6-6S16.3 5 13 5zm0 10.5c-2.5 0-4.5-2-4.5-4.5s2-4.5 4.5-4.5 4.5 2 4.5 4.5-2 4.5-4.5 4.5z\"><\/path>\n\t\t\t\t<\/svg><\/button><\/div><\/form>\n\n<h2>Actualit\u00e9s<\/h2>\n\t<div class=\"wpnawfree-plugin news-clearfix \" id=\"wpnw-news-1\">\r\n\r\n\t\t\r\n\t\t\t<div id=\"post-4530\" class=\"news type-news wpnaw-blog-class has-date news-col-3 wpnaw-first\">\r\n\t\t\t\t<div class=\"news-inner-wrap-view news-clearfix \">\r\n\r\n\t\t\t\t\t\t\t\t\t\t<div class=\"news-thumb\">\r\n\t\t\t\t\t\t\t\t\t\t\t\t\t<div class=\"grid-news-thumb\">\r\n\t\t\t\t\t\t\t\t<a href=\"https:\/\/fshds.fr\/site\/news\/journal-sanctus-maixentus-n-17\/\"><img loading=\"lazy\" decoding=\"async\" width=\"608\" height=\"614\" src=\"https:\/\/fshds.fr\/site\/wp-content\/uploads\/2026\/04\/Capture-decran-2026-04-05-190536.png\" class=\"attachment-medium_large size-medium_large wp-post-image\" alt=\"\" \/><\/a>\r\n\t\t\t\t\t\t\t<\/div>\r\n\t\t\t\t\t\t\t\t\t\t\t<\/div>\r\n\t\t\t\t\t\r\n\t\t\t\t\t<div class=\"news-content\">\r\n\t\t\t\t\t\t\t\t\t\t\t\t\t<div class=\"grid-date-post\">\r\n\t\t\t\t\t\t\t\t5 avril 2026\t\t\t\t\t\t\t<\/div>\r\n\t\t\t\t\t\t\r\n\t\t\t\t\t\t<div class=\"post-content-text\">\r\n\t\t\t\t\t\t\t<h3 class=\"news-title\"><a href=\"https:\/\/fshds.fr\/site\/news\/journal-sanctus-maixentus-n-17\/\" rel=\"bookmark\">Journal Sanctus Maixentus n\u00b0 17<\/a><\/h3>\t\t\t\t\t\t\t\t<div class=\"news-content-excerpt\">\r\n\t\t\t\t\t\t\t\t\t\t\t\t\t\t\t\t\t\t\t<div class=\"news-short-content\">\r\n\t\t\t\t\t\t\t\t\t\t\tjournal sm 17T\u00e9l\u00e9charger\t\t\t\t\t\t\t\t\t\t<\/div>\r\n\t\t\t\t\t\t\t\t\t\t<a href=\"https:\/\/fshds.fr\/site\/news\/journal-sanctus-maixentus-n-17\/\" class=\"news-more-link\">En savoir plus<\/a>\r\n\t\t\t\t\t\t\t\t\t\t\t\t\t\t\t\t\t<\/div><!-- .entry-content -->\r\n\t\t\t\t\t\t\t\t\t\t\t\t\t<\/div>\r\n\t\t\t\t\t<\/div>\r\n\t\t\t\t<\/div><!-- #post-## -->\r\n\t\t\t<\/div><!-- #post-## -->\r\n\t\t\r\n\t\t\t<div id=\"post-4488\" class=\"news type-news wpnaw-blog-class has-date news-col-3\">\r\n\t\t\t\t<div class=\"news-inner-wrap-view news-clearfix \">\r\n\r\n\t\t\t\t\t\t\t\t\t\t<div class=\"news-thumb\">\r\n\t\t\t\t\t\t\t\t\t\t\t\t\t<div class=\"grid-news-thumb\">\r\n\t\t\t\t\t\t\t\t<a href=\"https:\/\/fshds.fr\/site\/news\/sh2pg\/\"><img loading=\"lazy\" decoding=\"async\" width=\"484\" height=\"342\" src=\"https:\/\/fshds.fr\/site\/wp-content\/uploads\/2026\/03\/couverture_tome_11-1.jpg\" class=\"attachment-medium_large size-medium_large wp-post-image\" alt=\"\" \/><\/a>\r\n\t\t\t\t\t\t\t<\/div>\r\n\t\t\t\t\t\t\t\t\t\t\t<\/div>\r\n\t\t\t\t\t\r\n\t\t\t\t\t<div class=\"news-content\">\r\n\t\t\t\t\t\t\t\t\t\t\t\t\t<div class=\"grid-date-post\">\r\n\t\t\t\t\t\t\t\t23 mars 2026\t\t\t\t\t\t\t<\/div>\r\n\t\t\t\t\t\t\r\n\t\t\t\t\t\t<div class=\"post-content-text\">\r\n\t\t\t\t\t\t\t<h3 class=\"news-title\"><a href=\"https:\/\/fshds.fr\/site\/news\/sh2pg\/\" rel=\"bookmark\">SH2PG<\/a><\/h3>\t\t\t\t\t\t\t\t<div class=\"news-content-excerpt\">\r\n\t\t\t\t\t\t\t\t\t\t\t\t\t\t\t\t\t\t\t<div class=\"news-short-content\">\r\n\t\t\t\t\t\t\t\t\t\t\tA LIRE... Les tomes 9, 10 &amp; 11 des Chroniques G\u00e2tinelles sont publi\u00e9s. - Tome 9&nbsp;: \u00ab&nbsp;Le XIXe si\u00e8cle \u00e0...\t\t\t\t\t\t\t\t\t\t<\/div>\r\n\t\t\t\t\t\t\t\t\t\t<a href=\"https:\/\/fshds.fr\/site\/news\/sh2pg\/\" class=\"news-more-link\">En savoir plus<\/a>\r\n\t\t\t\t\t\t\t\t\t\t\t\t\t\t\t\t\t<\/div><!-- .entry-content -->\r\n\t\t\t\t\t\t\t\t\t\t\t\t\t<\/div>\r\n\t\t\t\t\t<\/div>\r\n\t\t\t\t<\/div><!-- #post-## -->\r\n\t\t\t<\/div><!-- #post-## -->\r\n\t\t\r\n\t\t\t<div id=\"post-4470\" class=\"news type-news wpnaw-blog-class has-date news-col-3 wpnaw-last\">\r\n\t\t\t\t<div class=\"news-inner-wrap-view news-clearfix \">\r\n\r\n\t\t\t\t\t\t\t\t\t\t<div class=\"news-thumb\">\r\n\t\t\t\t\t\t\t\t\t\t\t\t\t<div class=\"grid-news-thumb\">\r\n\t\t\t\t\t\t\t\t<a href=\"https:\/\/fshds.fr\/site\/news\/conference-de-la-societe-historique-de-parthenay-du-pays-de-gatine-le-vendredi-3-avril-a-17h30-a-la-maison-du-temps-libre-rue-clement-ader-parthenay\/\"><img loading=\"lazy\" decoding=\"async\" width=\"768\" height=\"533\" src=\"https:\/\/fshds.fr\/site\/wp-content\/uploads\/2026\/03\/Image-lapie_Sance-768x533.jpg\" class=\"attachment-medium_large size-medium_large wp-post-image\" alt=\"\" srcset=\"https:\/\/fshds.fr\/site\/wp-content\/uploads\/2026\/03\/Image-lapie_Sance-768x533.jpg 768w, https:\/\/fshds.fr\/site\/wp-content\/uploads\/2026\/03\/Image-lapie_Sance-632x439.jpg 632w, https:\/\/fshds.fr\/site\/wp-content\/uploads\/2026\/03\/Image-lapie_Sance.jpg 884w\" sizes=\"auto, (max-width: 768px) 100vw, 768px\" \/><\/a>\r\n\t\t\t\t\t\t\t<\/div>\r\n\t\t\t\t\t\t\t\t\t\t\t<\/div>\r\n\t\t\t\t\t\r\n\t\t\t\t\t<div class=\"news-content\">\r\n\t\t\t\t\t\t\t\t\t\t\t\t\t<div class=\"grid-date-post\">\r\n\t\t\t\t\t\t\t\t23 mars 2026\t\t\t\t\t\t\t<\/div>\r\n\t\t\t\t\t\t\r\n\t\t\t\t\t\t<div class=\"post-content-text\">\r\n\t\t\t\t\t\t\t<h3 class=\"news-title\"><a href=\"https:\/\/fshds.fr\/site\/news\/conference-de-la-societe-historique-de-parthenay-du-pays-de-gatine-le-vendredi-3-avril-a-17h30-a-la-maison-du-temps-libre-rue-clement-ader-parthenay\/\" rel=\"bookmark\">La pie, par Yvonne Nordey (d\u2019apr\u00e8s Claude Monet)<\/a><\/h3>\t\t\t\t\t\t\t\t<div class=\"news-content-excerpt\">\r\n\t\t\t\t\t\t\t\t\t\t\t\t\t\t\t\t\t\t\t<div class=\"news-short-content\">\r\n\t\t\t\t\t\t\t\t\t\t\t\u00ab Vivre avec le refroidissement climatique : l\u2019ann\u00e9e 1709 dans la France de l\u2019ouest \u00bb\npar Beno\u00eet Sanc\u00e9\n\t\t\t\t\t\t\t\t\t\t<\/div>\r\n\t\t\t\t\t\t\t\t\t\t<a href=\"https:\/\/fshds.fr\/site\/news\/conference-de-la-societe-historique-de-parthenay-du-pays-de-gatine-le-vendredi-3-avril-a-17h30-a-la-maison-du-temps-libre-rue-clement-ader-parthenay\/\" class=\"news-more-link\">En savoir plus<\/a>\r\n\t\t\t\t\t\t\t\t\t\t\t\t\t\t\t\t\t<\/div><!-- .entry-content -->\r\n\t\t\t\t\t\t\t\t\t\t\t\t\t<\/div>\r\n\t\t\t\t\t<\/div>\r\n\t\t\t\t<\/div><!-- #post-## -->\r\n\t\t\t<\/div><!-- #post-## -->\r\n\t\t\r\n\t\t\t<div id=\"post-4461\" class=\"news type-news wpnaw-blog-class has-date news-col-3 wpnaw-first\">\r\n\t\t\t\t<div class=\"news-inner-wrap-view news-clearfix \">\r\n\r\n\t\t\t\t\t\t\t\t\t\t<div class=\"news-thumb\">\r\n\t\t\t\t\t\t\t\t\t\t\t\t\t<div class=\"grid-news-thumb\">\r\n\t\t\t\t\t\t\t\t<a href=\"https:\/\/fshds.fr\/site\/news\/assemblee-generale-de-genea79\/\"><img loading=\"lazy\" decoding=\"async\" width=\"411\" height=\"548\" src=\"https:\/\/fshds.fr\/site\/wp-content\/uploads\/2026\/03\/AG-Scille-V2.jpg\" class=\"attachment-medium_large size-medium_large wp-post-image\" alt=\"Assembl\u00e9e g\u00e9n\u00e9rale 2026 G\u00e9n\u00e9a 79\" \/><\/a>\r\n\t\t\t\t\t\t\t<\/div>\r\n\t\t\t\t\t\t\t\t\t\t\t<\/div>\r\n\t\t\t\t\t\r\n\t\t\t\t\t<div class=\"news-content\">\r\n\t\t\t\t\t\t\t\t\t\t\t\t\t<div class=\"grid-date-post\">\r\n\t\t\t\t\t\t\t\t16 mars 2026\t\t\t\t\t\t\t<\/div>\r\n\t\t\t\t\t\t\r\n\t\t\t\t\t\t<div class=\"post-content-text\">\r\n\t\t\t\t\t\t\t<h3 class=\"news-title\"><a href=\"https:\/\/fshds.fr\/site\/news\/assemblee-generale-de-genea79\/\" rel=\"bookmark\">Assembl\u00e9e g\u00e9n\u00e9rale de G\u00e9n\u00e9a79<\/a><\/h3>\t\t\t\t\t\t\t\t<div class=\"news-content-excerpt\">\r\n\t\t\t\t\t\t\t\t\t\t\t\t\t\t\t\t\t\t\t<div class=\"news-short-content\">\r\n\t\t\t\t\t\t\t\t\t\t\tL'assembl\u00e9e g\u00e9n\u00e9rale 2026 aura lieu le samedi 28 mars 2026 \u00e0 9h30 \u00e0 la salle des f\u00eates de Scill\u00e9 -...\t\t\t\t\t\t\t\t\t\t<\/div>\r\n\t\t\t\t\t\t\t\t\t\t<a href=\"https:\/\/fshds.fr\/site\/news\/assemblee-generale-de-genea79\/\" class=\"news-more-link\">En savoir plus<\/a>\r\n\t\t\t\t\t\t\t\t\t\t\t\t\t\t\t\t\t<\/div><!-- .entry-content -->\r\n\t\t\t\t\t\t\t\t\t\t\t\t\t<\/div>\r\n\t\t\t\t\t<\/div>\r\n\t\t\t\t<\/div><!-- #post-## -->\r\n\t\t\t<\/div><!-- #post-## -->\r\n\t\t\r\n\t\t\t<div id=\"post-4457\" class=\"news type-news wpnaw-blog-class has-date news-col-3\">\r\n\t\t\t\t<div class=\"news-inner-wrap-view news-clearfix \">\r\n\r\n\t\t\t\t\t\t\t\t\t\t<div class=\"news-thumb\">\r\n\t\t\t\t\t\t\t\t\t\t\t\t\t<div class=\"grid-news-thumb\">\r\n\t\t\t\t\t\t\t\t<a href=\"https:\/\/fshds.fr\/site\/news\/rencontres-genealogiques-2026\/\"><img loading=\"lazy\" decoding=\"async\" width=\"768\" height=\"533\" src=\"https:\/\/fshds.fr\/site\/wp-content\/uploads\/2026\/03\/Affiche-Rencontres-768x533.jpg\" class=\"attachment-medium_large size-medium_large wp-post-image\" alt=\"Affiche Rencontres g\u00e9n\u00e9alogiques 2026\" srcset=\"https:\/\/fshds.fr\/site\/wp-content\/uploads\/2026\/03\/Affiche-Rencontres-768x533.jpg 768w, https:\/\/fshds.fr\/site\/wp-content\/uploads\/2026\/03\/Affiche-Rencontres-632x438.jpg 632w, https:\/\/fshds.fr\/site\/wp-content\/uploads\/2026\/03\/Affiche-Rencontres.jpg 832w\" sizes=\"auto, (max-width: 768px) 100vw, 768px\" \/><\/a>\r\n\t\t\t\t\t\t\t<\/div>\r\n\t\t\t\t\t\t\t\t\t\t\t<\/div>\r\n\t\t\t\t\t\r\n\t\t\t\t\t<div class=\"news-content\">\r\n\t\t\t\t\t\t\t\t\t\t\t\t\t<div class=\"grid-date-post\">\r\n\t\t\t\t\t\t\t\t16 mars 2026\t\t\t\t\t\t\t<\/div>\r\n\t\t\t\t\t\t\r\n\t\t\t\t\t\t<div class=\"post-content-text\">\r\n\t\t\t\t\t\t\t<h3 class=\"news-title\"><a href=\"https:\/\/fshds.fr\/site\/news\/rencontres-genealogiques-2026\/\" rel=\"bookmark\">Rencontres g\u00e9n\u00e9alogiques 2026<\/a><\/h3>\t\t\t\t\t\t\t\t<div class=\"news-content-excerpt\">\r\n\t\t\t\t\t\t\t\t\t\t\t\t\t\t\t\t\t\t\t<div class=\"news-short-content\">\r\n\t\t\t\t\t\t\t\t\t\t\tR\u00e9servez d\u00e8s \u00e0 pr\u00e9sent le week-end des&nbsp;10 et 11 octobre&nbsp;2026 : Le Cercle g\u00e9n\u00e9alogique des Deux-S\u00e8vres organise sur ces deux...\t\t\t\t\t\t\t\t\t\t<\/div>\r\n\t\t\t\t\t\t\t\t\t\t<a href=\"https:\/\/fshds.fr\/site\/news\/rencontres-genealogiques-2026\/\" class=\"news-more-link\">En savoir plus<\/a>\r\n\t\t\t\t\t\t\t\t\t\t\t\t\t\t\t\t\t<\/div><!-- .entry-content -->\r\n\t\t\t\t\t\t\t\t\t\t\t\t\t<\/div>\r\n\t\t\t\t\t<\/div>\r\n\t\t\t\t<\/div><!-- #post-## -->\r\n\t\t\t<\/div><!-- #post-## -->\r\n\t\t\r\n\t\t\t<div id=\"post-4438\" class=\"news type-news wpnaw-blog-class has-date news-col-3 wpnaw-last\">\r\n\t\t\t\t<div class=\"news-inner-wrap-view news-clearfix \">\r\n\r\n\t\t\t\t\t\t\t\t\t\t<div class=\"news-thumb\">\r\n\t\t\t\t\t\t\t\t\t\t\t\t\t<div class=\"grid-news-thumb\">\r\n\t\t\t\t\t\t\t\t<a href=\"https:\/\/fshds.fr\/site\/news\/reportage\/\"><img loading=\"lazy\" decoding=\"async\" width=\"768\" height=\"577\" src=\"https:\/\/fshds.fr\/site\/wp-content\/uploads\/2026\/03\/IMG_20250413_125010-768x577.jpg\" class=\"attachment-medium_large size-medium_large wp-post-image\" alt=\"\" srcset=\"https:\/\/fshds.fr\/site\/wp-content\/uploads\/2026\/03\/IMG_20250413_125010-768x577.jpg 768w, https:\/\/fshds.fr\/site\/wp-content\/uploads\/2026\/03\/IMG_20250413_125010-632x475.jpg 632w, https:\/\/fshds.fr\/site\/wp-content\/uploads\/2026\/03\/IMG_20250413_125010-1020x766.jpg 1020w, https:\/\/fshds.fr\/site\/wp-content\/uploads\/2026\/03\/IMG_20250413_125010-1536x1154.jpg 1536w, https:\/\/fshds.fr\/site\/wp-content\/uploads\/2026\/03\/IMG_20250413_125010-2048x1538.jpg 2048w, https:\/\/fshds.fr\/site\/wp-content\/uploads\/2026\/03\/IMG_20250413_125010-1024x769.jpg 1024w, https:\/\/fshds.fr\/site\/wp-content\/uploads\/2026\/03\/IMG_20250413_125010-1438x1080.jpg 1438w\" sizes=\"auto, (max-width: 768px) 100vw, 768px\" \/><\/a>\r\n\t\t\t\t\t\t\t<\/div>\r\n\t\t\t\t\t\t\t\t\t\t\t<\/div>\r\n\t\t\t\t\t\r\n\t\t\t\t\t<div class=\"news-content\">\r\n\t\t\t\t\t\t\t\t\t\t\t\t\t<div class=\"grid-date-post\">\r\n\t\t\t\t\t\t\t\t11 mars 2026\t\t\t\t\t\t\t<\/div>\r\n\t\t\t\t\t\t\r\n\t\t\t\t\t\t<div class=\"post-content-text\">\r\n\t\t\t\t\t\t\t<h3 class=\"news-title\"><a href=\"https:\/\/fshds.fr\/site\/news\/reportage\/\" rel=\"bookmark\">Reportage<\/a><\/h3>\t\t\t\t\t\t\t\t<div class=\"news-content-excerpt\">\r\n\t\t\t\t\t\t\t\t\t\t\t\t\t\t\t\t\t\t\t<div class=\"news-short-content\">\r\n\t\t\t\t\t\t\t\t\t\t\tLe reportage r\u00e9alis\u00e9 en avril 2025, lors de l'accueil des descendants qu\u00e9b\u00e9cois, issus de 3 personnes originaires de notre territoire...\t\t\t\t\t\t\t\t\t\t<\/div>\r\n\t\t\t\t\t\t\t\t\t\t<a href=\"https:\/\/fshds.fr\/site\/news\/reportage\/\" class=\"news-more-link\">En savoir plus<\/a>\r\n\t\t\t\t\t\t\t\t\t\t\t\t\t\t\t\t\t<\/div><!-- .entry-content -->\r\n\t\t\t\t\t\t\t\t\t\t\t\t\t<\/div>\r\n\t\t\t\t\t<\/div>\r\n\t\t\t\t<\/div><!-- #post-## -->\r\n\t\t\t<\/div><!-- #post-## -->\r\n\t\t\r\n\t\t\t<div id=\"post-4401\" class=\"news type-news wpnaw-blog-class has-date news-col-3 wpnaw-first\">\r\n\t\t\t\t<div class=\"news-inner-wrap-view news-clearfix \">\r\n\r\n\t\t\t\t\t\t\t\t\t\t<div class=\"news-thumb\">\r\n\t\t\t\t\t\t\t\t\t\t\t\t\t<div class=\"grid-news-thumb\">\r\n\t\t\t\t\t\t\t\t<a href=\"https:\/\/fshds.fr\/site\/news\/conference-la-chatellenie-de-bressuire-une-justice-seigneuriale-a-la-fin-du-moyen-age\/\"><img loading=\"lazy\" decoding=\"async\" width=\"768\" height=\"524\" src=\"https:\/\/fshds.fr\/site\/wp-content\/uploads\/2026\/03\/Vieux-coutumier-du-Poitou-XVe-siecle-Mediatheque-Pierre-Moinot-Niort-ms.-5F-fol.-53r\u00b0-768x524.jpg\" class=\"attachment-medium_large size-medium_large wp-post-image\" alt=\"Vieux coutumier du Poitou, XVe si\u00e8cle, M\u00e9diath\u00e8que Pierre Moinot, Niort, ms. 5F fol. 53r\u00b0\" srcset=\"https:\/\/fshds.fr\/site\/wp-content\/uploads\/2026\/03\/Vieux-coutumier-du-Poitou-XVe-siecle-Mediatheque-Pierre-Moinot-Niort-ms.-5F-fol.-53r\u00b0-768x524.jpg 768w, https:\/\/fshds.fr\/site\/wp-content\/uploads\/2026\/03\/Vieux-coutumier-du-Poitou-XVe-siecle-Mediatheque-Pierre-Moinot-Niort-ms.-5F-fol.-53r\u00b0-632x431.jpg 632w, https:\/\/fshds.fr\/site\/wp-content\/uploads\/2026\/03\/Vieux-coutumier-du-Poitou-XVe-siecle-Mediatheque-Pierre-Moinot-Niort-ms.-5F-fol.-53r\u00b0.jpg 980w\" sizes=\"auto, (max-width: 768px) 100vw, 768px\" \/><\/a>\r\n\t\t\t\t\t\t\t<\/div>\r\n\t\t\t\t\t\t\t\t\t\t\t<\/div>\r\n\t\t\t\t\t\r\n\t\t\t\t\t<div class=\"news-content\">\r\n\t\t\t\t\t\t\t\t\t\t\t\t\t<div class=\"grid-date-post\">\r\n\t\t\t\t\t\t\t\t11 mars 2026\t\t\t\t\t\t\t<\/div>\r\n\t\t\t\t\t\t\r\n\t\t\t\t\t\t<div class=\"post-content-text\">\r\n\t\t\t\t\t\t\t<h3 class=\"news-title\"><a href=\"https:\/\/fshds.fr\/site\/news\/conference-la-chatellenie-de-bressuire-une-justice-seigneuriale-a-la-fin-du-moyen-age\/\" rel=\"bookmark\">Conf\u00e9rence : \u00ab\u00a0La Ch\u00e2tellenie de Bressuire : une justice seigneuriale \u00e0 la fin du Moyen \u00c2ge\u00a0\u00bb<\/a><\/h3>\t\t\t\t\t\t\t\t<div class=\"news-content-excerpt\">\r\n\t\t\t\t\t\t\t\t\t\t\t\t\t\t\t\t\t\t\t<div class=\"news-short-content\">\r\n\t\t\t\t\t\t\t\t\t\t\tSamedi 28 mars 2026,&nbsp;Mme Muriel Bonnaud, docteure de l\u2019Universit\u00e9, donnera une conf\u00e9rence :&nbsp;\u00ab&nbsp;La ch\u00e2tellenie de Bressuire : une justice seigneuriale...\t\t\t\t\t\t\t\t\t\t<\/div>\r\n\t\t\t\t\t\t\t\t\t\t<a href=\"https:\/\/fshds.fr\/site\/news\/conference-la-chatellenie-de-bressuire-une-justice-seigneuriale-a-la-fin-du-moyen-age\/\" class=\"news-more-link\">En savoir plus<\/a>\r\n\t\t\t\t\t\t\t\t\t\t\t\t\t\t\t\t\t<\/div><!-- .entry-content -->\r\n\t\t\t\t\t\t\t\t\t\t\t\t\t<\/div>\r\n\t\t\t\t\t<\/div>\r\n\t\t\t\t<\/div><!-- #post-## -->\r\n\t\t\t<\/div><!-- #post-## -->\r\n\t\t\r\n\t\t\t<div id=\"post-4391\" class=\"news type-news wpnaw-blog-class has-date news-col-3\">\r\n\t\t\t\t<div class=\"news-inner-wrap-view news-clearfix \">\r\n\r\n\t\t\t\t\t\t\t\t\t\t<div class=\"news-thumb\">\r\n\t\t\t\t\t\t\t\t\t\t\t\t\t<div class=\"grid-news-thumb\">\r\n\t\t\t\t\t\t\t\t<a href=\"https:\/\/fshds.fr\/site\/news\/societe-mauzeenne-histoire-et-genealogie-bulletin-219\/\"><img loading=\"lazy\" decoding=\"async\" width=\"768\" height=\"1085\" src=\"https:\/\/fshds.fr\/site\/wp-content\/uploads\/2026\/02\/20260221_120257-768x1085.jpg\" class=\"attachment-medium_large size-medium_large wp-post-image\" alt=\"\" srcset=\"https:\/\/fshds.fr\/site\/wp-content\/uploads\/2026\/02\/20260221_120257-768x1085.jpg 768w, https:\/\/fshds.fr\/site\/wp-content\/uploads\/2026\/02\/20260221_120257-632x893.jpg 632w, https:\/\/fshds.fr\/site\/wp-content\/uploads\/2026\/02\/20260221_120257-764x1080.jpg 764w, https:\/\/fshds.fr\/site\/wp-content\/uploads\/2026\/02\/20260221_120257.jpg 1017w\" sizes=\"auto, (max-width: 768px) 100vw, 768px\" \/><\/a>\r\n\t\t\t\t\t\t\t<\/div>\r\n\t\t\t\t\t\t\t\t\t\t\t<\/div>\r\n\t\t\t\t\t\r\n\t\t\t\t\t<div class=\"news-content\">\r\n\t\t\t\t\t\t\t\t\t\t\t\t\t<div class=\"grid-date-post\">\r\n\t\t\t\t\t\t\t\t21 f\u00e9vrier 2026\t\t\t\t\t\t\t<\/div>\r\n\t\t\t\t\t\t\r\n\t\t\t\t\t\t<div class=\"post-content-text\">\r\n\t\t\t\t\t\t\t<h3 class=\"news-title\"><a href=\"https:\/\/fshds.fr\/site\/news\/societe-mauzeenne-histoire-et-genealogie-bulletin-219\/\" rel=\"bookmark\">Soci\u00e9t\u00e9 Mauz\u00e9enne Histoire et G\u00e9n\u00e9alogie \u2013 bulletin 219<\/a><\/h3>\t\t\t\t\t\t\t\t<div class=\"news-content-excerpt\">\r\n\t\t\t\t\t\t\t\t\t\t\t\t\t\t\t\t\t\t\t<div class=\"news-short-content\">\r\n\t\t\t\t\t\t\t\t\t\t\t\t\t\t\t\t\t\t\t\t\t<\/div>\r\n\t\t\t\t\t\t\t\t\t\t<a href=\"https:\/\/fshds.fr\/site\/news\/societe-mauzeenne-histoire-et-genealogie-bulletin-219\/\" class=\"news-more-link\">En savoir plus<\/a>\r\n\t\t\t\t\t\t\t\t\t\t\t\t\t\t\t\t\t<\/div><!-- .entry-content -->\r\n\t\t\t\t\t\t\t\t\t\t\t\t\t<\/div>\r\n\t\t\t\t\t<\/div>\r\n\t\t\t\t<\/div><!-- #post-## -->\r\n\t\t\t<\/div><!-- #post-## -->\r\n\t\t\r\n\t\t\t<div id=\"post-4341\" class=\"news type-news wpnaw-blog-class has-date news-col-3 wpnaw-last\">\r\n\t\t\t\t<div class=\"news-inner-wrap-view news-clearfix \">\r\n\r\n\t\t\t\t\t\t\t\t\t\t<div class=\"news-thumb\">\r\n\t\t\t\t\t\t\t\t\t\t\t\t\t<div class=\"grid-news-thumb\">\r\n\t\t\t\t\t\t\t\t<a href=\"https:\/\/fshds.fr\/site\/news\/assemblee-generale-annuelle\/\"><img loading=\"lazy\" decoding=\"async\" width=\"768\" height=\"1086\" src=\"https:\/\/fshds.fr\/site\/wp-content\/uploads\/2026\/02\/Couverture-du-livret_page-0001-1-768x1086.jpg\" class=\"attachment-medium_large size-medium_large wp-post-image\" alt=\"\" srcset=\"https:\/\/fshds.fr\/site\/wp-content\/uploads\/2026\/02\/Couverture-du-livret_page-0001-1-768x1086.jpg 768w, https:\/\/fshds.fr\/site\/wp-content\/uploads\/2026\/02\/Couverture-du-livret_page-0001-1-632x894.jpg 632w, https:\/\/fshds.fr\/site\/wp-content\/uploads\/2026\/02\/Couverture-du-livret_page-0001-1-1020x1442.jpg 1020w, https:\/\/fshds.fr\/site\/wp-content\/uploads\/2026\/02\/Couverture-du-livret_page-0001-1-1086x1536.jpg 1086w, https:\/\/fshds.fr\/site\/wp-content\/uploads\/2026\/02\/Couverture-du-livret_page-0001-1-1024x1448.jpg 1024w, https:\/\/fshds.fr\/site\/wp-content\/uploads\/2026\/02\/Couverture-du-livret_page-0001-1-764x1080.jpg 764w, https:\/\/fshds.fr\/site\/wp-content\/uploads\/2026\/02\/Couverture-du-livret_page-0001-1.jpg 1241w\" sizes=\"auto, (max-width: 768px) 100vw, 768px\" \/><\/a>\r\n\t\t\t\t\t\t\t<\/div>\r\n\t\t\t\t\t\t\t\t\t\t\t<\/div>\r\n\t\t\t\t\t\r\n\t\t\t\t\t<div class=\"news-content\">\r\n\t\t\t\t\t\t\t\t\t\t\t\t\t<div class=\"grid-date-post\">\r\n\t\t\t\t\t\t\t\t4 f\u00e9vrier 2026\t\t\t\t\t\t\t<\/div>\r\n\t\t\t\t\t\t\r\n\t\t\t\t\t\t<div class=\"post-content-text\">\r\n\t\t\t\t\t\t\t<h3 class=\"news-title\"><a href=\"https:\/\/fshds.fr\/site\/news\/assemblee-generale-annuelle\/\" rel=\"bookmark\">Assembl\u00e9e G\u00e9n\u00e9rale annuelle de l&rsquo;association Histoire et Patrimoine de Secondigny<\/a><\/h3>\t\t\t\t\t\t\t\t<div class=\"news-content-excerpt\">\r\n\t\t\t\t\t\t\t\t\t\t\t\t\t\t\t\t\t\t\t<div class=\"news-short-content\">\r\n\t\t\t\t\t\t\t\t\t\t\tL\u2019Assembl\u00e9e g\u00e9n\u00e9rale 2026, s'est tenue le samedi 7 mars \u00e0 14h30 \u00e0 Secondigny. Le livret annuel a \u00e9t\u00e9 distribu\u00e9 \u00e0...\t\t\t\t\t\t\t\t\t\t<\/div>\r\n\t\t\t\t\t\t\t\t\t\t<a href=\"https:\/\/fshds.fr\/site\/news\/assemblee-generale-annuelle\/\" class=\"news-more-link\">En savoir plus<\/a>\r\n\t\t\t\t\t\t\t\t\t\t\t\t\t\t\t\t\t<\/div><!-- .entry-content -->\r\n\t\t\t\t\t\t\t\t\t\t\t\t\t<\/div>\r\n\t\t\t\t\t<\/div>\r\n\t\t\t\t<\/div><!-- #post-## -->\r\n\t\t\t<\/div><!-- #post-## -->\r\n\t\t\r\n\t\t\t<div id=\"post-4332\" class=\"news type-news wpnaw-blog-class has-date news-col-3 wpnaw-first\">\r\n\t\t\t\t<div class=\"news-inner-wrap-view news-clearfix \">\r\n\r\n\t\t\t\t\t\t\t\t\t\t<div class=\"news-thumb\">\r\n\t\t\t\t\t\t\t\t\t\t\t\t\t<div class=\"grid-news-thumb\">\r\n\t\t\t\t\t\t\t\t<a href=\"https:\/\/fshds.fr\/site\/news\/sanctus-maixentus-n-16\/\"><img loading=\"lazy\" decoding=\"async\" width=\"758\" height=\"628\" src=\"https:\/\/fshds.fr\/site\/wp-content\/uploads\/2026\/02\/Capture-decran-2026-02-04-151828.png\" class=\"attachment-medium_large size-medium_large wp-post-image\" alt=\"\" srcset=\"https:\/\/fshds.fr\/site\/wp-content\/uploads\/2026\/02\/Capture-decran-2026-02-04-151828.png 758w, https:\/\/fshds.fr\/site\/wp-content\/uploads\/2026\/02\/Capture-decran-2026-02-04-151828-632x524.png 632w\" sizes=\"auto, (max-width: 758px) 100vw, 758px\" \/><\/a>\r\n\t\t\t\t\t\t\t<\/div>\r\n\t\t\t\t\t\t\t\t\t\t\t<\/div>\r\n\t\t\t\t\t\r\n\t\t\t\t\t<div class=\"news-content\">\r\n\t\t\t\t\t\t\t\t\t\t\t\t\t<div class=\"grid-date-post\">\r\n\t\t\t\t\t\t\t\t4 f\u00e9vrier 2026\t\t\t\t\t\t\t<\/div>\r\n\t\t\t\t\t\t\r\n\t\t\t\t\t\t<div class=\"post-content-text\">\r\n\t\t\t\t\t\t\t<h3 class=\"news-title\"><a href=\"https:\/\/fshds.fr\/site\/news\/sanctus-maixentus-n-16\/\" rel=\"bookmark\">Sanctus Maixentus n\u00b0 16<\/a><\/h3>\t\t\t\t\t\t\t\t<div class=\"news-content-excerpt\">\r\n\t\t\t\t\t\t\t\t\t\t\t\t\t\t\t\t\t\t\t<div class=\"news-short-content\">\r\n\t\t\t\t\t\t\t\t\t\t\tjournal sm 16T\u00e9l\u00e9charger\t\t\t\t\t\t\t\t\t\t<\/div>\r\n\t\t\t\t\t\t\t\t\t\t<a href=\"https:\/\/fshds.fr\/site\/news\/sanctus-maixentus-n-16\/\" class=\"news-more-link\">En savoir plus<\/a>\r\n\t\t\t\t\t\t\t\t\t\t\t\t\t\t\t\t\t<\/div><!-- .entry-content -->\r\n\t\t\t\t\t\t\t\t\t\t\t\t\t<\/div>\r\n\t\t\t\t\t<\/div>\r\n\t\t\t\t<\/div><!-- #post-## -->\r\n\t\t\t<\/div><!-- #post-## -->\r\n\t\t\t\t\t<div class=\"news_pagination wpnw-numeric\">\r\n\t\t\t\t<span aria-current=\"page\" class=\"page-numbers current\">1<\/span>\n<a class=\"page-numbers\" href=\"https:\/\/fshds.fr\/site\/wp-json\/wp\/v2\/pages\/71\/page\/2\/#wpnw-news-1\">2<\/a>\n<a class=\"page-numbers\" href=\"https:\/\/fshds.fr\/site\/wp-json\/wp\/v2\/pages\/71\/page\/3\/#wpnw-news-1\">3<\/a>\n<span class=\"page-numbers dots\">\u2026<\/span>\n<a class=\"page-numbers\" href=\"https:\/\/fshds.fr\/site\/wp-json\/wp\/v2\/pages\/71\/page\/11\/#wpnw-news-1\">11<\/a>\n<a class=\"next page-numbers\" href=\"https:\/\/fshds.fr\/site\/wp-json\/wp\/v2\/pages\/71\/page\/2\/#wpnw-news-1\">Suivante &raquo;<\/a>\t\t\t<\/div>\r\n\t\t\t<\/div>\r\n\r\n\t\n\n\n\n<div style=\"height:100px\" aria-hidden=\"true\" class=\"wp-block-spacer\"><\/div>\n","protected":false},"excerpt":{"rendered":"","protected":false},"author":1,"featured_media":0,"parent":0,"menu_order":6,"comment_status":"closed","ping_status":"closed","template":"page-templates\/homepage.php","meta":{"_seopress_robots_primary_cat":"","_seopress_titles_title":"La F\u00e9d\u00e9ration des Soci\u00e9t\u00e9s Savantes & Culturelles des Deux-S\u00e8vres","_seopress_titles_desc":"FHSDS : 13 associations des Deux-S\u00e8vres consacrent leurs travaux et leurs activit\u00e9s \u00e0 la recherche historique, g\u00e9n\u00e9alogique et arch\u00e9ologique.","_seopress_robots_index":"","footnotes":""},"class_list":["post-71","page","type-page","status-publish","hentry"],"_links":{"self":[{"href":"https:\/\/fshds.fr\/site\/wp-json\/wp\/v2\/pages\/71","targetHints":{"allow":["GET"]}}],"collection":[{"href":"https:\/\/fshds.fr\/site\/wp-json\/wp\/v2\/pages"}],"about":[{"href":"https:\/\/fshds.fr\/site\/wp-json\/wp\/v2\/types\/page"}],"author":[{"embeddable":true,"href":"https:\/\/fshds.fr\/site\/wp-json\/wp\/v2\/users\/1"}],"replies":[{"embeddable":true,"href":"https:\/\/fshds.fr\/site\/wp-json\/wp\/v2\/comments?post=71"}],"version-history":[{"count":197,"href":"https:\/\/fshds.fr\/site\/wp-json\/wp\/v2\/pages\/71\/revisions"}],"predecessor-version":[{"id":3987,"href":"https:\/\/fshds.fr\/site\/wp-json\/wp\/v2\/pages\/71\/revisions\/3987"}],"wp:attachment":[{"href":"https:\/\/fshds.fr\/site\/wp-json\/wp\/v2\/media?parent=71"}],"curies":[{"name":"wp","href":"https:\/\/api.w.org\/{rel}","templated":true}]}}