{"id":424,"date":"2017-03-01T11:25:28","date_gmt":"2017-03-01T10:25:28","guid":{"rendered":"http:\/\/fshds.fr\/2017\/?page_id=424"},"modified":"2022-09-30T18:29:24","modified_gmt":"2022-09-30T16:29:24","slug":"ouvrages","status":"publish","type":"page","link":"https:\/\/fshds.fr\/site\/accueil-publication\/ouvrages\/","title":{"rendered":"Ouvrages"},"content":{"rendered":"\n<p><strong>Les deux ouvrages peuvent \u00eatre command\u00e9s<\/strong> <strong>aupr\u00e8s de la F\u00e9d\u00e9ration des Soci\u00e9t\u00e9s savantes et culturelles des Deux-S\u00e8vres,<\/strong><\/p>\n\n\n\n<p><strong>Prix : 10 euros:<\/strong><\/p>\n\n\n\n<p><strong>T\u00e9l : 06 86 84 77 02<\/strong><\/p>\n\n\n\n<p><strong>lenne.guy-marie@orange.fr<\/strong><\/p>\n\n\n\n<p><\/p>\n\n\n\n<div class=\"wp-block-media-text alignwide is-stacked-on-mobile\" style=\"grid-template-columns:15% auto\"><figure class=\"wp-block-media-text__media\"><img loading=\"lazy\" decoding=\"async\" width=\"402\" height=\"567\" src=\"https:\/\/fshds.fr\/site\/wp-content\/uploads\/2017\/03\/grande-guerre-1-de-couv.jpg\" alt=\"\" class=\"wp-image-431 size-full\"\/><\/figure><div class=\"wp-block-media-text__content\">\n<p><strong><a href=\"https:\/\/fshds.fr\/site\/accueil-publication\/ouvrages\/la-grande-guerre-et-les-deux-sevres\/\" data-type=\"page\" data-id=\"426\">La Grande Guerre et les Deux-S\u00e8vres<\/a><\/strong><\/p>\n<\/div><\/div>\n\n\n\n<div style=\"height:43px\" aria-hidden=\"true\" class=\"wp-block-spacer\"><\/div>\n\n\n\n<div class=\"wp-block-media-text alignwide is-stacked-on-mobile\" style=\"grid-template-columns:15% auto\"><figure class=\"wp-block-media-text__media\"><img loading=\"lazy\" decoding=\"async\" width=\"789\" height=\"1180\" src=\"https:\/\/fshds.fr\/site\/wp-content\/uploads\/2017\/02\/les-ds-autour-de-lan-mil-001.jpg\" alt=\"\" class=\"wp-image-295 size-full\" srcset=\"https:\/\/fshds.fr\/site\/wp-content\/uploads\/2017\/02\/les-ds-autour-de-lan-mil-001.jpg 789w, https:\/\/fshds.fr\/site\/wp-content\/uploads\/2017\/02\/les-ds-autour-de-lan-mil-001-632x945.jpg 632w, https:\/\/fshds.fr\/site\/wp-content\/uploads\/2017\/02\/les-ds-autour-de-lan-mil-001-768x1149.jpg 768w\" sizes=\"auto, (max-width: 789px) 100vw, 789px\" \/><\/figure><div class=\"wp-block-media-text__content\">\n<p><strong><a href=\"https:\/\/fshds.fr\/site\/accueil-publication\/ouvrages\/les-deux-sevres-autour-de-lan-mil\/\" data-type=\"page\" data-id=\"428\">Les Deux-S\u00e8vres autour de l&rsquo;an Mil<\/a><\/strong><\/p>\n<\/div><\/div>\n","protected":false},"excerpt":{"rendered":"<p>Les deux ouvrages peuvent \u00eatre command\u00e9s aupr\u00e8s de la F\u00e9d\u00e9ration des Soci\u00e9t\u00e9s savantes et culturelles des Deux-S\u00e8vres, Prix : 10 euros: T\u00e9l : 06 86 84 77 02 lenne.guy-marie@orange.fr La Grande Guerre et les Deux-S\u00e8vres Les Deux-S\u00e8vres autour de l&rsquo;an Mil<\/p>\n","protected":false},"author":1,"featured_media":0,"parent":103,"menu_order":0,"comment_status":"closed","ping_status":"closed","template":"","meta":{"_seopress_robots_primary_cat":"","_seopress_titles_title":"","_seopress_titles_desc":"","_seopress_robots_index":"","footnotes":""},"class_list":["post-424","page","type-page","status-publish","hentry"],"_links":{"self":[{"href":"https:\/\/fshds.fr\/site\/wp-json\/wp\/v2\/pages\/424","targetHints":{"allow":["GET"]}}],"collection":[{"href":"https:\/\/fshds.fr\/site\/wp-json\/wp\/v2\/pages"}],"about":[{"href":"https:\/\/fshds.fr\/site\/wp-json\/wp\/v2\/types\/page"}],"author":[{"embeddable":true,"href":"https:\/\/fshds.fr\/site\/wp-json\/wp\/v2\/users\/1"}],"replies":[{"embeddable":true,"href":"https:\/\/fshds.fr\/site\/wp-json\/wp\/v2\/comments?post=424"}],"version-history":[{"count":6,"href":"https:\/\/fshds.fr\/site\/wp-json\/wp\/v2\/pages\/424\/revisions"}],"predecessor-version":[{"id":2388,"href":"https:\/\/fshds.fr\/site\/wp-json\/wp\/v2\/pages\/424\/revisions\/2388"}],"up":[{"embeddable":true,"href":"https:\/\/fshds.fr\/site\/wp-json\/wp\/v2\/pages\/103"}],"wp:attachment":[{"href":"https:\/\/fshds.fr\/site\/wp-json\/wp\/v2\/media?parent=424"}],"curies":[{"name":"wp","href":"https:\/\/api.w.org\/{rel}","templated":true}]}}