{"id":4093,"date":"2025-08-26T15:27:37","date_gmt":"2025-08-26T13:27:37","guid":{"rendered":"https:\/\/fshds.fr\/site\/?page_id=4093"},"modified":"2025-10-05T18:48:26","modified_gmt":"2025-10-05T16:48:26","slug":"7e-journee-de-lhistoire-en-deux-sevres","status":"publish","type":"page","link":"https:\/\/fshds.fr\/site\/congres\/7e-journee-de-lhistoire-en-deux-sevres\/","title":{"rendered":"7e Journ\u00e9e de l&rsquo;Histoire en Deux-S\u00e8vres 2025"},"content":{"rendered":"\n<p><\/p>\n\n\n<div class=\"wp-block-image\">\n<figure class=\"aligncenter size-large is-resized\"><img loading=\"lazy\" decoding=\"async\" width=\"1020\" height=\"721\" src=\"https:\/\/fshds.fr\/site\/wp-content\/uploads\/2025\/08\/affiche-7eme-journee-Parthenay-1-1020x721.jpg\" alt=\"\" class=\"wp-image-4107\" style=\"width:434px;height:auto\" srcset=\"https:\/\/fshds.fr\/site\/wp-content\/uploads\/2025\/08\/affiche-7eme-journee-Parthenay-1-1020x721.jpg 1020w, https:\/\/fshds.fr\/site\/wp-content\/uploads\/2025\/08\/affiche-7eme-journee-Parthenay-1-632x447.jpg 632w, https:\/\/fshds.fr\/site\/wp-content\/uploads\/2025\/08\/affiche-7eme-journee-Parthenay-1-768x543.jpg 768w, https:\/\/fshds.fr\/site\/wp-content\/uploads\/2025\/08\/affiche-7eme-journee-Parthenay-1-1536x1086.jpg 1536w, https:\/\/fshds.fr\/site\/wp-content\/uploads\/2025\/08\/affiche-7eme-journee-Parthenay-1-2048x1448.jpg 2048w, https:\/\/fshds.fr\/site\/wp-content\/uploads\/2025\/08\/affiche-7eme-journee-Parthenay-1-1024x724.jpg 1024w, https:\/\/fshds.fr\/site\/wp-content\/uploads\/2025\/08\/affiche-7eme-journee-Parthenay-1-1527x1080.jpg 1527w\" sizes=\"auto, (max-width: 1020px) 100vw, 1020px\" \/><\/figure>\n<\/div>\n\n\n<p class=\"has-text-align-left\">La 7e Journ\u00e9e de l&rsquo;Histoire en Deux-S\u00e8vres s&rsquo;est d\u00e9roul\u00e9e dimanche 5 octobre en pr\u00e9sence d&rsquo;une soixantaine de participants, accueillis par la Soci\u00e9t\u00e9 d&rsquo;Histoire de Parthenay et du Pays de G\u00e2tine et sa pr\u00e9sidente Mme Liliane Blais.<\/p>\n\n\n\n<p>Quatre communications ont ponctu\u00e9 la matin\u00e9e  sur le th\u00e8me de \u00ab\u00a0L&rsquo;imm\u00e9diat apr\u00e8s-guerre\u00a0\u00bb<\/p>\n\n\n\n<ul class=\"wp-block-list\">\n<li>M. Yves Drillaud (SH2PG) a \u00e9voqu\u00e9 \u00ab\u00a0La pr\u00e9sence militaire \u00e0 Parthenay (1945-1947)<\/li>\n\n\n\n<li>M. Gille Hamel (RPP) a pr\u00e9sent\u00e9 \u00ab\u00a0Gourg\u00e9 : un apr\u00e8s-guerre difficile et douloureux\u00a0\u00bb<\/li>\n\n\n\n<li>Mme Marie-Claude Bakkal-Lagarde (SHAVS) a parl\u00e9 du \u00ab\u00a0Retour d&rsquo;Allemagne, tourner la page apr\u00e8s des mois et des ann\u00e9es d&rsquo;absence\u00a0\u00bb<\/li>\n\n\n\n<li>M. Didier Guillois (SHAAPT) a d\u00e9velopp\u00e9 le th\u00e8me de \u00ab\u00a0La Philat\u00e9lie (1940-1944), un outil de propagande. Les surcharges sur les timbres de l&rsquo;Etat fran\u00e7ais\u00a0\u00bb<\/li>\n<\/ul>\n\n\n\n<p>L&rsquo;apr\u00e8s-midi, a \u00e9t\u00e9 consacr\u00e9 \u00e0 une visite guid\u00e9e du mus\u00e9e d&rsquo;art et d&rsquo;histoire de Parthenay par sa directrice, Mme Marie Rivallin qui a su montrer les richesses des collections du mus\u00e9e dont une partie a \u00e9t\u00e9 r\u00e9am\u00e9nag\u00e9e r\u00e9cemment.<\/p>\n\n\n\n<div class=\"wp-block-columns is-layout-flex wp-container-core-columns-is-layout-9d6595d7 wp-block-columns-is-layout-flex\">\n<div class=\"wp-block-column is-layout-flow wp-block-column-is-layout-flow\" style=\"flex-basis:33.33%\">\n<figure class=\"wp-block-image size-full\"><img loading=\"lazy\" decoding=\"async\" width=\"916\" height=\"1296\" src=\"https:\/\/fshds.fr\/site\/wp-content\/uploads\/2025\/10\/20251005_095734-1.jpg\" alt=\"\" class=\"wp-image-4144\" srcset=\"https:\/\/fshds.fr\/site\/wp-content\/uploads\/2025\/10\/20251005_095734-1.jpg 916w, https:\/\/fshds.fr\/site\/wp-content\/uploads\/2025\/10\/20251005_095734-1-632x894.jpg 632w, https:\/\/fshds.fr\/site\/wp-content\/uploads\/2025\/10\/20251005_095734-1-768x1087.jpg 768w, https:\/\/fshds.fr\/site\/wp-content\/uploads\/2025\/10\/20251005_095734-1-763x1080.jpg 763w\" sizes=\"auto, (max-width: 916px) 100vw, 916px\" \/><\/figure>\n<\/div>\n\n\n\n<div class=\"wp-block-column is-layout-flow wp-block-column-is-layout-flow\" style=\"flex-basis:66.66%\"><div class=\"wp-block-image\">\n<figure class=\"aligncenter size-full\"><img loading=\"lazy\" decoding=\"async\" width=\"1000\" height=\"563\" src=\"https:\/\/fshds.fr\/site\/wp-content\/uploads\/2025\/10\/20251005_095900.jpg\" alt=\"\" class=\"wp-image-4145\" srcset=\"https:\/\/fshds.fr\/site\/wp-content\/uploads\/2025\/10\/20251005_095900.jpg 1000w, https:\/\/fshds.fr\/site\/wp-content\/uploads\/2025\/10\/20251005_095900-632x356.jpg 632w, https:\/\/fshds.fr\/site\/wp-content\/uploads\/2025\/10\/20251005_095900-768x432.jpg 768w\" sizes=\"auto, (max-width: 1000px) 100vw, 1000px\" \/><\/figure>\n<\/div><\/div>\n<\/div>\n\n\n\n<div class=\"wp-block-columns is-layout-flex wp-container-core-columns-is-layout-9d6595d7 wp-block-columns-is-layout-flex\">\n<div class=\"wp-block-column is-layout-flow wp-block-column-is-layout-flow\" style=\"flex-basis:66.66%\">\n<figure class=\"wp-block-image size-full\"><img loading=\"lazy\" decoding=\"async\" width=\"1000\" height=\"563\" src=\"https:\/\/fshds.fr\/site\/wp-content\/uploads\/2025\/10\/20251005_111243-1.jpg\" alt=\"\" class=\"wp-image-4151\" srcset=\"https:\/\/fshds.fr\/site\/wp-content\/uploads\/2025\/10\/20251005_111243-1.jpg 1000w, https:\/\/fshds.fr\/site\/wp-content\/uploads\/2025\/10\/20251005_111243-1-632x356.jpg 632w, https:\/\/fshds.fr\/site\/wp-content\/uploads\/2025\/10\/20251005_111243-1-768x432.jpg 768w\" sizes=\"auto, (max-width: 1000px) 100vw, 1000px\" \/><\/figure>\n<\/div>\n\n\n\n<div class=\"wp-block-column is-layout-flow wp-block-column-is-layout-flow\" style=\"flex-basis:33.33%\">\n<figure class=\"wp-block-image size-full\"><img loading=\"lazy\" decoding=\"async\" width=\"912\" height=\"1327\" src=\"https:\/\/fshds.fr\/site\/wp-content\/uploads\/2025\/10\/20251005_101520-3.jpg\" alt=\"\" class=\"wp-image-4152\" srcset=\"https:\/\/fshds.fr\/site\/wp-content\/uploads\/2025\/10\/20251005_101520-3.jpg 912w, https:\/\/fshds.fr\/site\/wp-content\/uploads\/2025\/10\/20251005_101520-3-632x920.jpg 632w, https:\/\/fshds.fr\/site\/wp-content\/uploads\/2025\/10\/20251005_101520-3-768x1117.jpg 768w, https:\/\/fshds.fr\/site\/wp-content\/uploads\/2025\/10\/20251005_101520-3-742x1080.jpg 742w\" sizes=\"auto, (max-width: 912px) 100vw, 912px\" \/><\/figure>\n<\/div>\n<\/div>\n\n\n\n<div class=\"wp-block-columns is-layout-flex wp-container-core-columns-is-layout-9d6595d7 wp-block-columns-is-layout-flex\">\n<div class=\"wp-block-column is-layout-flow wp-block-column-is-layout-flow\" style=\"flex-basis:33.33%\">\n<figure class=\"wp-block-image size-full\"><img loading=\"lazy\" decoding=\"async\" width=\"954\" height=\"1560\" src=\"https:\/\/fshds.fr\/site\/wp-content\/uploads\/2025\/10\/20251005_114117-1.jpg\" alt=\"\" class=\"wp-image-4153\" srcset=\"https:\/\/fshds.fr\/site\/wp-content\/uploads\/2025\/10\/20251005_114117-1.jpg 954w, https:\/\/fshds.fr\/site\/wp-content\/uploads\/2025\/10\/20251005_114117-1-632x1033.jpg 632w, https:\/\/fshds.fr\/site\/wp-content\/uploads\/2025\/10\/20251005_114117-1-768x1256.jpg 768w, https:\/\/fshds.fr\/site\/wp-content\/uploads\/2025\/10\/20251005_114117-1-939x1536.jpg 939w, https:\/\/fshds.fr\/site\/wp-content\/uploads\/2025\/10\/20251005_114117-1-660x1080.jpg 660w\" sizes=\"auto, (max-width: 954px) 100vw, 954px\" \/><\/figure>\n<\/div>\n\n\n\n<div class=\"wp-block-column is-layout-flow wp-block-column-is-layout-flow\" style=\"flex-basis:66.66%\">\n<figure class=\"wp-block-image size-full\"><img loading=\"lazy\" decoding=\"async\" width=\"803\" height=\"428\" src=\"https:\/\/fshds.fr\/site\/wp-content\/uploads\/2025\/10\/20251005_150147.jpg\" alt=\"\" class=\"wp-image-4154\" srcset=\"https:\/\/fshds.fr\/site\/wp-content\/uploads\/2025\/10\/20251005_150147.jpg 803w, https:\/\/fshds.fr\/site\/wp-content\/uploads\/2025\/10\/20251005_150147-632x337.jpg 632w, https:\/\/fshds.fr\/site\/wp-content\/uploads\/2025\/10\/20251005_150147-768x409.jpg 768w\" sizes=\"auto, (max-width: 803px) 100vw, 803px\" \/><\/figure>\n<\/div>\n<\/div>\n\n\n\n<div class=\"wp-block-columns is-layout-flex wp-container-core-columns-is-layout-9d6595d7 wp-block-columns-is-layout-flex\">\n<div class=\"wp-block-column is-layout-flow wp-block-column-is-layout-flow\">\n<figure class=\"wp-block-image size-full\"><img loading=\"lazy\" decoding=\"async\" width=\"1000\" height=\"563\" src=\"https:\/\/fshds.fr\/site\/wp-content\/uploads\/2025\/10\/20251005_153337.jpg\" alt=\"\" class=\"wp-image-4155\" srcset=\"https:\/\/fshds.fr\/site\/wp-content\/uploads\/2025\/10\/20251005_153337.jpg 1000w, https:\/\/fshds.fr\/site\/wp-content\/uploads\/2025\/10\/20251005_153337-632x356.jpg 632w, https:\/\/fshds.fr\/site\/wp-content\/uploads\/2025\/10\/20251005_153337-768x432.jpg 768w\" sizes=\"auto, (max-width: 1000px) 100vw, 1000px\" \/><\/figure>\n<\/div>\n\n\n\n<div class=\"wp-block-column is-layout-flow wp-block-column-is-layout-flow\">\n<figure class=\"wp-block-image size-full\"><img loading=\"lazy\" decoding=\"async\" width=\"817\" height=\"563\" src=\"https:\/\/fshds.fr\/site\/wp-content\/uploads\/2025\/10\/20251005_153802.jpg\" alt=\"\" class=\"wp-image-4156\" srcset=\"https:\/\/fshds.fr\/site\/wp-content\/uploads\/2025\/10\/20251005_153802.jpg 817w, https:\/\/fshds.fr\/site\/wp-content\/uploads\/2025\/10\/20251005_153802-632x436.jpg 632w, https:\/\/fshds.fr\/site\/wp-content\/uploads\/2025\/10\/20251005_153802-768x529.jpg 768w\" sizes=\"auto, (max-width: 817px) 100vw, 817px\" \/><\/figure>\n<\/div>\n<\/div>\n\n\n\n<div class=\"wp-block-columns is-layout-flex wp-container-core-columns-is-layout-9d6595d7 wp-block-columns-is-layout-flex\">\n<div class=\"wp-block-column is-layout-flow wp-block-column-is-layout-flow\">\n<figure class=\"wp-block-image size-full\"><img loading=\"lazy\" decoding=\"async\" width=\"1000\" height=\"1778\" src=\"https:\/\/fshds.fr\/site\/wp-content\/uploads\/2025\/10\/20251005_161549.jpg\" alt=\"\" class=\"wp-image-4157\" srcset=\"https:\/\/fshds.fr\/site\/wp-content\/uploads\/2025\/10\/20251005_161549.jpg 1000w, https:\/\/fshds.fr\/site\/wp-content\/uploads\/2025\/10\/20251005_161549-632x1124.jpg 632w, https:\/\/fshds.fr\/site\/wp-content\/uploads\/2025\/10\/20251005_161549-768x1366.jpg 768w, https:\/\/fshds.fr\/site\/wp-content\/uploads\/2025\/10\/20251005_161549-864x1536.jpg 864w, https:\/\/fshds.fr\/site\/wp-content\/uploads\/2025\/10\/20251005_161549-607x1080.jpg 607w\" sizes=\"auto, (max-width: 1000px) 100vw, 1000px\" \/><\/figure>\n<\/div>\n\n\n\n<div class=\"wp-block-column is-layout-flow wp-block-column-is-layout-flow\">\n<figure class=\"wp-block-image size-large\"><img loading=\"lazy\" decoding=\"async\" width=\"1020\" height=\"1712\" src=\"https:\/\/fshds.fr\/site\/wp-content\/uploads\/2025\/10\/20251005_155054-1020x1712.jpg\" alt=\"\" class=\"wp-image-4158\" srcset=\"https:\/\/fshds.fr\/site\/wp-content\/uploads\/2025\/10\/20251005_155054-1020x1712.jpg 1020w, https:\/\/fshds.fr\/site\/wp-content\/uploads\/2025\/10\/20251005_155054-632x1060.jpg 632w, https:\/\/fshds.fr\/site\/wp-content\/uploads\/2025\/10\/20251005_155054-768x1289.jpg 768w, https:\/\/fshds.fr\/site\/wp-content\/uploads\/2025\/10\/20251005_155054-915x1536.jpg 915w, https:\/\/fshds.fr\/site\/wp-content\/uploads\/2025\/10\/20251005_155054-1024x1718.jpg 1024w, https:\/\/fshds.fr\/site\/wp-content\/uploads\/2025\/10\/20251005_155054-644x1080.jpg 644w, https:\/\/fshds.fr\/site\/wp-content\/uploads\/2025\/10\/20251005_155054.jpg 1152w\" sizes=\"auto, (max-width: 1020px) 100vw, 1020px\" \/><\/figure>\n<\/div>\n\n\n\n<div class=\"wp-block-column is-layout-flow wp-block-column-is-layout-flow\">\n<figure class=\"wp-block-image size-large\"><img loading=\"lazy\" decoding=\"async\" width=\"1020\" height=\"1565\" src=\"https:\/\/fshds.fr\/site\/wp-content\/uploads\/2025\/10\/20251005_1518280-1020x1565.jpg\" alt=\"\" class=\"wp-image-4159\" srcset=\"https:\/\/fshds.fr\/site\/wp-content\/uploads\/2025\/10\/20251005_1518280-1020x1565.jpg 1020w, https:\/\/fshds.fr\/site\/wp-content\/uploads\/2025\/10\/20251005_1518280-632x970.jpg 632w, https:\/\/fshds.fr\/site\/wp-content\/uploads\/2025\/10\/20251005_1518280-768x1179.jpg 768w, https:\/\/fshds.fr\/site\/wp-content\/uploads\/2025\/10\/20251005_1518280-1001x1536.jpg 1001w, https:\/\/fshds.fr\/site\/wp-content\/uploads\/2025\/10\/20251005_1518280-1024x1572.jpg 1024w, https:\/\/fshds.fr\/site\/wp-content\/uploads\/2025\/10\/20251005_1518280-704x1080.jpg 704w, https:\/\/fshds.fr\/site\/wp-content\/uploads\/2025\/10\/20251005_1518280.jpg 1135w\" sizes=\"auto, (max-width: 1020px) 100vw, 1020px\" \/><\/figure>\n<\/div>\n<\/div>\n","protected":false},"excerpt":{"rendered":"<p>La 7e Journ\u00e9e de l&rsquo;Histoire en Deux-S\u00e8vres s&rsquo;est d\u00e9roul\u00e9e dimanche 5 octobre en pr\u00e9sence d&rsquo;une soixantaine de participants, accueillis par la Soci\u00e9t\u00e9 d&rsquo;Histoire de Parthenay et du Pays de G\u00e2tine et sa pr\u00e9sidente Mme Liliane Blais. Quatre communications ont ponctu\u00e9 la matin\u00e9e sur le th\u00e8me de \u00ab\u00a0L&rsquo;imm\u00e9diat apr\u00e8s-guerre\u00a0\u00bb L&rsquo;apr\u00e8s-midi, a \u00e9t\u00e9 consacr\u00e9 \u00e0 une visite&hellip; <br \/> <a class=\"read-more\" href=\"https:\/\/fshds.fr\/site\/congres\/7e-journee-de-lhistoire-en-deux-sevres\/\">Lire la suite<\/a><\/p>\n","protected":false},"author":1,"featured_media":4085,"parent":105,"menu_order":0,"comment_status":"closed","ping_status":"closed","template":"","meta":{"_seopress_robots_primary_cat":"","_seopress_titles_title":"","_seopress_titles_desc":"","_seopress_robots_index":"","footnotes":""},"class_list":["post-4093","page","type-page","status-publish","has-post-thumbnail","hentry"],"_links":{"self":[{"href":"https:\/\/fshds.fr\/site\/wp-json\/wp\/v2\/pages\/4093","targetHints":{"allow":["GET"]}}],"collection":[{"href":"https:\/\/fshds.fr\/site\/wp-json\/wp\/v2\/pages"}],"about":[{"href":"https:\/\/fshds.fr\/site\/wp-json\/wp\/v2\/types\/page"}],"author":[{"embeddable":true,"href":"https:\/\/fshds.fr\/site\/wp-json\/wp\/v2\/users\/1"}],"replies":[{"embeddable":true,"href":"https:\/\/fshds.fr\/site\/wp-json\/wp\/v2\/comments?post=4093"}],"version-history":[{"count":8,"href":"https:\/\/fshds.fr\/site\/wp-json\/wp\/v2\/pages\/4093\/revisions"}],"predecessor-version":[{"id":4160,"href":"https:\/\/fshds.fr\/site\/wp-json\/wp\/v2\/pages\/4093\/revisions\/4160"}],"up":[{"embeddable":true,"href":"https:\/\/fshds.fr\/site\/wp-json\/wp\/v2\/pages\/105"}],"wp:featuredmedia":[{"embeddable":true,"href":"https:\/\/fshds.fr\/site\/wp-json\/wp\/v2\/media\/4085"}],"wp:attachment":[{"href":"https:\/\/fshds.fr\/site\/wp-json\/wp\/v2\/media?parent=4093"}],"curies":[{"name":"wp","href":"https:\/\/api.w.org\/{rel}","templated":true}]}}