{"id":3974,"date":"2025-05-21T12:58:13","date_gmt":"2025-05-21T10:58:13","guid":{"rendered":"https:\/\/fshds.fr\/site\/?page_id=3974"},"modified":"2025-05-21T13:06:05","modified_gmt":"2025-05-21T11:06:05","slug":"richesse-et-protection-du-patrimoine-airvault-saint-loup","status":"publish","type":"page","link":"https:\/\/fshds.fr\/site\/richesse-et-protection-du-patrimoine-airvault-saint-loup\/","title":{"rendered":"Richesse et Protection du Patrimoine Airvault &#8211; Saint-Loup"},"content":{"rendered":"\n<div class=\"wp-block-columns is-layout-flex wp-container-core-columns-is-layout-9d6595d7 wp-block-columns-is-layout-flex\">\n<div class=\"wp-block-column is-layout-flow wp-block-column-is-layout-flow\" style=\"flex-basis:33.33%\">\n<figure class=\"wp-block-image size-full is-resized\"><img loading=\"lazy\" decoding=\"async\" width=\"405\" height=\"404\" src=\"https:\/\/fshds.fr\/site\/wp-content\/uploads\/2025\/05\/Logo-RPP.jpg\" alt=\"Logo Richesse et Protection du Patrimoine\" class=\"wp-image-3967\" style=\"width:185px;height:auto\"\/><\/figure>\n<\/div>\n\n\n\n<div class=\"wp-block-column is-vertically-aligned-center is-layout-flow wp-block-column-is-layout-flow\" style=\"flex-basis:66.66%\">\n<p><strong>Fond\u00e9e en 1983<\/strong><\/p>\n\n\n\n<p><br><strong>Affili\u00e9e \u00e0 la F\u00e9d\u00e9ration depuis 2025.<\/strong><\/p>\n\n\n\n<div style=\"height:50px\" aria-hidden=\"true\" class=\"wp-block-spacer\"><\/div>\n\n\n\n<p><strong>Liens :<\/strong><\/p>\n\n\n\n<ul class=\"wp-block-social-links has-icon-color has-icon-background-color is-style-default is-layout-flex wp-block-social-links-is-layout-flex\"><li style=\"color:#ffffff;background-color:#797a7c;\" class=\"wp-social-link wp-social-link-chain has-white-color wp-block-social-link\"><a rel=\"noopener nofollow\" target=\"_blank\" href=\"https:\/\/richesseetpatrimoine.fr\/\" class=\"wp-block-social-link-anchor\"><svg width=\"24\" height=\"24\" viewBox=\"0 0 24 24\" version=\"1.1\" xmlns=\"http:\/\/www.w3.org\/2000\/svg\" aria-hidden=\"true\" focusable=\"false\"><path d=\"M15.6,7.2H14v1.5h1.6c2,0,3.7,1.7,3.7,3.7s-1.7,3.7-3.7,3.7H14v1.5h1.6c2.8,0,5.2-2.3,5.2-5.2,0-2.9-2.3-5.2-5.2-5.2zM4.7,12.4c0-2,1.7-3.7,3.7-3.7H10V7.2H8.4c-2.9,0-5.2,2.3-5.2,5.2,0,2.9,2.3,5.2,5.2,5.2H10v-1.5H8.4c-2,0-3.7-1.7-3.7-3.7zm4.6.9h5.3v-1.5H9.3v1.5z\"><\/path><\/svg><span class=\"wp-block-social-link-label screen-reader-text\">Lien<\/span><\/a><\/li>\n\n<li style=\"color:#ffffff;background-color:#797a7c;\" class=\"wp-social-link wp-social-link-facebook has-white-color wp-block-social-link\"><a rel=\"noopener nofollow\" target=\"_blank\" href=\"https:\/\/www.facebook.com\/Richesseetprotectiondupatrimoine\/\" class=\"wp-block-social-link-anchor\"><svg width=\"24\" height=\"24\" viewBox=\"0 0 24 24\" version=\"1.1\" xmlns=\"http:\/\/www.w3.org\/2000\/svg\" aria-hidden=\"true\" focusable=\"false\"><path d=\"M12 2C6.5 2 2 6.5 2 12c0 5 3.7 9.1 8.4 9.9v-7H7.9V12h2.5V9.8c0-2.5 1.5-3.9 3.8-3.9 1.1 0 2.2.2 2.2.2v2.5h-1.3c-1.2 0-1.6.8-1.6 1.6V12h2.8l-.4 2.9h-2.3v7C18.3 21.1 22 17 22 12c0-5.5-4.5-10-10-10z\"><\/path><\/svg><span class=\"wp-block-social-link-label screen-reader-text\">Facebook<\/span><\/a><\/li><\/ul>\n<\/div>\n<\/div>\n\n\n\n<p><\/p>\n\n\n\n<figure class=\"wp-block-table\"><table><tbody><tr><td><strong>Contact<\/strong><br>Immeuble Le Granit<br>4 Boulevard Voltaire<br>79600 Saint-Loup-Lamair\u00e9<br><br>T\u00e9l\u00a0: 0678986356<br>Mail\u00a0: hamelgill@gmail.com<\/td><td><strong>Pr\u00e9sident :<br><\/strong>M. Gilles Hamel<br><br><strong>La vie de l&rsquo;association<\/strong><br>Objet de l\u2019association\u00a0: protection et mise en valeur du petit patrimoine bati, des sites naturels et du patrimoine culturel de nos deux anciens cantons et travail sur l\u2019histoire locale, la m\u00e9moire villageoise et les \u00e9v\u00e9nements v\u00e9cus par les habitants du territoire.<br>\u00a0<br>L\u2019\u00e9t\u00e9 nous organisons en g\u00e9n\u00e9ral trois sorties sur notre territoire ou \u00e0 proximit\u00e9 permettant de d\u00e9couvrir le patrimoine local, et en particulier des sites g\u00e9n\u00e9ralement non accessibles au public, et l\u2019histoire de nos communes.<br>\u00a0<br>Nous \u00e9ditons depuis l\u2019origine la revue \u00ab\u00a0Mon Pays\u00a0\u00bb dont le dernier num\u00e9ro 74 paru en janvier est consacr\u00e9 \u00e0 nos anc\u00eatres partis en Nouvelle-France. Il a eu une suite le week-end des 11-12-13 avril avec l\u2019accueil d\u2019une d\u00e9l\u00e9gation de 22 personnes, venue du Qu\u00e9bec, du Manitoba et des USA compos\u00e9e de descendants de 3 personnes parties de notre territoire au XVIIe et XVIIIe si\u00e8cles.<br><br><strong>Nombre de membres :<\/strong> 90<br><strong>Cotisation :<\/strong> 20 \u20ac\/an<\/td><\/tr><\/tbody><\/table><\/figure>\n","protected":false},"excerpt":{"rendered":"<p>Fond\u00e9e en 1983 Affili\u00e9e \u00e0 la F\u00e9d\u00e9ration depuis 2025. Liens : ContactImmeuble Le Granit4 Boulevard Voltaire79600 Saint-Loup-Lamair\u00e9 T\u00e9l\u00a0: 0678986356Mail\u00a0: hamelgill@gmail.com Pr\u00e9sident :M. Gilles Hamel La vie de l&rsquo;associationObjet de l\u2019association\u00a0: protection et mise en valeur du petit patrimoine bati, des sites naturels et du patrimoine culturel de nos deux anciens cantons et travail sur l\u2019histoire&hellip; <br \/> <a class=\"read-more\" href=\"https:\/\/fshds.fr\/site\/richesse-et-protection-du-patrimoine-airvault-saint-loup\/\">Lire la suite<\/a><\/p>\n","protected":false},"author":1,"featured_media":0,"parent":0,"menu_order":0,"comment_status":"closed","ping_status":"closed","template":"","meta":{"_seopress_robots_primary_cat":"","_seopress_titles_title":"","_seopress_titles_desc":"","_seopress_robots_index":"","footnotes":""},"class_list":["post-3974","page","type-page","status-publish","hentry"],"_links":{"self":[{"href":"https:\/\/fshds.fr\/site\/wp-json\/wp\/v2\/pages\/3974","targetHints":{"allow":["GET"]}}],"collection":[{"href":"https:\/\/fshds.fr\/site\/wp-json\/wp\/v2\/pages"}],"about":[{"href":"https:\/\/fshds.fr\/site\/wp-json\/wp\/v2\/types\/page"}],"author":[{"embeddable":true,"href":"https:\/\/fshds.fr\/site\/wp-json\/wp\/v2\/users\/1"}],"replies":[{"embeddable":true,"href":"https:\/\/fshds.fr\/site\/wp-json\/wp\/v2\/comments?post=3974"}],"version-history":[{"count":3,"href":"https:\/\/fshds.fr\/site\/wp-json\/wp\/v2\/pages\/3974\/revisions"}],"predecessor-version":[{"id":3986,"href":"https:\/\/fshds.fr\/site\/wp-json\/wp\/v2\/pages\/3974\/revisions\/3986"}],"wp:attachment":[{"href":"https:\/\/fshds.fr\/site\/wp-json\/wp\/v2\/media?parent=3974"}],"curies":[{"name":"wp","href":"https:\/\/api.w.org\/{rel}","templated":true}]}}