{"id":3896,"date":"2025-05-03T11:34:52","date_gmt":"2025-05-03T09:34:52","guid":{"rendered":"https:\/\/fshds.fr\/site\/?page_id=3896"},"modified":"2025-05-03T11:48:09","modified_gmt":"2025-05-03T09:48:09","slug":"histoire-et-patrimoine-de-secondigny","status":"publish","type":"page","link":"https:\/\/fshds.fr\/site\/histoire-et-patrimoine-de-secondigny\/","title":{"rendered":"Histoire et Patrimoine de Secondigny"},"content":{"rendered":"\n<p><\/p>\n\n\n\n<div class=\"wp-block-columns is-layout-flex wp-container-core-columns-is-layout-9d6595d7 wp-block-columns-is-layout-flex\">\n<div class=\"wp-block-column is-layout-flow wp-block-column-is-layout-flow\"><div class=\"wp-block-image\">\n<figure class=\"alignleft size-full\"><img loading=\"lazy\" decoding=\"async\" width=\"922\" height=\"223\" src=\"https:\/\/fshds.fr\/site\/wp-content\/uploads\/2025\/05\/logologo-HP-de-Secondigny-JPG.jpg\" alt=\"logo Histoire et Patrimoine de Secondigny en G\u00e2tine\" class=\"wp-image-3903\" srcset=\"https:\/\/fshds.fr\/site\/wp-content\/uploads\/2025\/05\/logologo-HP-de-Secondigny-JPG.jpg 922w, https:\/\/fshds.fr\/site\/wp-content\/uploads\/2025\/05\/logologo-HP-de-Secondigny-JPG-632x153.jpg 632w, https:\/\/fshds.fr\/site\/wp-content\/uploads\/2025\/05\/logologo-HP-de-Secondigny-JPG-768x186.jpg 768w\" sizes=\"auto, (max-width: 922px) 100vw, 922px\" \/><\/figure>\n<\/div><\/div>\n\n\n\n<div class=\"wp-block-column is-layout-flow wp-block-column-is-layout-flow\">\n<p><strong>Fond\u00e9e en 1999<\/strong><br><strong>Affili\u00e9e \u00e0 la F\u00e9d\u00e9ration<\/strong> <strong>en 2025<\/strong><\/p>\n\n\n\n<ul class=\"wp-block-social-links is-layout-flex wp-block-social-links-is-layout-flex\"><li class=\"wp-social-link wp-social-link-chain  wp-block-social-link\"><a href=\"https:\/\/histoire-secondigny.fr\/\" class=\"wp-block-social-link-anchor\"><svg width=\"24\" height=\"24\" viewBox=\"0 0 24 24\" version=\"1.1\" xmlns=\"http:\/\/www.w3.org\/2000\/svg\" aria-hidden=\"true\" focusable=\"false\"><path d=\"M15.6,7.2H14v1.5h1.6c2,0,3.7,1.7,3.7,3.7s-1.7,3.7-3.7,3.7H14v1.5h1.6c2.8,0,5.2-2.3,5.2-5.2,0-2.9-2.3-5.2-5.2-5.2zM4.7,12.4c0-2,1.7-3.7,3.7-3.7H10V7.2H8.4c-2.9,0-5.2,2.3-5.2,5.2,0,2.9,2.3,5.2,5.2,5.2H10v-1.5H8.4c-2,0-3.7-1.7-3.7-3.7zm4.6.9h5.3v-1.5H9.3v1.5z\"><\/path><\/svg><span class=\"wp-block-social-link-label screen-reader-text\">Lien<\/span><\/a><\/li><\/ul>\n<\/div>\n<\/div>\n\n\n\n<p><\/p>\n\n\n\n<figure class=\"wp-block-table\"><table><tbody><tr><td><strong>Adresse<\/strong> :<br>Mairie 79130 Secondigny<br><br>du site internet\u00a0: https:\/\/histoire-secondigny.fr\/<br><br><strong>Contact<\/strong> :<br><br>contact@histoire-secondigny.fr<br><br><\/td><td><strong>Pr\u00e9sident :<br><\/strong>Laurent PINEAU<br><br><strong>La vie de l&rsquo;association<\/strong><br>R\u00e9daction et \u00e9dition d\u2019un livret sur un th\u00e8me li\u00e9 \u00e0 l\u2019histoire locale de Secondigny ou des communes voisines, diffus\u00e9 lors de l\u2019assembl\u00e9e g\u00e9n\u00e9rale annuelle.<br>Visites guid\u00e9es lors des Journ\u00e9es europ\u00e9ennes du patrimoine ou au cours de l\u2019\u00e9t\u00e9 (notamment de l\u2019\u00e9glise de Secondigny).<br>Excursion annuelle au printemps.<br>Organisation d\u2019une conf\u00e9rence dans le cadre de l\u2019exposition pomologique annuelle \u00ab&nbsp;Pomm\u2019expo&nbsp;\u00bb, en octobre.<br>Participation \u00e0 la valorisation et \u00e0 la connaissance du patrimoine de Secondigny&nbsp;:, renseignements g\u00e9n\u00e9alogiques et historiques, organisation d\u2019expositions, conservation d\u2019archives priv\u00e9es (notamment photographiques).<br><br><strong>Nombre de membres :<\/strong> 59 <br><strong>Cotisation :<\/strong> <br>&#8211; individuelle&nbsp;: 12 \u20ac\/an<br>&#8211; pour un couple : 18 \u20ac\/an<\/td><\/tr><\/tbody><\/table><\/figure>\n","protected":false},"excerpt":{"rendered":"<p>Fond\u00e9e en 1999Affili\u00e9e \u00e0 la F\u00e9d\u00e9ration en 2025 Adresse :Mairie 79130 Secondigny du site internet\u00a0: https:\/\/histoire-secondigny.fr\/ Contact : contact@histoire-secondigny.fr Pr\u00e9sident :Laurent PINEAU La vie de l&rsquo;associationR\u00e9daction et \u00e9dition d\u2019un livret sur un th\u00e8me li\u00e9 \u00e0 l\u2019histoire locale de Secondigny ou des communes voisines, diffus\u00e9 lors de l\u2019assembl\u00e9e g\u00e9n\u00e9rale annuelle.Visites guid\u00e9es lors des Journ\u00e9es europ\u00e9ennes du&hellip; <br \/> <a class=\"read-more\" href=\"https:\/\/fshds.fr\/site\/histoire-et-patrimoine-de-secondigny\/\">Lire la suite<\/a><\/p>\n","protected":false},"author":1,"featured_media":0,"parent":0,"menu_order":0,"comment_status":"closed","ping_status":"closed","template":"","meta":{"_seopress_robots_primary_cat":"","_seopress_titles_title":"","_seopress_titles_desc":"","_seopress_robots_index":"","footnotes":""},"class_list":["post-3896","page","type-page","status-publish","hentry"],"_links":{"self":[{"href":"https:\/\/fshds.fr\/site\/wp-json\/wp\/v2\/pages\/3896","targetHints":{"allow":["GET"]}}],"collection":[{"href":"https:\/\/fshds.fr\/site\/wp-json\/wp\/v2\/pages"}],"about":[{"href":"https:\/\/fshds.fr\/site\/wp-json\/wp\/v2\/types\/page"}],"author":[{"embeddable":true,"href":"https:\/\/fshds.fr\/site\/wp-json\/wp\/v2\/users\/1"}],"replies":[{"embeddable":true,"href":"https:\/\/fshds.fr\/site\/wp-json\/wp\/v2\/comments?post=3896"}],"version-history":[{"count":9,"href":"https:\/\/fshds.fr\/site\/wp-json\/wp\/v2\/pages\/3896\/revisions"}],"predecessor-version":[{"id":3941,"href":"https:\/\/fshds.fr\/site\/wp-json\/wp\/v2\/pages\/3896\/revisions\/3941"}],"wp:attachment":[{"href":"https:\/\/fshds.fr\/site\/wp-json\/wp\/v2\/media?parent=3896"}],"curies":[{"name":"wp","href":"https:\/\/api.w.org\/{rel}","templated":true}]}}