{"id":3813,"date":"2025-04-25T10:57:40","date_gmt":"2025-04-25T08:57:40","guid":{"rendered":"https:\/\/fshds.fr\/site\/?page_id=3813"},"modified":"2025-12-22T13:23:21","modified_gmt":"2025-12-22T12:23:21","slug":"sanctus-maixentus","status":"publish","type":"page","link":"https:\/\/fshds.fr\/site\/les-societes-affilies\/sanctus-maixentus\/","title":{"rendered":"Sanctus Maixentus"},"content":{"rendered":"\n<h2 class=\"wp-block-heading\"><em>Histoire et Patrimoine <\/em><\/h2>\n\n\n\n<div class=\"wp-block-columns is-layout-flex wp-container-core-columns-is-layout-9d6595d7 wp-block-columns-is-layout-flex\">\n<div class=\"wp-block-column is-layout-flow wp-block-column-is-layout-flow\">\n<figure class=\"wp-block-image size-full is-resized\"><img loading=\"lazy\" decoding=\"async\" width=\"587\" height=\"282\" src=\"https:\/\/fshds.fr\/site\/wp-content\/uploads\/2025\/04\/logo-1.jpg\" alt=\"\" class=\"wp-image-3818\" style=\"width:237px;height:auto\"\/><\/figure>\n<\/div>\n\n\n\n<div class=\"wp-block-column is-layout-flow wp-block-column-is-layout-flow\">\n<p><strong>Fond\u00e9e en :<\/strong> 2021<\/p>\n\n\n\n<p><strong>Affili\u00e9e \u00e0 la F\u00e9d\u00e9ration depuis 2025<\/strong><\/p>\n<\/div>\n<\/div>\n\n\n\n<div class=\"wp-block-columns is-layout-flex wp-container-core-columns-is-layout-9d6595d7 wp-block-columns-is-layout-flex\"><\/div>\n\n\n\n<figure class=\"wp-block-table\"><table><tbody><tr><td><strong>Contact<\/strong><br>Sanctus Maixentus<br>19 rue Calabre<br>79400 Saint-Maixent-l\u2019Ecole<br><a href=\"mailto:l.a.sance@gmail.com\">l<\/a><a href=\"mailto:.a.sance@hotmail.fr\">.a.sance@hotmail.fr<\/a><\/td><td><strong>Pr\u00e9sident :<br><\/strong>M. Beno\u00eet SANC\u00c9<br><br><strong>La vie de l&rsquo;association<\/strong> :<br>&#8211; pr\u00e9sentation de l\u2019histoire de Saint-Maixent-l\u2019Ecole et de son patrimoine. <br>&#8211; recherches historiques (archives d\u00e9partementales et municipales), <br>&#8211; publication des r\u00e9sultats et tenue de conf\u00e9rences ou de visites de ville. &#8211; partenariat associatif et la ville de Saint-Maixent-l\u2019Ecole pour participer aux temps forts du territoire. <br>&nbsp;&#8211; publication num\u00e9rique envoy\u00e9e gratuitement \u00e0 nos adh\u00e9rents et aux sympathisants non adh\u00e9rents, sur simple demande.<br><br><strong>Nombre de membres :<\/strong> <br><strong>Cotisation :<\/strong>  \u20ac\/an<\/td><\/tr><\/tbody><\/table><\/figure>\n\n\n<h2>Nos pages<\/h2>\n\n<!-- Page-list plugin v.5.9 wordpress.org\/plugins\/page-list\/ -->\n<!-- no pages to show -->\n\n\n\n<p><a href=\"https:\/\/fshds.fr\/site\/wp-content\/uploads\/2025\/12\/journal-sm-15-2.pdf\" data-type=\"link\" data-id=\"https:\/\/fshds.fr\/site\/wp-content\/uploads\/2025\/12\/journal-sm-15-2.pdf\" target=\"_blank\" rel=\"noreferrer noopener\">Journal <em>Sanctus Maixentus<\/em>, Histoire et Patrimoine, d\u00e9cembre 2025, num\u00e9ro 15<\/a><\/p>\n\n\n\n<p><a href=\"https:\/\/fshds.fr\/site\/wp-content\/uploads\/2025\/10\/journal-sm-14.pdf\">Journal <em>Sanctus Maixentus<\/em>, Histoire et Patrimoine, octobre 2025, num\u00e9ro 14<\/a><\/p>\n\n\n\n<p><a href=\"https:\/\/fshds.fr\/site\/wp-content\/uploads\/2025\/10\/journal-sm-13.pdf\">Journal <em>Sanctus Maixentus<\/em>, Histoire et Patrimoine, ao\u00fbt 2025, num\u00e9ro13<\/a><\/p>\n\n\n\n<p><a href=\"https:\/\/fshds.fr\/site\/wp-content\/uploads\/2025\/10\/journal-sm-12.pdf\">Journal <em>Sanctus Maixentus<\/em>, Histoire et Patrimoine, juin 2025, num\u00e9ro 12<\/a><\/p>\n\n\n\n<p><a href=\"https:\/\/fshds.fr\/site\/wp-content\/uploads\/2025\/10\/journal-sm-11.pdf\">Journal <em>Sanctus Maixentus, <\/em>Histoire et patrimoine,<em> <\/em> avril 2025, num\u00e9ro11<\/a><\/p>\n\n\n\n<p><a href=\"https:\/\/fshds.fr\/site\/wp-content\/uploads\/2025\/10\/journal-sm-10.pdf\">Journal <em>Sanctus Maixentus,<\/em> Histoire et Patrimoine, f\u00e9vrier 2025, num\u00e9ro 10<\/a><\/p>\n\n\n\n<p><a href=\"https:\/\/fshds.fr\/site\/wp-content\/uploads\/2025\/10\/journal-sm-9.pdf\">Journal <em>Sanctus Maixentus<\/em>, Histoire et Patrimoine, d\u00e9cembre 2024, num\u00e9ro 9<\/a><\/p>\n\n\n\n<p><a href=\"https:\/\/fshds.fr\/site\/wp-content\/uploads\/2025\/10\/journal-sm-8.pdf\">Journal <em>Sanctus Maixentus<\/em>, Histoire et Patrimoine, octobre 2024, num\u00e9ro 8<\/a><\/p>\n\n\n\n<p><a href=\"https:\/\/fshds.fr\/site\/wp-content\/uploads\/2025\/10\/journal-sm-7.pdf\">Journal <em>Sanctus Maixentus<\/em>, Histoire et Patrimoine, ao\u00fbt 2024, num\u00e9ro 7<\/a><\/p>\n\n\n\n<p><a href=\"https:\/\/fshds.fr\/site\/wp-content\/uploads\/2025\/10\/journal-sm-6.pdf\">Journal <em>Sanctus Maixentus<\/em>, Histoire et Patrimoine, juin 2024, num\u00e9ro 6<\/a><\/p>\n\n\n\n<p><a href=\"https:\/\/fshds.fr\/site\/wp-content\/uploads\/2025\/10\/journal-sm-5.pdf\">Journal<em> Sanctus Maixentus<\/em>, Histoire et Patrimoine, avril 2024, num\u00e9ro 5<\/a><\/p>\n\n\n\n<p><a href=\"https:\/\/fshds.fr\/site\/wp-content\/uploads\/2025\/10\/journal-sm-4.pdf\">Journal <em>Sanctus Maixentus<\/em>, Histoire et Patrimoine, f\u00e9vrier 2024, num\u00e9ro 4<\/a><\/p>\n\n\n\n<p><a href=\"https:\/\/fshds.fr\/site\/wp-content\/uploads\/2025\/10\/journal-sm-3.pdf\">Journal <em>Sanctus Maixentus<\/em>, Histoire et Patrimoine, d\u00e9cembre 2023, num\u00e9ro 3<\/a><\/p>\n\n\n\n<p><a href=\"https:\/\/fshds.fr\/site\/wp-content\/uploads\/2025\/10\/Journal-sm-2.pdf\">Journal <em>Sanctus Maixentus<\/em>, Histoire et Patrimoine, novembre 2023, num\u00e9ro 2<\/a><\/p>\n\n\n\n<p><a href=\"https:\/\/fshds.fr\/site\/wp-content\/uploads\/2025\/10\/Journal-sm-1.pdf\">Journal Sanctus Maixentus, Histoire et patrimoine, octobre 2023, num\u00e9ro 1<\/a><\/p>\n\n\n\n<p><\/p>\n","protected":false},"excerpt":{"rendered":"<p>Histoire et Patrimoine Fond\u00e9e en : 2021 Affili\u00e9e \u00e0 la F\u00e9d\u00e9ration depuis 2025 ContactSanctus Maixentus19 rue Calabre79400 Saint-Maixent-l\u2019Ecolel.a.sance@hotmail.fr Pr\u00e9sident :M. Beno\u00eet SANC\u00c9 La vie de l&rsquo;association :&#8211; pr\u00e9sentation de l\u2019histoire de Saint-Maixent-l\u2019Ecole et de son patrimoine. &#8211; recherches historiques (archives d\u00e9partementales et municipales), &#8211; publication des r\u00e9sultats et tenue de conf\u00e9rences ou de visites de&hellip; <br \/> <a class=\"read-more\" href=\"https:\/\/fshds.fr\/site\/les-societes-affilies\/sanctus-maixentus\/\">Lire la suite<\/a><\/p>\n","protected":false},"author":1,"featured_media":0,"parent":12,"menu_order":0,"comment_status":"closed","ping_status":"closed","template":"","meta":{"_seopress_robots_primary_cat":"","_seopress_titles_title":"","_seopress_titles_desc":"","_seopress_robots_index":"","footnotes":""},"class_list":["post-3813","page","type-page","status-publish","hentry"],"_links":{"self":[{"href":"https:\/\/fshds.fr\/site\/wp-json\/wp\/v2\/pages\/3813","targetHints":{"allow":["GET"]}}],"collection":[{"href":"https:\/\/fshds.fr\/site\/wp-json\/wp\/v2\/pages"}],"about":[{"href":"https:\/\/fshds.fr\/site\/wp-json\/wp\/v2\/types\/page"}],"author":[{"embeddable":true,"href":"https:\/\/fshds.fr\/site\/wp-json\/wp\/v2\/users\/1"}],"replies":[{"embeddable":true,"href":"https:\/\/fshds.fr\/site\/wp-json\/wp\/v2\/comments?post=3813"}],"version-history":[{"count":14,"href":"https:\/\/fshds.fr\/site\/wp-json\/wp\/v2\/pages\/3813\/revisions"}],"predecessor-version":[{"id":4304,"href":"https:\/\/fshds.fr\/site\/wp-json\/wp\/v2\/pages\/3813\/revisions\/4304"}],"up":[{"embeddable":true,"href":"https:\/\/fshds.fr\/site\/wp-json\/wp\/v2\/pages\/12"}],"wp:attachment":[{"href":"https:\/\/fshds.fr\/site\/wp-json\/wp\/v2\/media?parent=3813"}],"curies":[{"name":"wp","href":"https:\/\/api.w.org\/{rel}","templated":true}]}}