{"id":3571,"date":"2024-07-16T11:30:37","date_gmt":"2024-07-16T09:30:37","guid":{"rendered":"https:\/\/fshds.fr\/site\/?page_id=3571"},"modified":"2024-07-16T18:32:01","modified_gmt":"2024-07-16T16:32:01","slug":"bulletin-n21-de-la-shm","status":"publish","type":"page","link":"https:\/\/fshds.fr\/site\/les-societes-affilies\/societe-historique-et-speleologique-du-pays-mellois\/bulletin-n21-de-la-shm\/","title":{"rendered":"Bulletin N\u00b021 de la Soci\u00e9t\u00e9 d&rsquo;Histoire et d&rsquo;Arch\u00e9ologie de Melle et du Pays Mellois"},"content":{"rendered":"\n<div data-wp-interactive=\"core\/file\" class=\"wp-block-file\"><object data-wp-bind--hidden=\"!state.hasPdfPreview\" hidden class=\"wp-block-file__embed\" data=\"https:\/\/fshds.fr\/site\/wp-content\/uploads\/2024\/07\/Bulletin-N\u00b0-21-2024-SHM.pdf\" type=\"application\/pdf\" style=\"width:100%;height:600px\" aria-label=\"Contenu embarqu\u00e9 Bulletin N\u00b0 21- 2024 SHM.\"><\/object><a id=\"wp-block-file--media-ec88cebd-63fd-44f1-bad1-720d91049ccb\" href=\"https:\/\/fshds.fr\/site\/wp-content\/uploads\/2024\/07\/Bulletin-N\u00b0-21-2024-SHM.pdf\">Bulletin N\u00b0 21- 2024 SHM<\/a><a href=\"https:\/\/fshds.fr\/site\/wp-content\/uploads\/2024\/07\/Bulletin-N\u00b0-21-2024-SHM.pdf\" class=\"wp-block-file__button wp-element-button\" download aria-describedby=\"wp-block-file--media-ec88cebd-63fd-44f1-bad1-720d91049ccb\">T\u00e9l\u00e9charger<\/a><\/div>\n","protected":false},"excerpt":{"rendered":"","protected":false},"author":1,"featured_media":0,"parent":82,"menu_order":0,"comment_status":"closed","ping_status":"closed","template":"","meta":{"_seopress_robots_primary_cat":"","_seopress_titles_title":"Bulletin N\u00b021 de la Soci\u00e9t\u00e9 d&#039;Histoire et d&#039;Arch\u00e9ologie de Melle et du Pays Mellois","_seopress_titles_desc":"Encore une ann\u00e9e qui s\u2019ach\u00e8ve dans une atmosph\u00e8re qui n\u2019est pas tr\u00e8s gaie vu le contexte g\u00e9opolitique actuel, on se demande bien comment et quand cela se terminera !! que ce soit l\u2019Ukraine ou Gaza tout est bien compliqu\u00e9 !\r\nPour compl\u00e9ter le climat n\u2019est pas favorable pour nos agriculteurs en particulier mais aussi pour tout le monde. Pourtant dans notre r\u00e9gion il ne faut pas trop se plaindre, pensons plut\u00f4t aux malheureux du Nord de la France et de l\u2019est qui ont tout perdu avec les inondations et les torrents de boue \u00e0 r\u00e9p\u00e9tition. Nous avons la chance d\u2019habiter une r\u00e9gion assez prot\u00e9g\u00e9e ! Gardons l\u2019espoir le soleil finira bien par revenir apr\u00e8s cette longue p\u00e9riode pluvieuse. Il fallait de l\u2019eau pour remonter les nappes phr\u00e9atiques mais peut-\u00eatre un peu moins brutalement\r\nNous avons termin\u00e9 l\u2019ann\u00e9e avec une conf\u00e9rence tr\u00e8s int\u00e9ressante sur la soci\u00e9t\u00e9 philanthropique de Niort. La plupart des conf\u00e9rences donn\u00e9es en2023 se rapportaient \u00e0 la r\u00e9gion melloise avec comme point primordial l\u2019historique des Usines de Melle racont\u00e9 par Dominique Brunet. Apr\u00e8s la guerre 39-45, les Usines de Melle sont devenues l\u2019activit\u00e9 principale de la ville.\r\nNous avons maintenant une salle au rez-de-chauss\u00e9e et qui est chauff\u00e9e ! Cela permettra aux participants de pouvoir assister aux conf\u00e9rences dans de meilleurs conditions.\r\nL\u2019ann\u00e9e2024 va commencer avec son rythme habituel : conf\u00e9rences l\u2019hiver et sorties \u00e0 la belle saison.","_seopress_robots_index":"","footnotes":""},"class_list":["post-3571","page","type-page","status-publish","hentry"],"_links":{"self":[{"href":"https:\/\/fshds.fr\/site\/wp-json\/wp\/v2\/pages\/3571","targetHints":{"allow":["GET"]}}],"collection":[{"href":"https:\/\/fshds.fr\/site\/wp-json\/wp\/v2\/pages"}],"about":[{"href":"https:\/\/fshds.fr\/site\/wp-json\/wp\/v2\/types\/page"}],"author":[{"embeddable":true,"href":"https:\/\/fshds.fr\/site\/wp-json\/wp\/v2\/users\/1"}],"replies":[{"embeddable":true,"href":"https:\/\/fshds.fr\/site\/wp-json\/wp\/v2\/comments?post=3571"}],"version-history":[{"count":3,"href":"https:\/\/fshds.fr\/site\/wp-json\/wp\/v2\/pages\/3571\/revisions"}],"predecessor-version":[{"id":3579,"href":"https:\/\/fshds.fr\/site\/wp-json\/wp\/v2\/pages\/3571\/revisions\/3579"}],"up":[{"embeddable":true,"href":"https:\/\/fshds.fr\/site\/wp-json\/wp\/v2\/pages\/82"}],"wp:attachment":[{"href":"https:\/\/fshds.fr\/site\/wp-json\/wp\/v2\/media?parent=3571"}],"curies":[{"name":"wp","href":"https:\/\/api.w.org\/{rel}","templated":true}]}}