{"id":2914,"date":"2023-09-30T11:46:24","date_gmt":"2023-09-30T09:46:24","guid":{"rendered":"https:\/\/fshds.fr\/site\/?page_id=2914"},"modified":"2023-09-30T11:50:41","modified_gmt":"2023-09-30T09:50:41","slug":"4e-journee-de-lhistoire-en-deux-sevres","status":"publish","type":"page","link":"https:\/\/fshds.fr\/site\/4e-journee-de-lhistoire-en-deux-sevres\/","title":{"rendered":"4e Journ\u00e9e de l&rsquo;Histoire en Deux-S\u00e8vres"},"content":{"rendered":"\n<h2 class=\"has-text-align-center wp-block-heading\">4<sup>e<\/sup> Journ\u00e9e de l\u2019Histoire en Deux-S\u00e8vres 2022<\/h2>\n\n\n\n<h2 class=\"has-text-align-center wp-block-heading\">Dimanche 17 octobre 2021<\/h2>\n\n\n\n<h2 class=\"has-text-align-center wp-block-heading\">Niort<\/h2>\n\n\n\n<p class=\"has-text-align-center\" style=\"font-size:30px\"><strong>\u00ab\u00a0Les Ann\u00e9es folles dans les Deux-S\u00e8vres\u00a0\u00bb<\/strong><\/p>\n\n\n<p style=\"text-align: center;\">&#8212;-<\/p>\n\n\n<p><strong><a href=\"https:\/\/fshds.fr\/site\/wp-content\/uploads\/2023\/09\/Genese-du-cinema-Familia-1.pdf\" target=\"_blank\" rel=\"noreferrer noopener\">Gen\u00e8se du cin\u00e9ma Familia, nouvelle salle de cin\u00e9matographe inaugur\u00e9e \u00e0 Niort en 1921 sur les plans de Julien Burcier, \u00ab&nbsp;tr\u00e8s habile architecte&nbsp;\u00bb niortais<\/a><\/strong>, <strong>par<em> Marie-Laure Viart<\/em><\/strong><\/p>\n\n\n\n<p><strong><a href=\"https:\/\/fshds.fr\/site\/wp-content\/uploads\/2023\/09\/Les-chemins-de-fer-en-Gatine-1.pdf\" target=\"_blank\" rel=\"noreferrer noopener\">Le chemin de fer \u00e0 Parthenay dans les Ann\u00e9es folles<\/a>, par <em>Yves Drillaud.<\/em><\/strong><\/p>\n\n\n\n<p><strong><a href=\"https:\/\/fshds.fr\/site\/wp-content\/uploads\/2023\/09\/Tuar.-Les-automobiles-dAdrien-Morin-1.pdf\" target=\"_blank\" rel=\"noreferrer noopener\">La Tuar, automobile des Ann\u00e9es folles<\/a>, par <em>Daniel Fouchereau.<\/em><\/strong><\/p>\n\n\n\n<p><strong><a href=\"https:\/\/fshds.fr\/site\/wp-content\/uploads\/2023\/09\/Annees-folles-en-79.-Des-cliches-a-la-realite-1.pdf\" target=\"_blank\" rel=\"noreferrer noopener\">Femmes des Ann\u00e9es folles : des clich\u00e9s \u00e0 la r\u00e9alit\u00e9<\/a><\/strong>,<strong> par <em>Michel Bertaud<\/em><\/strong><\/p>\n","protected":false},"excerpt":{"rendered":"<p>4e Journ\u00e9e de l\u2019Histoire en Deux-S\u00e8vres 2022 Dimanche 17 octobre 2021 Niort \u00ab\u00a0Les Ann\u00e9es folles dans les Deux-S\u00e8vres\u00a0\u00bb &#8212;- Gen\u00e8se du cin\u00e9ma Familia, nouvelle salle de cin\u00e9matographe inaugur\u00e9e \u00e0 Niort en 1921 sur les plans de Julien Burcier, \u00ab&nbsp;tr\u00e8s habile architecte&nbsp;\u00bb niortais, par Marie-Laure Viart Le chemin de fer \u00e0 Parthenay dans les Ann\u00e9es folles,&hellip; <br \/> <a class=\"read-more\" href=\"https:\/\/fshds.fr\/site\/4e-journee-de-lhistoire-en-deux-sevres\/\">Lire la suite<\/a><\/p>\n","protected":false},"author":1,"featured_media":0,"parent":0,"menu_order":0,"comment_status":"closed","ping_status":"closed","template":"","meta":{"_seopress_robots_primary_cat":"","_seopress_titles_title":"","_seopress_titles_desc":"","_seopress_robots_index":"","footnotes":""},"class_list":["post-2914","page","type-page","status-publish","hentry"],"_links":{"self":[{"href":"https:\/\/fshds.fr\/site\/wp-json\/wp\/v2\/pages\/2914","targetHints":{"allow":["GET"]}}],"collection":[{"href":"https:\/\/fshds.fr\/site\/wp-json\/wp\/v2\/pages"}],"about":[{"href":"https:\/\/fshds.fr\/site\/wp-json\/wp\/v2\/types\/page"}],"author":[{"embeddable":true,"href":"https:\/\/fshds.fr\/site\/wp-json\/wp\/v2\/users\/1"}],"replies":[{"embeddable":true,"href":"https:\/\/fshds.fr\/site\/wp-json\/wp\/v2\/comments?post=2914"}],"version-history":[{"count":5,"href":"https:\/\/fshds.fr\/site\/wp-json\/wp\/v2\/pages\/2914\/revisions"}],"predecessor-version":[{"id":2921,"href":"https:\/\/fshds.fr\/site\/wp-json\/wp\/v2\/pages\/2914\/revisions\/2921"}],"wp:attachment":[{"href":"https:\/\/fshds.fr\/site\/wp-json\/wp\/v2\/media?parent=2914"}],"curies":[{"name":"wp","href":"https:\/\/api.w.org\/{rel}","templated":true}]}}