{"id":2749,"date":"2023-02-18T20:47:53","date_gmt":"2023-02-18T19:47:53","guid":{"rendered":"https:\/\/fshds.fr\/site\/?page_id=2749"},"modified":"2023-02-18T20:47:54","modified_gmt":"2023-02-18T19:47:54","slug":"3eme-journee-de-lhistoire-en-deux-sevres-2021","status":"publish","type":"page","link":"https:\/\/fshds.fr\/site\/3eme-journee-de-lhistoire-en-deux-sevres-2021\/","title":{"rendered":"3\u00e8me Journ\u00e9e de l&rsquo;Histoire en Deux-S\u00e8vres 2021"},"content":{"rendered":"\n<h2 class=\"has-text-align-center wp-block-heading\">3\u00e8me Journ\u00e9e de l&rsquo;Histoire en Deux-S\u00e8vres 2021<\/h2>\n\n\n\n<h2 class=\"has-text-align-center wp-block-heading\">Dimanche 17 octobre 2021<\/h2>\n\n\n\n<h2 class=\"has-text-align-center wp-block-heading\">Bressuire<\/h2>\n\n\n\n<p><a href=\"https:\/\/fshds.fr\/site\/wp-content\/uploads\/2023\/02\/Ernest-Hebert-et-Edvard-Munch-deux-peintres-temoins-des-pandemies-et-des-epidemies.pdf\" target=\"_blank\" rel=\"noreferrer noopener\">Ernest H\u00e9bert et Edvard Munch, deux peintres t\u00e9moins des pand\u00e9mies et des \u00e9pid\u00e9mies<\/a>, par <em>Philippe MICHEL-COURTY<\/em><\/p>\n\n\n\n<p><a href=\"https:\/\/fshds.fr\/site\/wp-content\/uploads\/2023\/02\/Un-mal-contagieux-a-Niort-la-peste-de-1603-a-Niort.pdf\" target=\"_blank\" rel=\"noreferrer noopener\">Un mal contagieux \u00e0 Niort : la peste de 1603 \u00e0 Niort<\/a>, par <em>Daniel COURANT<\/em><\/p>\n\n\n\n<p><a href=\"https:\/\/fshds.fr\/site\/wp-content\/uploads\/2023\/02\/La-medecine-militaire-a-Parthenay-de-1870-a-1922.pdf\" target=\"_blank\" rel=\"noreferrer noopener\">La m\u00e9decine militaire \u00e0 Parthenay de 1870 \u00e0 1922<\/a>, par <em>Yves DRILLAUD<\/em><\/p>\n\n\n\n<p><a href=\"https:\/\/fshds.fr\/site\/wp-content\/uploads\/2023\/02\/Louis-Jottreau-pere-et-fils-deux-chefs-meconnus-de-la-dissidence-1823-1951.pdf\" target=\"_blank\" rel=\"noreferrer noopener\">Louis Jottreau p\u00e8re et fils: deux chefs m\u00e9connus de la dissidence (1823-1951)<\/a>,  par <em>Pascal HERAULT<\/em><\/p>\n","protected":false},"excerpt":{"rendered":"<p>3\u00e8me Journ\u00e9e de l&rsquo;Histoire en Deux-S\u00e8vres 2021 Dimanche 17 octobre 2021 Bressuire Ernest H\u00e9bert et Edvard Munch, deux peintres t\u00e9moins des pand\u00e9mies et des \u00e9pid\u00e9mies, par Philippe MICHEL-COURTY Un mal contagieux \u00e0 Niort : la peste de 1603 \u00e0 Niort, par Daniel COURANT La m\u00e9decine militaire \u00e0 Parthenay de 1870 \u00e0 1922, par Yves DRILLAUD&hellip; <br \/> <a class=\"read-more\" href=\"https:\/\/fshds.fr\/site\/3eme-journee-de-lhistoire-en-deux-sevres-2021\/\">Lire la suite<\/a><\/p>\n","protected":false},"author":1,"featured_media":0,"parent":0,"menu_order":0,"comment_status":"closed","ping_status":"closed","template":"","meta":{"_seopress_robots_primary_cat":"","_seopress_titles_title":"","_seopress_titles_desc":"","_seopress_robots_index":"","footnotes":""},"class_list":["post-2749","page","type-page","status-publish","hentry"],"_links":{"self":[{"href":"https:\/\/fshds.fr\/site\/wp-json\/wp\/v2\/pages\/2749","targetHints":{"allow":["GET"]}}],"collection":[{"href":"https:\/\/fshds.fr\/site\/wp-json\/wp\/v2\/pages"}],"about":[{"href":"https:\/\/fshds.fr\/site\/wp-json\/wp\/v2\/types\/page"}],"author":[{"embeddable":true,"href":"https:\/\/fshds.fr\/site\/wp-json\/wp\/v2\/users\/1"}],"replies":[{"embeddable":true,"href":"https:\/\/fshds.fr\/site\/wp-json\/wp\/v2\/comments?post=2749"}],"version-history":[{"count":1,"href":"https:\/\/fshds.fr\/site\/wp-json\/wp\/v2\/pages\/2749\/revisions"}],"predecessor-version":[{"id":2752,"href":"https:\/\/fshds.fr\/site\/wp-json\/wp\/v2\/pages\/2749\/revisions\/2752"}],"wp:attachment":[{"href":"https:\/\/fshds.fr\/site\/wp-json\/wp\/v2\/media?parent=2749"}],"curies":[{"name":"wp","href":"https:\/\/api.w.org\/{rel}","templated":true}]}}