{"id":2717,"date":"2023-02-18T19:50:49","date_gmt":"2023-02-18T18:50:49","guid":{"rendered":"https:\/\/fshds.fr\/site\/?page_id=2717"},"modified":"2023-02-18T20:04:45","modified_gmt":"2023-02-18T19:04:45","slug":"2eme-journee-de-lhistoire-en-deux-sevres","status":"publish","type":"page","link":"https:\/\/fshds.fr\/site\/2eme-journee-de-lhistoire-en-deux-sevres\/","title":{"rendered":"2\u00e8me Journ\u00e9e de l&rsquo;Histoire en Deux-S\u00e8vres 2019"},"content":{"rendered":"\n<h2 class=\"has-text-align-center wp-block-heading\">2\u00e8me Journ\u00e9e de l&rsquo;Histoire en Deux-S\u00e8vres<\/h2>\n\n\n\n<p class=\"has-text-align-center\"><strong>Dimanche 6 octobre 2019<\/strong><\/p>\n\n\n\n<h2 class=\"has-text-align-center wp-block-heading\">B\u00e9celeuf<\/h2>\n\n\n\n<p><a rel=\"noreferrer noopener\" href=\"https:\/\/fshds.fr\/site\/wp-content\/uploads\/2023\/02\/Jacques-du-Fouilloux.pdf\" target=\"_blank\">Jacques du Fouilloux (1519-1580), gentilhomme chasseur en g\u00e2tine<\/a>, par <em>Fr\u00e9d\u00e9ric DUMERCHAT<\/em><\/p>\n\n\n\n<p><a href=\"https:\/\/fshds.fr\/site\/wp-content\/uploads\/2023\/02\/De-la-Venerie-et-de-ses-avatars.pdf\" target=\"_blank\" rel=\"noreferrer noopener\">De <em>La V\u00e9nerie <\/em>et de ses avatars<\/a>, par <em>Rapha\u00ebl SUPIOT<\/em><\/p>\n\n\n\n<p><a href=\"https:\/\/fshds.fr\/site\/wp-content\/uploads\/2023\/02\/Etienne-Rivet-pretre.pdf\" target=\"_blank\" rel=\"noreferrer noopener\">\u00c9tienne Rivet, un parcours de pr\u00eatre avant et pendant la R\u00e9volution<\/a>, par <em>Michel BERTAUD<\/em><\/p>\n\n\n\n<p><a href=\"https:\/\/fshds.fr\/site\/wp-content\/uploads\/2023\/02\/Julien-Burcier-architecte-departemental.pdf\" target=\"_blank\" rel=\"noreferrer noopener\">Julien Burcier, architecte d\u00e9partemental, de Bressuire au marais de Bessines<\/a>, par <em>Marie-Laure VIART<\/em><\/p>\n\n\n\n<p><a href=\"https:\/\/fshds.fr\/site\/wp-content\/uploads\/2023\/02\/Aspects-de-loccupation-allemande-a-Bressuire.pdf\" target=\"_blank\" rel=\"noreferrer noopener\">Aspects de l\u2019occupation allemande \u00e0 Bressuire<\/a>, <em>communication pr\u00e9sent\u00e9e par Guy-Marie LENNE,<\/em> <em>adapt\u00e9e du M\u00e9moire de Master 1 de Jocelin MONNEAU<\/em><\/p>\n\n\n\n<p><\/p>\n","protected":false},"excerpt":{"rendered":"<p>2\u00e8me Journ\u00e9e de l&rsquo;Histoire en Deux-S\u00e8vres Dimanche 6 octobre 2019 B\u00e9celeuf Jacques du Fouilloux (1519-1580), gentilhomme chasseur en g\u00e2tine, par Fr\u00e9d\u00e9ric DUMERCHAT De La V\u00e9nerie et de ses avatars, par Rapha\u00ebl SUPIOT \u00c9tienne Rivet, un parcours de pr\u00eatre avant et pendant la R\u00e9volution, par Michel BERTAUD Julien Burcier, architecte d\u00e9partemental, de Bressuire au marais de&hellip; <br \/> <a class=\"read-more\" href=\"https:\/\/fshds.fr\/site\/2eme-journee-de-lhistoire-en-deux-sevres\/\">Lire la suite<\/a><\/p>\n","protected":false},"author":1,"featured_media":0,"parent":0,"menu_order":0,"comment_status":"closed","ping_status":"closed","template":"","meta":{"_seopress_robots_primary_cat":"","_seopress_titles_title":"","_seopress_titles_desc":"","_seopress_robots_index":"","footnotes":""},"class_list":["post-2717","page","type-page","status-publish","hentry"],"_links":{"self":[{"href":"https:\/\/fshds.fr\/site\/wp-json\/wp\/v2\/pages\/2717","targetHints":{"allow":["GET"]}}],"collection":[{"href":"https:\/\/fshds.fr\/site\/wp-json\/wp\/v2\/pages"}],"about":[{"href":"https:\/\/fshds.fr\/site\/wp-json\/wp\/v2\/types\/page"}],"author":[{"embeddable":true,"href":"https:\/\/fshds.fr\/site\/wp-json\/wp\/v2\/users\/1"}],"replies":[{"embeddable":true,"href":"https:\/\/fshds.fr\/site\/wp-json\/wp\/v2\/comments?post=2717"}],"version-history":[{"count":4,"href":"https:\/\/fshds.fr\/site\/wp-json\/wp\/v2\/pages\/2717\/revisions"}],"predecessor-version":[{"id":2724,"href":"https:\/\/fshds.fr\/site\/wp-json\/wp\/v2\/pages\/2717\/revisions\/2724"}],"wp:attachment":[{"href":"https:\/\/fshds.fr\/site\/wp-json\/wp\/v2\/media?parent=2717"}],"curies":[{"name":"wp","href":"https:\/\/api.w.org\/{rel}","templated":true}]}}