{"id":2467,"date":"2022-11-23T22:50:25","date_gmt":"2022-11-23T21:50:25","guid":{"rendered":"https:\/\/fshds.fr\/site\/?page_id=2467"},"modified":"2023-02-18T19:48:12","modified_gmt":"2023-02-18T18:48:12","slug":"congres-2018","status":"publish","type":"page","link":"https:\/\/fshds.fr\/site\/congres-2018\/","title":{"rendered":"1\u00e8re Journ\u00e9e de l&rsquo;Histoire en Deux-S\u00e8vres 2018"},"content":{"rendered":"\n<h2 class=\"has-text-align-center wp-block-heading\"><strong>1\u00e8re Journ\u00e9e de l&rsquo;Histoire en Deux-S\u00e8vres<\/strong><\/h2>\n\n\n\n<p class=\"has-text-align-center\"><strong>Dimanche 7 octobre 201<\/strong>8<\/p>\n\n\n\n<p class=\"has-text-align-center\"><strong>MAUZE-SUR-LE-MIGNON<\/strong><\/p>\n\n\n\n<p><\/p>\n\n\n\n<p><a href=\"https:\/\/fshds.fr\/site\/wp-content\/uploads\/2022\/11\/La-Federation-de-societes-savantes-et-culturelles-des-Deux-Sevres.pdf\" target=\"_blank\" rel=\"noreferrer noopener\">La F\u00e9d\u00e9ration des Soci\u00e9t\u00e9s savantes et culturelles des Deux-S\u00e8vres. 50 ans au service de l\u2019histoire en Deux-S\u00e8vres<\/a>, par Guy-Marie LENNE<\/p>\n\n\n\n<p><a href=\"https:\/\/fshds.fr\/site\/wp-content\/uploads\/2022\/11\/Thomas-Gould-1657-1734-pretre-irlandais-et-missionnaire-du-roi.pdf\" target=\"_blank\" rel=\"noreferrer noopener\">Thomas Gould (1657-1734), pr\u00eatre irlandais et missionnaire du Roi en terres thouarsaise<\/a>s, par Baptiste CESBRON<\/p>\n\n\n\n<p><a href=\"https:\/\/fshds.fr\/site\/wp-content\/uploads\/2022\/11\/La-Grande-guerre-et-le-rapatriement-des-corps.pdf\" target=\"_blank\" rel=\"noreferrer noopener\">Les victimes de la Grande Guerre et le rapatriement des corps dans les cantons de Coulonges-sur-l\u2019Autize et Champdeniers<\/a>, par Michel MONTOUX<\/p>\n\n\n\n<p><a href=\"https:\/\/fshds.fr\/site\/wp-content\/uploads\/2022\/11\/Ceux-dUsseau-dans-la-Grande-Guerre.pdf\" target=\"_blank\" rel=\"noreferrer noopener\">Ceux d&rsquo;Usseau dans la Grande Guerre\u2026 Eux aussi<\/a>, par Maryse TELLIER<\/p>\n\n\n\n<p><\/p>\n\n\n\n<p><\/p>\n\n\n\n<p><\/p>\n","protected":false},"excerpt":{"rendered":"<p>1\u00e8re Journ\u00e9e de l&rsquo;Histoire en Deux-S\u00e8vres Dimanche 7 octobre 2018 MAUZE-SUR-LE-MIGNON La F\u00e9d\u00e9ration des Soci\u00e9t\u00e9s savantes et culturelles des Deux-S\u00e8vres. 50 ans au service de l\u2019histoire en Deux-S\u00e8vres, par Guy-Marie LENNE Thomas Gould (1657-1734), pr\u00eatre irlandais et missionnaire du Roi en terres thouarsaises, par Baptiste CESBRON Les victimes de la Grande Guerre et le rapatriement&hellip; <br \/> <a class=\"read-more\" href=\"https:\/\/fshds.fr\/site\/congres-2018\/\">Lire la suite<\/a><\/p>\n","protected":false},"author":1,"featured_media":0,"parent":0,"menu_order":0,"comment_status":"closed","ping_status":"closed","template":"","meta":{"_seopress_robots_primary_cat":"","_seopress_titles_title":"","_seopress_titles_desc":"","_seopress_robots_index":"","footnotes":""},"class_list":["post-2467","page","type-page","status-publish","hentry"],"_links":{"self":[{"href":"https:\/\/fshds.fr\/site\/wp-json\/wp\/v2\/pages\/2467","targetHints":{"allow":["GET"]}}],"collection":[{"href":"https:\/\/fshds.fr\/site\/wp-json\/wp\/v2\/pages"}],"about":[{"href":"https:\/\/fshds.fr\/site\/wp-json\/wp\/v2\/types\/page"}],"author":[{"embeddable":true,"href":"https:\/\/fshds.fr\/site\/wp-json\/wp\/v2\/users\/1"}],"replies":[{"embeddable":true,"href":"https:\/\/fshds.fr\/site\/wp-json\/wp\/v2\/comments?post=2467"}],"version-history":[{"count":4,"href":"https:\/\/fshds.fr\/site\/wp-json\/wp\/v2\/pages\/2467\/revisions"}],"predecessor-version":[{"id":2716,"href":"https:\/\/fshds.fr\/site\/wp-json\/wp\/v2\/pages\/2467\/revisions\/2716"}],"wp:attachment":[{"href":"https:\/\/fshds.fr\/site\/wp-json\/wp\/v2\/media?parent=2467"}],"curies":[{"name":"wp","href":"https:\/\/api.w.org\/{rel}","templated":true}]}}