{"id":2192,"date":"2022-09-26T17:01:25","date_gmt":"2022-09-26T15:01:25","guid":{"rendered":"https:\/\/fshds.fr\/site\/?page_id=2192"},"modified":"2024-11-12T13:06:49","modified_gmt":"2024-11-12T12:06:49","slug":"genea79-cercle-genealogique-des-deux-sevres","status":"publish","type":"page","link":"https:\/\/fshds.fr\/site\/les-societes-affilies\/genea79-cercle-genealogique-des-deux-sevres\/","title":{"rendered":"GENEA79 : Cercle g\u00e9n\u00e9alogique des Deux-S\u00e8vres"},"content":{"rendered":"\n<p><a href=\"https:\/\/fshds.fr\/site\/\">Fshds<\/a> &gt; <a href=\"https:\/\/fshds.fr\/site\/les-societes-affilies\/\">Les soci\u00e9t\u00e9s affili\u00e9es<\/a> &gt; GENEA79 : Cercle g\u00e9n\u00e9alogique des Deux-S\u00e8vres<\/p>\n\n\n\n<p><\/p>\n\n\n\n<div class=\"wp-block-columns is-layout-flex wp-container-core-columns-is-layout-9d6595d7 wp-block-columns-is-layout-flex\">\n<div class=\"wp-block-column is-layout-flow wp-block-column-is-layout-flow\">\n<figure class=\"wp-block-image size-full\"><img loading=\"lazy\" decoding=\"async\" width=\"150\" height=\"150\" src=\"https:\/\/fshds.fr\/site\/wp-content\/uploads\/2022\/07\/genea79.jpg\" alt=\"\" class=\"wp-image-1759\"\/><\/figure>\n<\/div>\n\n\n\n<div class=\"wp-block-column is-layout-flow wp-block-column-is-layout-flow\">\n<p><strong>Fond\u00e9 en 1991<\/strong><\/p>\n\n\n\n<p><strong>Affili\u00e9 \u00e0 la F\u00e9d\u00e9ration<\/strong> <strong>en 2022<\/strong><\/p>\n\n\n\n<ul class=\"wp-block-social-links has-icon-background-color is-layout-flex wp-block-social-links-is-layout-flex\"><li style=\"background-color:#7e858b;\" class=\"wp-social-link wp-social-link-chain  wp-block-social-link\"><a rel=\"noopener nofollow\" target=\"_blank\" href=\"https:\/\/genea79.fr\/\" class=\"wp-block-social-link-anchor\"><svg width=\"24\" height=\"24\" viewBox=\"0 0 24 24\" version=\"1.1\" xmlns=\"http:\/\/www.w3.org\/2000\/svg\" aria-hidden=\"true\" focusable=\"false\"><path d=\"M15.6,7.2H14v1.5h1.6c2,0,3.7,1.7,3.7,3.7s-1.7,3.7-3.7,3.7H14v1.5h1.6c2.8,0,5.2-2.3,5.2-5.2,0-2.9-2.3-5.2-5.2-5.2zM4.7,12.4c0-2,1.7-3.7,3.7-3.7H10V7.2H8.4c-2.9,0-5.2,2.3-5.2,5.2,0,2.9,2.3,5.2,5.2,5.2H10v-1.5H8.4c-2,0-3.7-1.7-3.7-3.7zm4.6.9h5.3v-1.5H9.3v1.5z\"><\/path><\/svg><span class=\"wp-block-social-link-label screen-reader-text\">Lien<\/span><\/a><\/li>\n\n<li style=\"background-color:#7e858b;\" class=\"wp-social-link wp-social-link-facebook  wp-block-social-link\"><a rel=\"noopener nofollow\" target=\"_blank\" href=\"https:\/\/www.facebook.com\/cerclegenea79\" class=\"wp-block-social-link-anchor\"><svg width=\"24\" height=\"24\" viewBox=\"0 0 24 24\" version=\"1.1\" xmlns=\"http:\/\/www.w3.org\/2000\/svg\" aria-hidden=\"true\" focusable=\"false\"><path d=\"M12 2C6.5 2 2 6.5 2 12c0 5 3.7 9.1 8.4 9.9v-7H7.9V12h2.5V9.8c0-2.5 1.5-3.9 3.8-3.9 1.1 0 2.2.2 2.2.2v2.5h-1.3c-1.2 0-1.6.8-1.6 1.6V12h2.8l-.4 2.9h-2.3v7C18.3 21.1 22 17 22 12c0-5.5-4.5-10-10-10z\"><\/path><\/svg><span class=\"wp-block-social-link-label screen-reader-text\">Facebook<\/span><\/a><\/li>\n\n<li style=\"background-color:#7e858b;\" class=\"wp-social-link wp-social-link-wordpress  wp-block-social-link\"><a rel=\"noopener nofollow\" target=\"_blank\" href=\"https:\/\/genea79.wordpress.com\/\" class=\"wp-block-social-link-anchor\"><svg width=\"24\" height=\"24\" viewBox=\"0 0 24 24\" version=\"1.1\" xmlns=\"http:\/\/www.w3.org\/2000\/svg\" aria-hidden=\"true\" focusable=\"false\"><path d=\"M12.158,12.786L9.46,20.625c0.806,0.237,1.657,0.366,2.54,0.366c1.047,0,2.051-0.181,2.986-0.51 c-0.024-0.038-0.046-0.079-0.065-0.124L12.158,12.786z M3.009,12c0,3.559,2.068,6.634,5.067,8.092L3.788,8.341 C3.289,9.459,3.009,10.696,3.009,12z M18.069,11.546c0-1.112-0.399-1.881-0.741-2.48c-0.456-0.741-0.883-1.368-0.883-2.109 c0-0.826,0.627-1.596,1.51-1.596c0.04,0,0.078,0.005,0.116,0.007C16.472,3.904,14.34,3.009,12,3.009 c-3.141,0-5.904,1.612-7.512,4.052c0.211,0.007,0.41,0.011,0.579,0.011c0.94,0,2.396-0.114,2.396-0.114 C7.947,6.93,8.004,7.642,7.52,7.699c0,0-0.487,0.057-1.029,0.085l3.274,9.739l1.968-5.901l-1.401-3.838 C9.848,7.756,9.389,7.699,9.389,7.699C8.904,7.67,8.961,6.93,9.446,6.958c0,0,1.484,0.114,2.368,0.114 c0.94,0,2.397-0.114,2.397-0.114c0.485-0.028,0.542,0.684,0.057,0.741c0,0-0.488,0.057-1.029,0.085l3.249,9.665l0.897-2.996 C17.841,13.284,18.069,12.316,18.069,11.546z M19.889,7.686c0.039,0.286,0.06,0.593,0.06,0.924c0,0.912-0.171,1.938-0.684,3.22 l-2.746,7.94c2.673-1.558,4.47-4.454,4.47-7.771C20.991,10.436,20.591,8.967,19.889,7.686z M12,22C6.486,22,2,17.514,2,12 C2,6.486,6.486,2,12,2c5.514,0,10,4.486,10,10C22,17.514,17.514,22,12,22z\"><\/path><\/svg><span class=\"wp-block-social-link-label screen-reader-text\">WordPress<\/span><\/a><\/li><\/ul>\n<\/div>\n<\/div>\n\n\n\n<figure class=\"wp-block-table\"><table><tbody><tr><td><strong>Adresse<\/strong> :<br>26, rue de la Blauderie, 79022 NIORT Cedex<br><br><strong>Contact<\/strong> :<br>Genea79@orange.fr<br><\/td><td><strong>Pr\u00e9sident :<br><\/strong>Monique BUREAU<br><br><strong>La vie de l&rsquo;association<\/strong><br>Edition de trois bulletins annuels<br>Gestion d&rsquo;une base de donn\u00e9es g\u00e9n\u00e9alogique <br>Promotion de la g\u00e9n\u00e9alogie (initiations, entraide, conf\u00e9rences, challenge d\u2019\u00e9criture, recherches, lectures&#8230;)<br><br><strong>Nombre de membres :<\/strong> 547 en 2024<br><strong>Cotisation :<\/strong> 29 \u20ac\/an<\/td><\/tr><\/tbody><\/table><\/figure>\n","protected":false},"excerpt":{"rendered":"<p>Fshds &gt; Les soci\u00e9t\u00e9s affili\u00e9es &gt; GENEA79 : Cercle g\u00e9n\u00e9alogique des Deux-S\u00e8vres Fond\u00e9 en 1991 Affili\u00e9 \u00e0 la F\u00e9d\u00e9ration en 2022 Adresse :26, rue de la Blauderie, 79022 NIORT Cedex Contact :Genea79@orange.fr Pr\u00e9sident :Monique BUREAU La vie de l&rsquo;associationEdition de trois bulletins annuelsGestion d&rsquo;une base de donn\u00e9es g\u00e9n\u00e9alogique Promotion de la g\u00e9n\u00e9alogie (initiations, entraide, conf\u00e9rences,&hellip; <br \/> <a class=\"read-more\" href=\"https:\/\/fshds.fr\/site\/les-societes-affilies\/genea79-cercle-genealogique-des-deux-sevres\/\">Lire la suite<\/a><\/p>\n","protected":false},"author":1,"featured_media":0,"parent":12,"menu_order":1,"comment_status":"closed","ping_status":"closed","template":"","meta":{"_seopress_robots_primary_cat":"","_seopress_titles_title":"","_seopress_titles_desc":"","_seopress_robots_index":"","footnotes":""},"class_list":["post-2192","page","type-page","status-publish","hentry"],"_links":{"self":[{"href":"https:\/\/fshds.fr\/site\/wp-json\/wp\/v2\/pages\/2192","targetHints":{"allow":["GET"]}}],"collection":[{"href":"https:\/\/fshds.fr\/site\/wp-json\/wp\/v2\/pages"}],"about":[{"href":"https:\/\/fshds.fr\/site\/wp-json\/wp\/v2\/types\/page"}],"author":[{"embeddable":true,"href":"https:\/\/fshds.fr\/site\/wp-json\/wp\/v2\/users\/1"}],"replies":[{"embeddable":true,"href":"https:\/\/fshds.fr\/site\/wp-json\/wp\/v2\/comments?post=2192"}],"version-history":[{"count":9,"href":"https:\/\/fshds.fr\/site\/wp-json\/wp\/v2\/pages\/2192\/revisions"}],"predecessor-version":[{"id":3899,"href":"https:\/\/fshds.fr\/site\/wp-json\/wp\/v2\/pages\/2192\/revisions\/3899"}],"up":[{"embeddable":true,"href":"https:\/\/fshds.fr\/site\/wp-json\/wp\/v2\/pages\/12"}],"wp:attachment":[{"href":"https:\/\/fshds.fr\/site\/wp-json\/wp\/v2\/media?parent=2192"}],"curies":[{"name":"wp","href":"https:\/\/api.w.org\/{rel}","templated":true}]}}