{"id":1517,"date":"2019-10-07T20:32:43","date_gmt":"2019-10-07T18:32:43","guid":{"rendered":"http:\/\/fshds.fr\/2017\/?page_id=1517"},"modified":"2022-11-23T22:23:18","modified_gmt":"2022-11-23T21:23:18","slug":"congres-2017","status":"publish","type":"page","link":"https:\/\/fshds.fr\/site\/congres-2017\/","title":{"rendered":"Congr\u00e8s 2017"},"content":{"rendered":"<h2 style=\"text-align: center;\"><strong><span lang=\"fr\">Congr\u00e8s d\u00e9partemental<\/span><\/strong><\/h2>\n<p style=\"text-align: center;\"><span style=\"font-size: 18pt;\"><strong><span style=\"color: #000000;\">Dimanche 1er octobre 2017<\/span><\/strong><\/span><\/p>\n<p style=\"text-align: center;\"><span style=\"font-size: 18pt;\"><strong><span style=\"color: #000000;\">SAINT-MAIXENT-L&rsquo;ECOLE<\/span><\/strong><\/span><\/p>\n<p style=\"text-align: center;\"><span lang=\"fr\"><br \/>\n<strong><span style=\"color: #000000;\"><span style=\"color: #ff0000;\"><a href=\"http:\/\/fshds.fr\/2017\/1657266404342\/wp-content\/uploads\/2019\/10\/lorigine-des-marches-communes.pdf\" target=\"_blank\" rel=\"noopener\">l&rsquo;origine des marches communes<\/a><\/span>, par Yves Duval<\/span><\/strong><\/span><\/p>\n<p style=\"text-align: center;\"><a href=\"http:\/\/fshds.fr\/2017\/1657266404342\/wp-content\/uploads\/2019\/10\/Les-proscrits-de-1852-dans-les-Deux-S\u00e8vres.pdf\" target=\"_blank\" rel=\"noopener\"><strong>Les proscrits de 1852 dans les Deux-S\u00e8vres,&nbsp;<\/strong><\/a><span lang=\"fr\"><strong><span style=\"color: #000000;\"> par Michel Montoux<\/span><\/strong><\/span><\/p>\n<p style=\"text-align: center;\"><span lang=\"fr\"><a href=\"http:\/\/fshds.fr\/2017\/1657266404342\/wp-content\/uploads\/2019\/10\/Gaston-Devilette-un-style-nouveau-\u00e0-Niort.pdf\" target=\"_blank\" rel=\"noopener\"><strong>Gaston Devilette, un style nouveau \u00e0 Niort<\/strong><\/a><strong>,<span style=\"color: #000000;\"> par Fran\u00e7ois Chevallereau<\/span><\/strong><\/span><\/p>\n<p style=\"text-align: center;\"><a href=\"http:\/\/fshds.fr\/2017\/1657266404342\/wp-content\/uploads\/2019\/10\/Que-sont-les-objets-mobiliers.pdf\" target=\"_blank\" rel=\"noopener\"><strong>Que sont les objets mobiliers<\/strong><\/a><span style=\"color: #000000;\"><strong>, par Marie-Madeleine G\u00e9ri<\/strong><\/span><\/p>\n","protected":false},"excerpt":{"rendered":"<p>Congr\u00e8s d\u00e9partemental Dimanche 1er octobre 2017 SAINT-MAIXENT-L&rsquo;ECOLE l&rsquo;origine des marches communes, par Yves Duval Les proscrits de 1852 dans les Deux-S\u00e8vres,&nbsp; par Michel Montoux Gaston Devilette, un style nouveau \u00e0 Niort, par Fran\u00e7ois Chevallereau Que sont les objets mobiliers, par Marie-Madeleine G\u00e9ri<\/p>\n","protected":false},"author":1,"featured_media":0,"parent":0,"menu_order":0,"comment_status":"closed","ping_status":"closed","template":"","meta":{"_seopress_robots_primary_cat":"","_seopress_titles_title":"","_seopress_titles_desc":"","_seopress_robots_index":"","footnotes":""},"class_list":["post-1517","page","type-page","status-publish","hentry"],"_links":{"self":[{"href":"https:\/\/fshds.fr\/site\/wp-json\/wp\/v2\/pages\/1517","targetHints":{"allow":["GET"]}}],"collection":[{"href":"https:\/\/fshds.fr\/site\/wp-json\/wp\/v2\/pages"}],"about":[{"href":"https:\/\/fshds.fr\/site\/wp-json\/wp\/v2\/types\/page"}],"author":[{"embeddable":true,"href":"https:\/\/fshds.fr\/site\/wp-json\/wp\/v2\/users\/1"}],"replies":[{"embeddable":true,"href":"https:\/\/fshds.fr\/site\/wp-json\/wp\/v2\/comments?post=1517"}],"version-history":[{"count":8,"href":"https:\/\/fshds.fr\/site\/wp-json\/wp\/v2\/pages\/1517\/revisions"}],"predecessor-version":[{"id":2469,"href":"https:\/\/fshds.fr\/site\/wp-json\/wp\/v2\/pages\/1517\/revisions\/2469"}],"wp:attachment":[{"href":"https:\/\/fshds.fr\/site\/wp-json\/wp\/v2\/media?parent=1517"}],"curies":[{"name":"wp","href":"https:\/\/api.w.org\/{rel}","templated":true}]}}