{"id":1500,"date":"2019-09-16T21:51:04","date_gmt":"2019-09-16T19:51:04","guid":{"rendered":"http:\/\/fshds.fr\/2017\/?page_id=1500"},"modified":"2024-10-15T09:56:18","modified_gmt":"2024-10-15T07:56:18","slug":"2eme-journee-de-lhistoire-en-deux-sevres-2019","status":"publish","type":"page","link":"https:\/\/fshds.fr\/site\/congres\/2eme-journee-de-lhistoire-en-deux-sevres-2019\/","title":{"rendered":"6e Journ\u00e9e de l&rsquo;Histoire en Deux-S\u00e8vres 2024"},"content":{"rendered":"\n<p class=\"has-text-align-center\"><span style=\"font-size: 14pt; font-family: verdana, geneva, sans-serif;\">F\u00c9D\u00c9RATION DES SOCI\u00c9T\u00c9S SAVANTES<\/span><\/p>\n\n\n\n<p class=\"has-text-align-center\"><span style=\"font-size: 14pt; font-family: verdana, geneva, sans-serif;\">ET CULTURELLES DES DEUX-S\u00c8VRES<\/span><\/p>\n\n\n\n<p class=\"has-text-align-center\"><span style=\"font-family: verdana, geneva, sans-serif;\"><span style=\"font-size: 14pt;\">6<sup>E<\/sup> JOURN\u00c9E DE L&rsquo;HISTOIRE EN DEUX-S\u00c8VRES<\/span><\/span><\/p>\n\n\n\n<p class=\"has-text-align-center\"><span style=\"font-family: verdana, geneva, sans-serif;\">SAINT-MAIXENT-L&rsquo;ECOLE<\/span><\/p>\n\n\n\n<p class=\"has-text-align-center\"><span style=\"font-family: verdana, geneva, sans-serif;\">Dimanche 13 octobre 2024<\/span><\/p>\n\n\n\n<p class=\"has-text-align-center\"><span style=\"font-family: verdana, geneva, sans-serif;\">Organis\u00e9 en partenariat avec<\/span><\/p>\n\n\n\n<p class=\"has-text-align-center\"><span style=\"font-family: verdana, geneva, sans-serif;\">Soci\u00e9t\u00e9 historique et Arch\u00e9ologique du Val de S\u00e8vre<br>avec le soutien du Conseil d\u00e9partemental des Deux-S\u00e8vres, de la Ville de Saint-Maixent<\/span><\/p>\n\n\n<div class=\"wp-block-image\">\n<figure class=\"aligncenter size-large is-resized\"><img loading=\"lazy\" decoding=\"async\" width=\"1020\" height=\"1442\" src=\"https:\/\/fshds.fr\/site\/wp-content\/uploads\/2024\/09\/affiche-6eme-journee-Saint-Maixent-1020x1442.jpg\" alt=\"\" class=\"wp-image-3610\" style=\"width:357px;height:auto\" srcset=\"https:\/\/fshds.fr\/site\/wp-content\/uploads\/2024\/09\/affiche-6eme-journee-Saint-Maixent-1020x1442.jpg 1020w, https:\/\/fshds.fr\/site\/wp-content\/uploads\/2024\/09\/affiche-6eme-journee-Saint-Maixent-632x894.jpg 632w, https:\/\/fshds.fr\/site\/wp-content\/uploads\/2024\/09\/affiche-6eme-journee-Saint-Maixent-768x1086.jpg 768w, https:\/\/fshds.fr\/site\/wp-content\/uploads\/2024\/09\/affiche-6eme-journee-Saint-Maixent-1086x1536.jpg 1086w, https:\/\/fshds.fr\/site\/wp-content\/uploads\/2024\/09\/affiche-6eme-journee-Saint-Maixent-1448x2048.jpg 1448w, https:\/\/fshds.fr\/site\/wp-content\/uploads\/2024\/09\/affiche-6eme-journee-Saint-Maixent-1024x1448.jpg 1024w, https:\/\/fshds.fr\/site\/wp-content\/uploads\/2024\/09\/affiche-6eme-journee-Saint-Maixent-764x1080.jpg 764w, https:\/\/fshds.fr\/site\/wp-content\/uploads\/2024\/09\/affiche-6eme-journee-Saint-Maixent.jpg 1754w\" sizes=\"auto, (max-width: 1020px) 100vw, 1020px\" \/><\/figure>\n<\/div>\n\n\n<p class=\"has-text-align-left\">La 6<sup>e<\/sup> Journ\u00e9e de l&rsquo;Histoire en Deux-S\u00e8vres s&rsquo;est d\u00e9roul\u00e9e, dimanche 13 octobre, sous un ciel radieux \u00e0 Saint-Maixent-L&rsquo;Ecole.<\/p>\n\n\n\n<p>Dans la matin\u00e9e, l&rsquo;assistance a pu \u00e9couter trois communications :<\/p>\n\n\n\n<ul class=\"wp-block-list\">\n<li>Les archives du sport dans les Deux-S\u00e8vres,&nbsp; <em>par Mme Marie BOLOT-KHELIFI<\/em>, directrice des Archives d\u00e9partementales des Deux-S\u00e8vres<\/li>\n\n\n\n<li>Les 100 ans de l\u2019Union sportive Thouarsaise, <em>par M. Dominique MARQUET<\/em> de la SHAAPT<\/li>\n\n\n\n<li>Les soci\u00e9t\u00e9s sportives \u00e0 Bressuire, entre heurs et malheurs au XX<sup>e<\/sup> si\u00e8cle, <em>par M. Guy-Marie LENNE<\/em> d&rsquo;HPB<\/li>\n<\/ul>\n\n\n\n<p>Apr\u00e8s un repas tr\u00e8s convivial au restaurant Le Lysius de Saint-Maixent, les pr\u00e9sents ont visit\u00e9 le Mus\u00e9e national du sous-officier, guid\u00e9s par un jeune aspirant tr\u00e8s au fait de l&rsquo;histoire de l&rsquo;ENSOA.<\/p>\n\n\n\n<div class=\"wp-block-columns is-layout-flex wp-container-core-columns-is-layout-9d6595d7 wp-block-columns-is-layout-flex\">\n<div class=\"wp-block-column is-layout-flow wp-block-column-is-layout-flow\">\n<figure class=\"wp-block-image size-large\"><img loading=\"lazy\" decoding=\"async\" width=\"1020\" height=\"574\" src=\"https:\/\/fshds.fr\/site\/wp-content\/uploads\/2024\/10\/20241013_095409-1020x574.jpg\" alt=\"Communication de Mme BOLOT, directrice des Archives d\u00e9partementales\" class=\"wp-image-3685\" srcset=\"https:\/\/fshds.fr\/site\/wp-content\/uploads\/2024\/10\/20241013_095409-1020x574.jpg 1020w, https:\/\/fshds.fr\/site\/wp-content\/uploads\/2024\/10\/20241013_095409-632x356.jpg 632w, https:\/\/fshds.fr\/site\/wp-content\/uploads\/2024\/10\/20241013_095409-768x432.jpg 768w, https:\/\/fshds.fr\/site\/wp-content\/uploads\/2024\/10\/20241013_095409-1536x864.jpg 1536w, https:\/\/fshds.fr\/site\/wp-content\/uploads\/2024\/10\/20241013_095409-2048x1152.jpg 2048w, https:\/\/fshds.fr\/site\/wp-content\/uploads\/2024\/10\/20241013_095409-1024x576.jpg 1024w, https:\/\/fshds.fr\/site\/wp-content\/uploads\/2024\/10\/20241013_095409-1920x1080.jpg 1920w\" sizes=\"auto, (max-width: 1020px) 100vw, 1020px\" \/><figcaption class=\"wp-element-caption\">Communication de Mme BOLOT, directrice des Archives d\u00e9partementales lors de la 6<sup>e<\/sup> Journ\u00e9e de l&rsquo;Histoire en Deux-S\u00e8vres<\/figcaption><\/figure>\n<\/div>\n\n\n\n<div class=\"wp-block-column is-layout-flow wp-block-column-is-layout-flow\">\n<figure class=\"wp-block-image size-large\"><img loading=\"lazy\" decoding=\"async\" width=\"1020\" height=\"574\" src=\"https:\/\/fshds.fr\/site\/wp-content\/uploads\/2024\/10\/20241013_095421-1020x574.jpg\" alt=\"Assistance lors de la 6\u00e8me Journ\u00e9e de l'Histoire en Deux-S\u00e8vres\" class=\"wp-image-3686\" srcset=\"https:\/\/fshds.fr\/site\/wp-content\/uploads\/2024\/10\/20241013_095421-1020x574.jpg 1020w, https:\/\/fshds.fr\/site\/wp-content\/uploads\/2024\/10\/20241013_095421-632x356.jpg 632w, https:\/\/fshds.fr\/site\/wp-content\/uploads\/2024\/10\/20241013_095421-768x432.jpg 768w, https:\/\/fshds.fr\/site\/wp-content\/uploads\/2024\/10\/20241013_095421-1536x864.jpg 1536w, https:\/\/fshds.fr\/site\/wp-content\/uploads\/2024\/10\/20241013_095421-2048x1152.jpg 2048w, https:\/\/fshds.fr\/site\/wp-content\/uploads\/2024\/10\/20241013_095421-1024x576.jpg 1024w, https:\/\/fshds.fr\/site\/wp-content\/uploads\/2024\/10\/20241013_095421-1920x1080.jpg 1920w\" sizes=\"auto, (max-width: 1020px) 100vw, 1020px\" \/><figcaption class=\"wp-element-caption\">Assistance lors de la 6\u00e8me Journ\u00e9e de l&rsquo;Histoire en Deux-S\u00e8vres<\/figcaption><\/figure>\n<\/div>\n<\/div>\n\n\n\n<div class=\"wp-block-columns is-layout-flex wp-container-core-columns-is-layout-9d6595d7 wp-block-columns-is-layout-flex\">\n<div class=\"wp-block-column is-layout-flow wp-block-column-is-layout-flow\"><div class=\"wp-block-image\">\n<figure class=\"aligncenter size-large is-resized\"><img loading=\"lazy\" decoding=\"async\" width=\"1020\" height=\"1335\" src=\"https:\/\/fshds.fr\/site\/wp-content\/uploads\/2024\/10\/20241013_104706-scaled-e1728905505285-1020x1335.jpg\" alt=\"Communication de M. Marquet lors de la 6\u00e8me Journ\u00e9e de l'Histoire en Deux-S\u00e8vres\" class=\"wp-image-3687\" style=\"width:289px;height:auto\" srcset=\"https:\/\/fshds.fr\/site\/wp-content\/uploads\/2024\/10\/20241013_104706-scaled-e1728905505285-1020x1335.jpg 1020w, https:\/\/fshds.fr\/site\/wp-content\/uploads\/2024\/10\/20241013_104706-scaled-e1728905505285-632x827.jpg 632w, https:\/\/fshds.fr\/site\/wp-content\/uploads\/2024\/10\/20241013_104706-scaled-e1728905505285-768x1005.jpg 768w, https:\/\/fshds.fr\/site\/wp-content\/uploads\/2024\/10\/20241013_104706-scaled-e1728905505285-1174x1536.jpg 1174w, https:\/\/fshds.fr\/site\/wp-content\/uploads\/2024\/10\/20241013_104706-scaled-e1728905505285-1024x1340.jpg 1024w, https:\/\/fshds.fr\/site\/wp-content\/uploads\/2024\/10\/20241013_104706-scaled-e1728905505285-825x1080.jpg 825w, https:\/\/fshds.fr\/site\/wp-content\/uploads\/2024\/10\/20241013_104706-scaled-e1728905505285.jpg 1245w\" sizes=\"auto, (max-width: 1020px) 100vw, 1020px\" \/><figcaption class=\"wp-element-caption\">Communication de M. Marquet lors de la 6<sup>e<\/sup> Journ\u00e9e de l&rsquo;Histoire en Deux-S\u00e8vres<\/figcaption><\/figure>\n<\/div><\/div>\n<\/div>\n\n\n\n<div class=\"wp-block-columns is-layout-flex wp-container-core-columns-is-layout-9d6595d7 wp-block-columns-is-layout-flex\">\n<div class=\"wp-block-column is-layout-flow wp-block-column-is-layout-flow\">\n<figure class=\"wp-block-image size-large\"><img loading=\"lazy\" decoding=\"async\" width=\"1020\" height=\"496\" src=\"https:\/\/fshds.fr\/site\/wp-content\/uploads\/2024\/10\/20241013_114638-1020x496.jpg\" alt=\"Communication de M. Lenne lors de la 6e Journ\u00e9e de l'Histoire en Deux-S\u00e8vres\" class=\"wp-image-3688\" srcset=\"https:\/\/fshds.fr\/site\/wp-content\/uploads\/2024\/10\/20241013_114638-1020x496.jpg 1020w, https:\/\/fshds.fr\/site\/wp-content\/uploads\/2024\/10\/20241013_114638-632x307.jpg 632w, https:\/\/fshds.fr\/site\/wp-content\/uploads\/2024\/10\/20241013_114638-768x373.jpg 768w, https:\/\/fshds.fr\/site\/wp-content\/uploads\/2024\/10\/20241013_114638-1536x747.jpg 1536w, https:\/\/fshds.fr\/site\/wp-content\/uploads\/2024\/10\/20241013_114638-2048x996.jpg 2048w, https:\/\/fshds.fr\/site\/wp-content\/uploads\/2024\/10\/20241013_114638-1024x498.jpg 1024w, https:\/\/fshds.fr\/site\/wp-content\/uploads\/2024\/10\/20241013_114638-1920x933.jpg 1920w\" sizes=\"auto, (max-width: 1020px) 100vw, 1020px\" \/><figcaption class=\"wp-element-caption\">Communication de M. Lenne lors de la 6<sup>e<\/sup> Journ\u00e9e de l&rsquo;Histoire en Deux-S\u00e8vres<\/figcaption><\/figure>\n<\/div>\n\n\n\n<div class=\"wp-block-column is-layout-flow wp-block-column-is-layout-flow\">\n<figure class=\"wp-block-image size-large\"><img loading=\"lazy\" decoding=\"async\" width=\"1020\" height=\"496\" src=\"https:\/\/fshds.fr\/site\/wp-content\/uploads\/2024\/10\/20241013_130537-1020x496.jpg\" alt=\"Repas convivial au restaurant Le Lysius de Saint-Maixent lors de la 6e Journ\u00e9e de l'Histoire en Deux-S\u00e8vres\" class=\"wp-image-3689\" srcset=\"https:\/\/fshds.fr\/site\/wp-content\/uploads\/2024\/10\/20241013_130537-1020x496.jpg 1020w, https:\/\/fshds.fr\/site\/wp-content\/uploads\/2024\/10\/20241013_130537-632x307.jpg 632w, https:\/\/fshds.fr\/site\/wp-content\/uploads\/2024\/10\/20241013_130537-768x373.jpg 768w, https:\/\/fshds.fr\/site\/wp-content\/uploads\/2024\/10\/20241013_130537-1536x747.jpg 1536w, https:\/\/fshds.fr\/site\/wp-content\/uploads\/2024\/10\/20241013_130537-2048x996.jpg 2048w, https:\/\/fshds.fr\/site\/wp-content\/uploads\/2024\/10\/20241013_130537-1024x498.jpg 1024w, https:\/\/fshds.fr\/site\/wp-content\/uploads\/2024\/10\/20241013_130537-1920x933.jpg 1920w\" sizes=\"auto, (max-width: 1020px) 100vw, 1020px\" \/><figcaption class=\"wp-element-caption\">Repas convivial au restaurant Le Lysius de Saint-Maixent lors de la 6<sup>e<\/sup> Journ\u00e9e de l&rsquo;Histoire en Deux-S\u00e8vres<\/figcaption><\/figure>\n<\/div>\n<\/div>\n\n\n\n<div class=\"wp-block-columns is-layout-flex wp-container-core-columns-is-layout-9d6595d7 wp-block-columns-is-layout-flex\">\n<div class=\"wp-block-column is-layout-flow wp-block-column-is-layout-flow\"><div class=\"wp-block-image\">\n<figure class=\"aligncenter size-large is-resized\"><img loading=\"lazy\" decoding=\"async\" width=\"1020\" height=\"496\" src=\"https:\/\/fshds.fr\/site\/wp-content\/uploads\/2024\/10\/20241013_154514-1020x496.jpg\" alt=\"Visite du Mus\u00e9e national du sous-officier \u00e0 Saint-Maixent, guid\u00e9 par un jeune aspirant\" class=\"wp-image-3691\" style=\"width:604px;height:auto\" srcset=\"https:\/\/fshds.fr\/site\/wp-content\/uploads\/2024\/10\/20241013_154514-1020x496.jpg 1020w, https:\/\/fshds.fr\/site\/wp-content\/uploads\/2024\/10\/20241013_154514-632x307.jpg 632w, https:\/\/fshds.fr\/site\/wp-content\/uploads\/2024\/10\/20241013_154514-768x373.jpg 768w, https:\/\/fshds.fr\/site\/wp-content\/uploads\/2024\/10\/20241013_154514-1536x747.jpg 1536w, https:\/\/fshds.fr\/site\/wp-content\/uploads\/2024\/10\/20241013_154514-2048x996.jpg 2048w, https:\/\/fshds.fr\/site\/wp-content\/uploads\/2024\/10\/20241013_154514-1024x498.jpg 1024w, https:\/\/fshds.fr\/site\/wp-content\/uploads\/2024\/10\/20241013_154514-1920x933.jpg 1920w\" sizes=\"auto, (max-width: 1020px) 100vw, 1020px\" \/><figcaption class=\"wp-element-caption\">Visite du Mus\u00e9e national du sous-officier \u00e0 Saint-Maixent, guid\u00e9 par un jeune aspirant<\/figcaption><\/figure>\n<\/div><\/div>\n<\/div>\n\n\n\n<div class=\"wp-block-columns is-layout-flex wp-container-core-columns-is-layout-9d6595d7 wp-block-columns-is-layout-flex\">\n<div class=\"wp-block-column is-layout-flow wp-block-column-is-layout-flow\"><div class=\"wp-block-image\">\n<figure class=\"aligncenter size-large is-resized\"><img loading=\"lazy\" decoding=\"async\" width=\"1020\" height=\"1813\" src=\"https:\/\/fshds.fr\/site\/wp-content\/uploads\/2024\/10\/20241013_153857-1020x1813.jpg\" alt=\"Visite du Mus\u00e9e national du sous-officier \u00e0 Saint-Maixent, guid\u00e9 par un jeune aspirant\" class=\"wp-image-3690\" style=\"width:279px;height:auto\" srcset=\"https:\/\/fshds.fr\/site\/wp-content\/uploads\/2024\/10\/20241013_153857-1020x1813.jpg 1020w, https:\/\/fshds.fr\/site\/wp-content\/uploads\/2024\/10\/20241013_153857-632x1124.jpg 632w, https:\/\/fshds.fr\/site\/wp-content\/uploads\/2024\/10\/20241013_153857-768x1365.jpg 768w, https:\/\/fshds.fr\/site\/wp-content\/uploads\/2024\/10\/20241013_153857-864x1536.jpg 864w, https:\/\/fshds.fr\/site\/wp-content\/uploads\/2024\/10\/20241013_153857-1152x2048.jpg 1152w, https:\/\/fshds.fr\/site\/wp-content\/uploads\/2024\/10\/20241013_153857-1024x1820.jpg 1024w, https:\/\/fshds.fr\/site\/wp-content\/uploads\/2024\/10\/20241013_153857-608x1080.jpg 608w, https:\/\/fshds.fr\/site\/wp-content\/uploads\/2024\/10\/20241013_153857-scaled.jpg 1440w\" sizes=\"auto, (max-width: 1020px) 100vw, 1020px\" \/><figcaption class=\"wp-element-caption\">Visite du Mus\u00e9e national du sous-officier \u00e0 Saint-Maixent, guid\u00e9 par un jeune aspirant<\/figcaption><\/figure>\n<\/div><\/div>\n<\/div>\n","protected":false},"excerpt":{"rendered":"<p>F\u00c9D\u00c9RATION DES SOCI\u00c9T\u00c9S SAVANTES ET CULTURELLES DES DEUX-S\u00c8VRES 6E JOURN\u00c9E DE L&rsquo;HISTOIRE EN DEUX-S\u00c8VRES SAINT-MAIXENT-L&rsquo;ECOLE Dimanche 13 octobre 2024 Organis\u00e9 en partenariat avec Soci\u00e9t\u00e9 historique et Arch\u00e9ologique du Val de S\u00e8vreavec le soutien du Conseil d\u00e9partemental des Deux-S\u00e8vres, de la Ville de Saint-Maixent La 6e Journ\u00e9e de l&rsquo;Histoire en Deux-S\u00e8vres s&rsquo;est d\u00e9roul\u00e9e, dimanche 13 octobre,&hellip; <br \/> <a class=\"read-more\" href=\"https:\/\/fshds.fr\/site\/congres\/2eme-journee-de-lhistoire-en-deux-sevres-2019\/\">Lire la suite<\/a><\/p>\n","protected":false},"author":1,"featured_media":3610,"parent":105,"menu_order":1,"comment_status":"closed","ping_status":"closed","template":"","meta":{"_seopress_robots_primary_cat":"","_seopress_titles_title":"","_seopress_titles_desc":"F\u00c9D\u00c9RATION DES SOCI\u00c9T\u00c9S SAVANTES ET CULTURELLES DES DEUX-S\u00c8VRES 6E JOURN\u00c9E DE L&#039;HISTOIRE EN DEUX-S\u00c8VRES SAINT-MAIXENT-L&#039;ECOLE Dimanche 13 octobre 2024 Organis\u00e9 en partenariat avec Soci\u00e9t\u00e9 historique et Arch\u00e9ologique du Val de S\u00e8vreavec le soutien du Conseil d\u00e9partemental des Deux-S\u00e8vres, de la Ville de Saint-Maixent","_seopress_robots_index":"","footnotes":""},"class_list":["post-1500","page","type-page","status-publish","has-post-thumbnail","hentry"],"_links":{"self":[{"href":"https:\/\/fshds.fr\/site\/wp-json\/wp\/v2\/pages\/1500","targetHints":{"allow":["GET"]}}],"collection":[{"href":"https:\/\/fshds.fr\/site\/wp-json\/wp\/v2\/pages"}],"about":[{"href":"https:\/\/fshds.fr\/site\/wp-json\/wp\/v2\/types\/page"}],"author":[{"embeddable":true,"href":"https:\/\/fshds.fr\/site\/wp-json\/wp\/v2\/users\/1"}],"replies":[{"embeddable":true,"href":"https:\/\/fshds.fr\/site\/wp-json\/wp\/v2\/comments?post=1500"}],"version-history":[{"count":35,"href":"https:\/\/fshds.fr\/site\/wp-json\/wp\/v2\/pages\/1500\/revisions"}],"predecessor-version":[{"id":4084,"href":"https:\/\/fshds.fr\/site\/wp-json\/wp\/v2\/pages\/1500\/revisions\/4084"}],"up":[{"embeddable":true,"href":"https:\/\/fshds.fr\/site\/wp-json\/wp\/v2\/pages\/105"}],"wp:featuredmedia":[{"embeddable":true,"href":"https:\/\/fshds.fr\/site\/wp-json\/wp\/v2\/media\/3610"}],"wp:attachment":[{"href":"https:\/\/fshds.fr\/site\/wp-json\/wp\/v2\/media?parent=1500"}],"curies":[{"name":"wp","href":"https:\/\/api.w.org\/{rel}","templated":true}]}}