{"id":1360,"date":"2018-09-05T18:37:06","date_gmt":"2018-09-05T16:37:06","guid":{"rendered":"http:\/\/fshds.fr\/2017\/?page_id=1360"},"modified":"2022-09-30T17:07:20","modified_gmt":"2022-09-30T15:07:20","slug":"congres-2016","status":"publish","type":"page","link":"https:\/\/fshds.fr\/site\/accueil-publication\/actes-des-congres\/congres-2016\/","title":{"rendered":"Congr\u00e8s 2016"},"content":{"rendered":"<p style=\"text-align: center;\"><span lang=\"fr\" style=\"font-family: tahoma, arial, helvetica, sans-serif; font-size: 18pt; color: #000000;\">Congr\u00e8s d\u00e9partemental :<\/span><\/p>\n<h2 style=\"text-align: center;\"><span lang=\"fr\" style=\"font-family: tahoma, arial, helvetica, sans-serif; font-size: 18pt;\">Dimanche 2 octobre 2016<br \/>\n<\/span><\/h2>\n<h2 style=\"text-align: center;\"><span lang=\"fr\" style=\"font-family: tahoma, arial, helvetica, sans-serif; font-size: 18pt;\">Thouars<\/span><\/h2>\n<p style=\"text-align: center;\"><span style=\"font-size: 14pt;\"><a href=\"http:\/\/fshds.fr\/2017\/1657266404342\/wp-content\/uploads\/2018\/09\/Article-Bakkal-Lagarde.pdf\" target=\"_blank\" rel=\"noopener\"><span style=\"font-family: tahoma, arial, helvetica, sans-serif; color: #ff0000;\"><strong>R\u00e9utiliser ou recycler dans le Louduno-Thouarsais au 3\u00e8me mill\u00e9naire avant notre \u00e8re<\/strong><\/span><\/a><\/span><span lang=\"fr\" style=\"font-family: tahoma, arial, helvetica, sans-serif; font-size: 18pt;\"><span style=\"font-size: 14pt;\"><strong><span style=\"color: #000000;\">, par<\/span><br \/>\n<span style=\"color: #000000;\">Marie-Claude BAKKAL-LAGARDE<\/span><\/strong><\/span><\/span><\/p>\n<p style=\"text-align: center;\"><a href=\"https:\/\/fshds.fr\/site\/wp-content\/uploads\/2022\/09\/Article-Nathalie-Gaillard.pdf\" target=\"_blank\" rel=\"noopener\"><span style=\"font-size: 14pt;\"><span style=\"font-family: tahoma, arial, helvetica, sans-serif; color: #ff0000;\"><strong>Les retables et tabern<\/strong><\/span><span style=\"font-family: tahoma, arial, helvetica, sans-serif; color: #ff0000;\"><strong>acles du Mellois.<br \/>\n<\/strong><\/span><\/span><\/a><span style=\"font-size: 14pt; font-family: tahoma, arial, helvetica, sans-serif;\"><strong><span style=\"color: #ff0000;\">Six si\u00e8cles de mise en image du sacr\u00e9<\/span><span style=\"color: #000000;\">, par<\/span><br \/>\n<span style=\"color: #000000;\">Nathalie GAILLARD<\/span><\/strong><\/span><\/p>\n<p style=\"text-align: center;\"><span style=\"font-family: tahoma, arial, helvetica, sans-serif; font-size: 14pt;\"><a href=\"http:\/\/fshds.fr\/2017\/1657266404342\/wp-content\/uploads\/2018\/09\/Article-Lebez.pdf\" target=\"_blank\" rel=\"noopener\"><span style=\"color: #ff0000;\"><strong>Des musiciens thouarsais <\/strong><\/span><\/a><strong><span style=\"font-family: tahoma, arial, helvetica, sans-serif; font-size: 14pt;\"><span style=\"color: #ff0000;\">\u00e0 la cour de Louis XIV<\/span>, <span style=\"color: #000000;\">par<\/span><\/span><br \/>\n<span style=\"font-family: tahoma, arial, helvetica, sans-serif; font-size: 14pt; color: #000000;\">Anne-Marie LEBEZ<\/span><\/strong><\/span><\/p>\n<p style=\"text-align: center;\"><span style=\"font-family: tahoma, arial, helvetica, sans-serif; font-size: 14pt;\"><a href=\"http:\/\/fshds.fr\/2017\/1657266404342\/wp-content\/uploads\/2018\/09\/Article-Lenne.pdf\" target=\"_blank\" rel=\"noopener\"><span style=\"color: #ff0000;\"><strong>F\u00e9lix G\u00e9lineau. <\/strong><strong>De la guerre v\u00e9cue \u00e0 la construction du souvenir. <\/strong><\/span><\/a><strong><span style=\"font-family: tahoma, arial, helvetica, sans-serif; font-size: 14pt;\"><span style=\"color: #ff0000;\">1914-1918<\/span><span style=\"color: #000000;\">, par<\/span><\/span><br \/>\n<span style=\"font-family: tahoma, arial, helvetica, sans-serif; font-size: 14pt; color: #000000;\">Guy-Marie LENNE<\/span><br \/>\n<\/strong><\/span><\/p>\n<p style=\"text-align: center;\"><span lang=\"fr\" style=\"font-family: tahoma, arial, helvetica, sans-serif; font-size: 18pt;\"><span style=\"font-size: 14pt;\"><strong><span style=\"color: #000000;\">\u00a0<\/span><\/strong><\/span><\/span><\/p>\n","protected":false},"excerpt":{"rendered":"<p>Congr\u00e8s d\u00e9partemental : Dimanche 2 octobre 2016 Thouars R\u00e9utiliser ou recycler dans le Louduno-Thouarsais au 3\u00e8me mill\u00e9naire avant notre \u00e8re, par Marie-Claude BAKKAL-LAGARDE Les retables et tabernacles du Mellois. Six si\u00e8cles de mise en image du sacr\u00e9, par Nathalie GAILLARD Des musiciens thouarsais \u00e0 la cour de Louis XIV, par Anne-Marie LEBEZ F\u00e9lix G\u00e9lineau. De&hellip; <br \/> <a class=\"read-more\" href=\"https:\/\/fshds.fr\/site\/accueil-publication\/actes-des-congres\/congres-2016\/\">Lire la suite<\/a><\/p>\n","protected":false},"author":1,"featured_media":0,"parent":100,"menu_order":6,"comment_status":"closed","ping_status":"closed","template":"","meta":{"_seopress_robots_primary_cat":"","_seopress_titles_title":"","_seopress_titles_desc":"","_seopress_robots_index":"","footnotes":""},"class_list":["post-1360","page","type-page","status-publish","hentry"],"_links":{"self":[{"href":"https:\/\/fshds.fr\/site\/wp-json\/wp\/v2\/pages\/1360","targetHints":{"allow":["GET"]}}],"collection":[{"href":"https:\/\/fshds.fr\/site\/wp-json\/wp\/v2\/pages"}],"about":[{"href":"https:\/\/fshds.fr\/site\/wp-json\/wp\/v2\/types\/page"}],"author":[{"embeddable":true,"href":"https:\/\/fshds.fr\/site\/wp-json\/wp\/v2\/users\/1"}],"replies":[{"embeddable":true,"href":"https:\/\/fshds.fr\/site\/wp-json\/wp\/v2\/comments?post=1360"}],"version-history":[{"count":13,"href":"https:\/\/fshds.fr\/site\/wp-json\/wp\/v2\/pages\/1360\/revisions"}],"predecessor-version":[{"id":2365,"href":"https:\/\/fshds.fr\/site\/wp-json\/wp\/v2\/pages\/1360\/revisions\/2365"}],"up":[{"embeddable":true,"href":"https:\/\/fshds.fr\/site\/wp-json\/wp\/v2\/pages\/100"}],"wp:attachment":[{"href":"https:\/\/fshds.fr\/site\/wp-json\/wp\/v2\/media?parent=1360"}],"curies":[{"name":"wp","href":"https:\/\/api.w.org\/{rel}","templated":true}]}}