{"id":1256,"date":"2018-02-14T21:02:40","date_gmt":"2018-02-14T20:02:40","guid":{"rendered":"http:\/\/fshds.fr\/2017\/?page_id=1256"},"modified":"2018-02-18T12:04:08","modified_gmt":"2018-02-18T11:04:08","slug":"livres-dvd","status":"publish","type":"page","link":"https:\/\/fshds.fr\/site\/les-societes-affilies\/shvds-societe-historique-et-archeologique-du-val-de-sevre\/livres-dvd\/","title":{"rendered":"Livres, DVD"},"content":{"rendered":"<p><span style=\"font-size: 14pt\"><strong><span style=\"font-family: arial black,sans-serif\">Souvenirs de Saint Maixent<br \/>\net<br \/>\nSaint-Maixent au fil de ses Rues, de ses Monuments et de son Histoire<\/span><\/strong><\/span><\/p>\n<p><!-- x-tinymce\/html --><img loading=\"lazy\" decoding=\"async\" class=\"alignnone wp-image-1267\" src=\"http:\/\/fshds.fr\/2017\/1657266404342\/wp-content\/uploads\/2018\/02\/livre-carte-postales.jpg\" alt=\"\" width=\"280\" height=\"357\" \/><img loading=\"lazy\" decoding=\"async\" class=\"alignright wp-image-1274\" src=\"http:\/\/fshds.fr\/2017\/1657266404342\/wp-content\/uploads\/2018\/02\/prix-l1.jpg\" alt=\"\" width=\"300\" height=\"201\" \/><!-- x-tinymce\/html --><img loading=\"lazy\" decoding=\"async\" class=\"wp-image-1266 alignright\" src=\"http:\/\/fshds.fr\/2017\/1657266404342\/wp-content\/uploads\/2018\/02\/livre-rue-monuments-histoire.jpg\" alt=\"\" width=\"280\" height=\"361\" \/><\/p>\n<p>&nbsp;<\/p>\n<p><span style=\"font-size: 14pt\"><strong>DVD Cours-m\u00e9trage 52 mn sur un caf\u00e9 de Saint-Maixent L&rsquo;Ecole<\/strong><\/span><\/p>\n<p><img loading=\"lazy\" decoding=\"async\" class=\"alignnone size-full wp-image-1258\" src=\"http:\/\/fshds.fr\/2017\/1657266404342\/wp-content\/uploads\/2018\/02\/DVD-Daniel-Mosser.jpg\" alt=\"\" width=\"362\" height=\"395\" \/><img loading=\"lazy\" decoding=\"async\" class=\"wp-image-1277 alignleft\" src=\"http:\/\/fshds.fr\/2017\/1657266404342\/wp-content\/uploads\/2018\/02\/prix-l4.jpg\" alt=\"\" width=\"200\" height=\"64\" \/><\/p>\n<p><span style=\"font-family: arial black,sans-serif\"><span style=\"font-size: 14pt\"><strong>Livre d&rsquo;Alexis BRUNO- La Vend\u00e9e Militaire<\/strong><\/span><br \/>\n<img loading=\"lazy\" decoding=\"async\" class=\"alignnone wp-image-1279 size-medium\" src=\"http:\/\/fshds.fr\/2017\/1657266404342\/wp-content\/uploads\/2018\/02\/prix-l6-632x30.jpg\" alt=\"\" width=\"632\" height=\"30\" srcset=\"https:\/\/fshds.fr\/site\/wp-content\/uploads\/2018\/02\/prix-l6-632x30.jpg 632w, https:\/\/fshds.fr\/site\/wp-content\/uploads\/2018\/02\/prix-l6-768x36.jpg 768w, https:\/\/fshds.fr\/site\/wp-content\/uploads\/2018\/02\/prix-l6.jpg 784w\" sizes=\"auto, (max-width: 632px) 100vw, 632px\" \/><br \/>\n<img loading=\"lazy\" decoding=\"async\" class=\"size-full wp-image-1262 alignleft\" src=\"http:\/\/fshds.fr\/2017\/1657266404342\/wp-content\/uploads\/2018\/02\/livre-vendee-militaire.jpg\" alt=\"\" width=\"603\" height=\"382\" \/><\/span><\/p>\n<p>&nbsp;<\/p>\n<p>&nbsp;<\/p>\n<p><span style=\"font-family: arial black,sans-serif\"><img loading=\"lazy\" decoding=\"async\" class=\"size-full wp-image-1265 alignright\" src=\"http:\/\/fshds.fr\/2017\/1657266404342\/wp-content\/uploads\/2018\/02\/livre-baron-louis-Monnet.jpg\" alt=\"\" width=\"382\" height=\"528\" \/><\/span><\/p>\n<p>&nbsp;<\/p>\n<p>&nbsp;<\/p>\n<p><span style=\"font-size: 14pt\"><strong>Benoit SANC\u00c9 : Le G\u00e9n\u00e9ral Baron Louis MONNET<\/strong><\/span><\/p>\n<p><span style=\"font-family: arial black,sans-serif\"><img loading=\"lazy\" decoding=\"async\" class=\"wp-image-1278 size-full alignright\" src=\"http:\/\/fshds.fr\/2017\/1657266404342\/wp-content\/uploads\/2018\/02\/prix-l5.jpg\" alt=\"\" width=\"305\" height=\"67\" \/><\/span><\/p>\n<p><span style=\"font-size: 14pt\"><strong>\u00a0<\/strong><\/span><\/p>\n<p>&nbsp;<\/p>\n<p><span style=\"font-size: 14pt\"><strong>Marie Paul DUPUY : L&rsquo;Artiste Baptiste BAUJAULT.<\/strong><\/span><\/p>\n<p><img loading=\"lazy\" decoding=\"async\" class=\"alignnone wp-image-1276\" src=\"http:\/\/fshds.fr\/2017\/1657266404342\/wp-content\/uploads\/2018\/02\/prix-l3.jpg\" alt=\"\" width=\"250\" height=\"57\" \/><\/p>\n<p><img loading=\"lazy\" decoding=\"async\" class=\"alignnone size-full wp-image-1259\" src=\"http:\/\/fshds.fr\/2017\/1657266404342\/wp-content\/uploads\/2018\/02\/livre-baptiste-Baujault.jpg\" alt=\"\" width=\"308\" height=\"416\" \/><\/p>\n<p><span style=\"font-family: arial black,sans-serif\">\u00a0<\/span><\/p>\n<p>&nbsp;<\/p>\n","protected":false},"excerpt":{"rendered":"<p>Souvenirs de Saint Maixent et Saint-Maixent au fil de ses Rues, de ses Monuments et de son Histoire &nbsp; DVD Cours-m\u00e9trage 52 mn sur un caf\u00e9 de Saint-Maixent L&rsquo;Ecole Livre d&rsquo;Alexis BRUNO- La Vend\u00e9e Militaire &nbsp; &nbsp; &nbsp; &nbsp; Benoit SANC\u00c9 : Le G\u00e9n\u00e9ral Baron Louis MONNET \u00a0 &nbsp; Marie Paul DUPUY : L&rsquo;Artiste Baptiste&hellip; <br \/> <a class=\"read-more\" href=\"https:\/\/fshds.fr\/site\/les-societes-affilies\/shvds-societe-historique-et-archeologique-du-val-de-sevre\/livres-dvd\/\">Lire la suite<\/a><\/p>\n","protected":false},"author":11,"featured_media":0,"parent":83,"menu_order":0,"comment_status":"closed","ping_status":"closed","template":"page-template\/_fullwidth.php","meta":{"_seopress_robots_primary_cat":"","_seopress_titles_title":"","_seopress_titles_desc":"","_seopress_robots_index":"","footnotes":""},"class_list":["post-1256","page","type-page","status-publish","hentry"],"_links":{"self":[{"href":"https:\/\/fshds.fr\/site\/wp-json\/wp\/v2\/pages\/1256","targetHints":{"allow":["GET"]}}],"collection":[{"href":"https:\/\/fshds.fr\/site\/wp-json\/wp\/v2\/pages"}],"about":[{"href":"https:\/\/fshds.fr\/site\/wp-json\/wp\/v2\/types\/page"}],"author":[{"embeddable":true,"href":"https:\/\/fshds.fr\/site\/wp-json\/wp\/v2\/users\/11"}],"replies":[{"embeddable":true,"href":"https:\/\/fshds.fr\/site\/wp-json\/wp\/v2\/comments?post=1256"}],"version-history":[{"count":17,"href":"https:\/\/fshds.fr\/site\/wp-json\/wp\/v2\/pages\/1256\/revisions"}],"predecessor-version":[{"id":1308,"href":"https:\/\/fshds.fr\/site\/wp-json\/wp\/v2\/pages\/1256\/revisions\/1308"}],"up":[{"embeddable":true,"href":"https:\/\/fshds.fr\/site\/wp-json\/wp\/v2\/pages\/83"}],"wp:attachment":[{"href":"https:\/\/fshds.fr\/site\/wp-json\/wp\/v2\/media?parent=1256"}],"curies":[{"name":"wp","href":"https:\/\/api.w.org\/{rel}","templated":true}]}}