{"id":125,"date":"2011-06-25T09:03:22","date_gmt":"2011-06-25T07:03:22","guid":{"rendered":"http:\/\/fshds.fr\/2017\/congres-2009\/"},"modified":"2022-09-28T22:23:43","modified_gmt":"2022-09-28T20:23:43","slug":"congres-2009","status":"publish","type":"page","link":"https:\/\/fshds.fr\/site\/accueil-publication\/actes-des-congres\/congres-2009\/","title":{"rendered":"Congr\u00e8s 2009"},"content":{"rendered":"<p style=\"text-align: center;\">\n\t<span lang=\"fr\" style=\"font-family: 'calisto mt'; font-size: 20pt; font-weight: bold;\">XLI congr&egrave;s d&eacute;partemental :<\/span>\n<\/p>\n<h2 style=\"text-align: center;\">\n\t<span lang=\"fr\" style=\"font-family: 'calisto mt'; font-size: 20pt; font-weight: bold;\">Dimanche 4 octobre 2009<\/span><br \/>\n<\/h2>\n<h2 style=\"text-align: center;\">\n\t<span lang=\"fr\" style=\"font-family: 'calisto mt'; font-size: 26pt; font-weight: bold;\">Parthenay<\/span><br \/>\n<\/h2>\n<p>\n\t&nbsp;\n<\/p>\n<p style=\"text-align: center;\">\n\t<a href=\"http:\/\/fshds.fr\/2017\/1657266404342\/wp-content\/uploads\/2017\/pdf\/Les Pr\u00e9sidents du Conseil g\u00e9n\u00e9ral des Deux-S\u00e8vres(1).pdf\" target=\"_blank\" rel=\"noopener\"><span style=\"font-size:16px;\"><span lang=\"fr\" style=\"font-family: 'calisto mt'; font-weight: bold;\">Les Pr&eacute;sidents du Conseil g&eacute;n&eacute;ral des Deux-S&egrave;vres de 1871 &agrave; 2009, par Pierre ARCHES<\/span><\/span><\/a>\n<\/p>\n<p style=\"text-align: center;\">\n\t&nbsp;\n<\/p>\n<p style=\"text-align: center;\">\n\t<a href=\"http:\/\/fshds.fr\/2017\/1657266404342\/wp-content\/uploads\/2017\/pdf\/Dommages%20de%20guerre.pdf\" target=\"_blank\" rel=\"noopener\"><span style=\"font-size: 16px;\"><span lang=\"fr\" style=\"font-family: 'calisto mt'; font-weight: bold;\">Dommages de guerre. l&#39;enl&egrave;vement des sculptures en bronze de Niort en 1942, par Daniel COURANT<\/span><\/span><\/a>\n<\/p>\n<p style=\"text-align: center;\">\n\t&nbsp;\n<\/p>\n<p style=\"text-align: center;\">\n\t<a href=\"http:\/\/fshds.fr\/2017\/1657266404342\/wp-content\/uploads\/2017\/pdf\/\/Histoire%20des%20loups%20en%20Poitou.pdf\" target=\"_blank\" rel=\"noopener\"><span style=\"font-size: 16px;\"><span lang=\"fr\" style=\"font-family: 'calisto mt'; font-weight: bold;\">Histoire des loups en Poitou-Charentes-Vend&eacute;e <\/span><\/span><\/a>\n<\/p>\n<p style=\"text-align: center;\">\n\t<a href=\"http:\/\/fshds.fr\/2017\/1657266404342\/wp-content\/uploads\/2017\/pdf\/Histoire%20des%20loups%20en%20Poitou.pdf\" target=\"_blank\" rel=\"noopener\"><span style=\"font-size: 16px;\"><span lang=\"fr\" style=\"font-family: 'calisto mt'; font-weight: bold;\">et plus particuli&egrave;rement dans les Deux-S&egrave;vres. Un &eacute;tat de la question, par Fr&eacute;d&eacute;ric DUMERCHAT<\/span><\/span><\/a>\n<\/p>\n<h2 style=\"text-align: center;\">\n\t<a href=\"http:\/\/s333976995.onlinehome.fr\/images\/files\/Histoire%20des%20loups%20en%20Poitou.pdf\" target=\"_blank\" rel=\"noopener\"><span style=\"font-size: 9px;\"><span lang=\"fr\" style=\"font-family: 'calisto mt'; font-weight: bold;\">&nbsp;<\/span><\/span><\/a><br \/>\n<\/h2>\n","protected":false},"excerpt":{"rendered":"<p>XLI congr&egrave;s d&eacute;partemental : Dimanche 4 octobre 2009 Parthenay &nbsp; Les Pr&eacute;sidents du Conseil g&eacute;n&eacute;ral des Deux-S&egrave;vres de 1871 &agrave; 2009, par Pierre ARCHES &nbsp; Dommages de guerre. l&#39;enl&egrave;vement des sculptures en bronze de Niort en 1942, par Daniel COURANT &nbsp; Histoire des loups en Poitou-Charentes-Vend&eacute;e et plus particuli&egrave;rement dans les Deux-S&egrave;vres. Un &eacute;tat de&hellip; <br \/> <a class=\"read-more\" href=\"https:\/\/fshds.fr\/site\/accueil-publication\/actes-des-congres\/congres-2009\/\">Lire la suite<\/a><\/p>\n","protected":false},"author":1,"featured_media":0,"parent":100,"menu_order":2,"comment_status":"closed","ping_status":"closed","template":"","meta":{"_seopress_robots_primary_cat":"","_seopress_titles_title":"","_seopress_titles_desc":"","_seopress_robots_index":"","footnotes":""},"class_list":["post-125","page","type-page","status-publish","hentry"],"_links":{"self":[{"href":"https:\/\/fshds.fr\/site\/wp-json\/wp\/v2\/pages\/125","targetHints":{"allow":["GET"]}}],"collection":[{"href":"https:\/\/fshds.fr\/site\/wp-json\/wp\/v2\/pages"}],"about":[{"href":"https:\/\/fshds.fr\/site\/wp-json\/wp\/v2\/types\/page"}],"author":[{"embeddable":true,"href":"https:\/\/fshds.fr\/site\/wp-json\/wp\/v2\/users\/1"}],"replies":[{"embeddable":true,"href":"https:\/\/fshds.fr\/site\/wp-json\/wp\/v2\/comments?post=125"}],"version-history":[{"count":6,"href":"https:\/\/fshds.fr\/site\/wp-json\/wp\/v2\/pages\/125\/revisions"}],"predecessor-version":[{"id":2294,"href":"https:\/\/fshds.fr\/site\/wp-json\/wp\/v2\/pages\/125\/revisions\/2294"}],"up":[{"embeddable":true,"href":"https:\/\/fshds.fr\/site\/wp-json\/wp\/v2\/pages\/100"}],"wp:attachment":[{"href":"https:\/\/fshds.fr\/site\/wp-json\/wp\/v2\/media?parent=125"}],"curies":[{"name":"wp","href":"https:\/\/api.w.org\/{rel}","templated":true}]}}