{"id":111,"date":"2010-11-16T20:17:36","date_gmt":"2010-11-16T19:17:36","guid":{"rendered":"http:\/\/fshds.fr\/2017\/histoire-et-patrimoine-de-beceloeuf-et-des-environs\/"},"modified":"2024-01-11T13:17:40","modified_gmt":"2024-01-11T12:17:40","slug":"hpbe","status":"publish","type":"page","link":"https:\/\/fshds.fr\/site\/les-societes-affilies\/hpbe\/","title":{"rendered":"HPBE : Histoire et Patrimoine de B\u00e9celeuf et des environs"},"content":{"rendered":"<div class=\"breadcrumbs align  wp-block-bcn-breadcrumb-trail has-text-color has-background\" vocab=\"https:\/\/schema.org\/\" typeof=\"BreadcrumbList\">\n\t<span><\/span>\n\t<span property=\"itemListElement\" typeof=\"ListItem\"><a property=\"item\" typeof=\"WebPage\" title=\"Aller \u00e0 Fshds.\" href=\"https:\/\/fshds.fr\/site\" class=\"home\" aria-current=\"page\"><span property=\"name\">Fshds<\/span><\/a><meta property=\"position\" content=\"1\"><\/span><\/div>\n\n\n\n<div style=\"height:48px\" aria-hidden=\"true\" class=\"wp-block-spacer\"><\/div>\n\n\n\n<div class=\"wp-block-columns is-layout-flex wp-container-core-columns-is-layout-9d6595d7 wp-block-columns-is-layout-flex\">\n<div class=\"wp-block-column is-layout-flow wp-block-column-is-layout-flow\">\n<figure class=\"wp-block-image size-large is-resized\"><img loading=\"lazy\" decoding=\"async\" src=\"https:\/\/fshds.fr\/site\/wp-content\/uploads\/2023\/10\/logo-beceleuf_page-0001-1020x1032.jpg\" alt=\"\" class=\"wp-image-3097\" width=\"143\" height=\"144\" srcset=\"https:\/\/fshds.fr\/site\/wp-content\/uploads\/2023\/10\/logo-beceleuf_page-0001-1020x1032.jpg 1020w, https:\/\/fshds.fr\/site\/wp-content\/uploads\/2023\/10\/logo-beceleuf_page-0001-632x639.jpg 632w, https:\/\/fshds.fr\/site\/wp-content\/uploads\/2023\/10\/logo-beceleuf_page-0001-768x777.jpg 768w, https:\/\/fshds.fr\/site\/wp-content\/uploads\/2023\/10\/logo-beceleuf_page-0001-1518x1536.jpg 1518w, https:\/\/fshds.fr\/site\/wp-content\/uploads\/2023\/10\/logo-beceleuf_page-0001-2024x2048.jpg 2024w, https:\/\/fshds.fr\/site\/wp-content\/uploads\/2023\/10\/logo-beceleuf_page-0001-1024x1036.jpg 1024w, https:\/\/fshds.fr\/site\/wp-content\/uploads\/2023\/10\/logo-beceleuf_page-0001-1067x1080.jpg 1067w\" sizes=\"auto, (max-width: 143px) 100vw, 143px\" \/><\/figure>\n<\/div>\n\n\n\n<div class=\"wp-block-column is-vertically-aligned-center is-layout-flow wp-block-column-is-layout-flow\" style=\"flex-basis:66.66%\">\n<p><strong>Fond\u00e9e en 1993<\/strong><br><strong>Affili\u00e9e \u00e0 la F\u00e9d\u00e9ration en 2010.<br><\/strong><\/p>\n\n\n\n<p><strong>Liens :<\/strong><\/p>\n\n\n\n<ul class=\"wp-block-social-links is-layout-flex wp-block-social-links-is-layout-flex\"><li class=\"wp-social-link wp-social-link-chain  wp-block-social-link\"><a href=\"https:\/\/mairiebeceleuf.fr\/annuaire-des-associations\/histoire-et-patrimoine\/\" class=\"wp-block-social-link-anchor\"><svg width=\"24\" height=\"24\" viewBox=\"0 0 24 24\" version=\"1.1\" xmlns=\"http:\/\/www.w3.org\/2000\/svg\" aria-hidden=\"true\" focusable=\"false\"><path d=\"M15.6,7.2H14v1.5h1.6c2,0,3.7,1.7,3.7,3.7s-1.7,3.7-3.7,3.7H14v1.5h1.6c2.8,0,5.2-2.3,5.2-5.2,0-2.9-2.3-5.2-5.2-5.2zM4.7,12.4c0-2,1.7-3.7,3.7-3.7H10V7.2H8.4c-2.9,0-5.2,2.3-5.2,5.2,0,2.9,2.3,5.2,5.2,5.2H10v-1.5H8.4c-2,0-3.7-1.7-3.7-3.7zm4.6.9h5.3v-1.5H9.3v1.5z\"><\/path><\/svg><span class=\"wp-block-social-link-label screen-reader-text\">Lien<\/span><\/a><\/li>\n\n<li class=\"wp-social-link wp-social-link-facebook  wp-block-social-link\"><a href=\"https:\/\/www.facebook.com\/watch\/coulonges\/956718318080897\/\" class=\"wp-block-social-link-anchor\"><svg width=\"24\" height=\"24\" viewBox=\"0 0 24 24\" version=\"1.1\" xmlns=\"http:\/\/www.w3.org\/2000\/svg\" aria-hidden=\"true\" focusable=\"false\"><path d=\"M12 2C6.5 2 2 6.5 2 12c0 5 3.7 9.1 8.4 9.9v-7H7.9V12h2.5V9.8c0-2.5 1.5-3.9 3.8-3.9 1.1 0 2.2.2 2.2.2v2.5h-1.3c-1.2 0-1.6.8-1.6 1.6V12h2.8l-.4 2.9h-2.3v7C18.3 21.1 22 17 22 12c0-5.5-4.5-10-10-10z\"><\/path><\/svg><span class=\"wp-block-social-link-label screen-reader-text\">Facebook<\/span><\/a><\/li><\/ul>\n\n\n\n<div style=\"height:50px\" aria-hidden=\"true\" class=\"wp-block-spacer\"><\/div>\n<\/div>\n<\/div>\n\n\n\n<figure class=\"wp-block-table\"><table><tbody><tr><td><strong>Contact<\/strong><br>Mairie 79160 BECELEUF<br><strong>E-mail : <\/strong>michelanne.lechene@wanadoo.fr <br>hussonmiche@gmail.com<br><br><\/td><td><strong>Pr\u00e9sident :<br><\/strong>Michel BERTAUD<br><br><strong>La vie de l&rsquo;association<\/strong><br>Edition de 2 bulletins annuels (l&rsquo;un traditionnel en fin d&rsquo;ann\u00e9e, l&rsquo;autre traitant d&rsquo;un th\u00e8me particulier en juin)<br>Organisation de conf\u00e9rences<br>Participation \u00e0 des animations au niveau communal et cantonal<br>Editions de cartes postales sur le patrimoine local<br><br><strong>Nombre de membres :<\/strong> 104 en 2022<br><strong>Cotisation :<\/strong>12 \u20ac\/an <\/td><\/tr><\/tbody><\/table><\/figure>\n\n\n\n<p><\/p>\n\n\n\n<p class=\"has-text-align-center\"><br><br><\/p>\n\n\n<h2>Nos pages<\/h2>\n\n<!-- Page-list plugin v.5.9 wordpress.org\/plugins\/page-list\/ -->\n<ul class=\"page-list subpages-page-list \">\n<li class=\"page_item page-item-3565\"><a href=\"https:\/\/fshds.fr\/site\/les-societes-affilies\/hpbe\/index-des-sujets-traites-dans-les-bulletins-orcanye-histoire-et-patrimoine-de-beceleuf-et-des-environs\/\">Index des sujets trait\u00e9s dans les bulletins Orcanye Histoire et Patrimoine de B\u00e9celeuf et des environs<\/a><\/li>\n<li class=\"page_item page-item-913\"><a href=\"https:\/\/fshds.fr\/site\/les-societes-affilies\/hpbe\/hpbe-4\/\">Les fours \u00e0 chaux de B\u00e9celeuf<\/a><\/li>\n<li class=\"page_item page-item-925\"><a href=\"https:\/\/fshds.fr\/site\/les-societes-affilies\/hpbe\/le-petit-chateau-de-beceleuf-et-les-ancetres-de-son-batisseur\/\">Le Petit-ch\u00e2teau de B\u00e9celeuf et les anc\u00eatres de son b\u00e2tisseur<\/a><\/li>\n<li class=\"page_item page-item-910\"><a href=\"https:\/\/fshds.fr\/site\/les-societes-affilies\/hpbe\/le-depute-guy-disleau-de-sainte-ouenne-fut-un-pionnier-de-lagriculture-et-des-mutuelles\/\">Le d\u00e9put\u00e9 Guy Disleau, de Sainte-Ouenne fut un pionnier de l&rsquo;agriculture et des mutuelles<\/a><\/li>\n<li class=\"page_item page-item-916\"><a href=\"https:\/\/fshds.fr\/site\/les-societes-affilies\/hpbe\/hpbe\/\">L&rsquo;anthurus, venu d&rsquo;Australie, s&rsquo;est install\u00e9 \u00e0 B\u00e9celeuf en 2006<\/a><\/li>\n\n<\/ul>\n\n\n\n<p><\/p>\n","protected":false},"excerpt":{"rendered":"<p>Fond\u00e9e en 1993Affili\u00e9e \u00e0 la F\u00e9d\u00e9ration en 2010. Liens : ContactMairie 79160 BECELEUFE-mail : michelanne.lechene@wanadoo.fr hussonmiche@gmail.com Pr\u00e9sident :Michel BERTAUD La vie de l&rsquo;associationEdition de 2 bulletins annuels (l&rsquo;un traditionnel en fin d&rsquo;ann\u00e9e, l&rsquo;autre traitant d&rsquo;un th\u00e8me particulier en juin)Organisation de conf\u00e9rencesParticipation \u00e0 des animations au niveau communal et cantonalEditions de cartes postales sur le patrimoine&hellip; <br \/> <a class=\"read-more\" href=\"https:\/\/fshds.fr\/site\/les-societes-affilies\/hpbe\/\">Lire la suite<\/a><\/p>\n","protected":false},"author":4,"featured_media":0,"parent":12,"menu_order":0,"comment_status":"closed","ping_status":"closed","template":"","meta":{"_seopress_robots_primary_cat":"","_seopress_titles_title":"","_seopress_titles_desc":"","_seopress_robots_index":"","footnotes":""},"class_list":["post-111","page","type-page","status-publish","hentry"],"_links":{"self":[{"href":"https:\/\/fshds.fr\/site\/wp-json\/wp\/v2\/pages\/111","targetHints":{"allow":["GET"]}}],"collection":[{"href":"https:\/\/fshds.fr\/site\/wp-json\/wp\/v2\/pages"}],"about":[{"href":"https:\/\/fshds.fr\/site\/wp-json\/wp\/v2\/types\/page"}],"author":[{"embeddable":true,"href":"https:\/\/fshds.fr\/site\/wp-json\/wp\/v2\/users\/4"}],"replies":[{"embeddable":true,"href":"https:\/\/fshds.fr\/site\/wp-json\/wp\/v2\/comments?post=111"}],"version-history":[{"count":28,"href":"https:\/\/fshds.fr\/site\/wp-json\/wp\/v2\/pages\/111\/revisions"}],"predecessor-version":[{"id":3332,"href":"https:\/\/fshds.fr\/site\/wp-json\/wp\/v2\/pages\/111\/revisions\/3332"}],"up":[{"embeddable":true,"href":"https:\/\/fshds.fr\/site\/wp-json\/wp\/v2\/pages\/12"}],"wp:attachment":[{"href":"https:\/\/fshds.fr\/site\/wp-json\/wp\/v2\/media?parent=111"}],"curies":[{"name":"wp","href":"https:\/\/api.w.org\/{rel}","templated":true}]}}