{"id":106,"date":"2010-10-02T19:36:26","date_gmt":"2010-10-02T17:36:26","guid":{"rendered":"http:\/\/fshds.fr\/2017\/adds\/"},"modified":"2022-11-14T11:07:09","modified_gmt":"2022-11-14T10:07:09","slug":"adds","status":"publish","type":"page","link":"https:\/\/fshds.fr\/site\/adds\/","title":{"rendered":"Archives d\u00e9partementales"},"content":{"rendered":"<div style=\"text-align: justify;\">\n<style type=\"text\/css\">\n<!--\n\t\t@page { margin: 2cm }\n\t\tP { margin-bottom: 0.21cm }\n\t-->\t<\/style>\n<p style=\"margin-bottom: 0cm;\" align=\"JUSTIFY\"><a title=\"\" href=\"http:\/\/fshds.fr\/2017\/1657266404342\/wp-content\/uploads\/2010\/10\/Chartrier-Saint-Loup.jpg\" target=\"_blank\" rel=\"noopener\"><img loading=\"lazy\" decoding=\"async\" id=\"\" class=\"size-medium wp-image-692 aligncenter\" style=\"width: 280px; height: 226px;\" title=\"Archives d\u00e9partementales des Deux-S\u00e8vres, E 1297. Chartrier de Saint-Loup, d\u00e9tail de la premi\u00e8re page enlumin\u00e9e.\" src=\"http:\/\/fshds.fr\/2017\/1657266404342\/wp-content\/uploads\/2010\/10\/Chartrier-Saint-Loup-632x510.jpg\" alt=\"Archives d\u00e9partementales des Deux-S\u00e8vres, E 1297. Chartrier de Saint-Loup, d\u00e9tail de la premi\u00e8re page enlumin\u00e9e.\" width=\"632\" height=\"510\" srcset=\"https:\/\/fshds.fr\/site\/wp-content\/uploads\/2010\/10\/Chartrier-Saint-Loup-632x510.jpg 632w, https:\/\/fshds.fr\/site\/wp-content\/uploads\/2010\/10\/Chartrier-Saint-Loup-768x620.jpg 768w, https:\/\/fshds.fr\/site\/wp-content\/uploads\/2010\/10\/Chartrier-Saint-Loup-1020x824.jpg 1020w, https:\/\/fshds.fr\/site\/wp-content\/uploads\/2010\/10\/Chartrier-Saint-Loup.jpg 1164w\" sizes=\"auto, (max-width: 632px) 100vw, 632px\" \/><\/a><\/p>\n<p style=\"margin-bottom: 0cm; text-align: center;\">Archives d\u00e9partementales des Deux-S\u00e8vres,<\/p>\n<p style=\"margin-bottom: 0cm; text-align: center;\">E 1297. Chartrier de Saint-Loup,<\/p>\n<p style=\"margin-bottom: 0cm; text-align: center;\">d\u00e9tail de la premi\u00e8re page enlumin\u00e9e.<\/p>\n<p style=\"margin-bottom: 0cm;\" align=\"JUSTIFY\">\n<p style=\"margin-bottom: 0cm;\" align=\"JUSTIFY\"><span style=\"font-size: 16px;\">Les <strong>Archives d\u00e9partementales<\/strong> conservent les documents historiques et administratifs des Deux-S\u00e8vres, du XI<sup>e<\/sup> si\u00e8cle \u00e0 nos jours. Cr\u00e9\u00e9es en 1796 pour recueillir les documents des administrations et des \u00e9tablissements religieux d\u2019Ancien R\u00e9gime supprim\u00e9s, elles deviennent service du Conseil g\u00e9n\u00e9ral \u00e0 partir de 1986 et sont plac\u00e9es sous la tutelle scientifique et technique du minist\u00e8re de la Culture.<\/span><\/p>\n<p style=\"margin-bottom: 0cm;\" align=\"JUSTIFY\"><a title=\"\" href=\"http:\/\/fshds.fr\/2017\/1657266404342\/wp-content\/uploads\/2010\/10\/Abbaye-des-Chasteliers-632x935.jpg\" target=\"_blank\" rel=\"noopener\"><img loading=\"lazy\" decoding=\"async\" class=\"size-medium wp-image-693 aligncenter\" title=\"\" src=\"http:\/\/fshds.fr\/2017\/1657266404342\/wp-content\/uploads\/2010\/10\/Abbaye-des-Chasteliers-632x935.jpg\" alt=\"\" width=\"212\" height=\"313\" srcset=\"https:\/\/fshds.fr\/site\/wp-content\/uploads\/2010\/10\/Abbaye-des-Chasteliers-632x935.jpg 632w, https:\/\/fshds.fr\/site\/wp-content\/uploads\/2010\/10\/Abbaye-des-Chasteliers-768x1137.jpg 768w, https:\/\/fshds.fr\/site\/wp-content\/uploads\/2010\/10\/Abbaye-des-Chasteliers-1020x1510.jpg 1020w\" sizes=\"auto, (max-width: 212px) 100vw, 212px\" \/><\/a><\/p>\n<p style=\"margin-bottom: 0cm; text-align: center;\">Archives d\u00e9partementales des Deux-S\u00e8vres,<\/p>\n<p style=\"margin-bottom: 0cm; text-align: center;\">H 388, p. 318.<\/p>\n<p style=\"margin-bottom: 0cm; text-align: center;\">\u00c9tat de l&rsquo;abbaye des Chasteliers, 1738<\/p>\n<p style=\"margin-bottom: 0cm; text-align: center;\">\n<p style=\"margin-bottom: 0cm;\" align=\"JUSTIFY\"><span style=\"font-size: 16px;\"><strong>Collecter <\/strong>les documents, les <strong>classer <\/strong>et les <strong>conserver <\/strong>dans les meilleures conditions pour pouvoir les <strong>communiquer <\/strong>au public, telles sont les missions des Archives d\u00e9partementales. Plus de 19 km lin\u00e9aires d&rsquo;archives publiques et priv\u00e9es sont ainsi \u00e0 la disposition du chercheur et du curieux, en salle de lecture et sur internet (http:\/\/archives.deux-sevres.com) : \u00e9tat civil, recensements de population, recrutement militaire, archives notariales, cadastre napol\u00e9onien, affiches, cartes postales, ouvrages et p\u00e9riodiques locaux\u2026, autant de documents qui couvrent les domaines de l&rsquo;\u00e9conomie, de l&rsquo;environnement, de la justice, de la culture\u2026<\/span><\/p>\n<\/div>\n<p><a title=\"\" href=\"http:\/\/fshds.fr\/2017\/1657266404342\/wp-content\/uploads\/2010\/10\/Ecoles-dAug\u00e9-632x689.jpg\" target=\"_blank\" rel=\"noopener\"><img loading=\"lazy\" decoding=\"async\" class=\"size-medium wp-image-694 aligncenter\" style=\"width: 216px; height: 233px;\" title=\"\" src=\"http:\/\/fshds.fr\/2017\/1657266404342\/wp-content\/uploads\/2010\/10\/Ecoles-dAug\u00e9-632x689.jpg\" alt=\"\" width=\"632\" height=\"689\" srcset=\"https:\/\/fshds.fr\/site\/wp-content\/uploads\/2010\/10\/Ecoles-dAug\u00e9-632x689.jpg 632w, https:\/\/fshds.fr\/site\/wp-content\/uploads\/2010\/10\/Ecoles-dAug\u00e9-768x837.jpg 768w, https:\/\/fshds.fr\/site\/wp-content\/uploads\/2010\/10\/Ecoles-dAug\u00e9-1020x1112.jpg 1020w\" sizes=\"auto, (max-width: 632px) 100vw, 632px\" \/><\/a><\/p>\n<p style=\"text-align: center;\"><span style=\"font-size: 14px;\">Archives d\u00e9partementales des Deux-S\u00e8vres, <\/span><\/p>\n<p style=\"margin-bottom: 0cm; text-align: center;\"><span style=\"font-size: 14px;\">2 O 223. Plan des \u00e9coles d&rsquo;Aug\u00e9.<\/span><\/p>\n<p style=\"margin-bottom: 0cm;\" align=\"JUSTIFY\">\n<p style=\"margin-bottom: 0cm;\" align=\"JUSTIFY\"><span style=\"font-size: 16px;\">Expositions, ateliers p\u00e9dagogiques pour scolaires et adultes, nouvelles mises en ligne sur internet d\u00e9voilent les richesses de ces collections et ancrent la petite histoire dans la grande.<\/span><\/p>\n<p style=\"margin-bottom: 0cm; text-align: center;\"><a href=\"http:\/\/fshds.fr\/2017\/1657266404342\/wp-content\/uploads\/2010\/10\/Enfant-trouv\u00e9-632x500.jpg\" target=\"_blank\" rel=\"noopener\"><img loading=\"lazy\" decoding=\"async\" width=\"632\" height=\"500\" class=\"alignnone size-medium wp-image-696\" style=\"width: 234px; height: 185px;\" src=\"http:\/\/fshds.fr\/2017\/1657266404342\/wp-content\/uploads\/2010\/10\/Enfant-trouv\u00e9-632x500.jpg\" alt=\"\" srcset=\"https:\/\/fshds.fr\/site\/wp-content\/uploads\/2010\/10\/Enfant-trouv\u00e9-632x500.jpg 632w, https:\/\/fshds.fr\/site\/wp-content\/uploads\/2010\/10\/Enfant-trouv\u00e9-768x607.jpg 768w, https:\/\/fshds.fr\/site\/wp-content\/uploads\/2010\/10\/Enfant-trouv\u00e9-1020x806.jpg 1020w\" sizes=\"auto, (max-width: 632px) 100vw, 632px\" \/><\/a><\/p>\n<p style=\"margin-bottom: 0cm; text-align: center;\">Archives d\u00e9partementales des Deux-S\u00e8vres,<\/p>\n<p style=\"margin-bottom: 0cm; text-align: center;\">E d\u00e9p\u00f4t 23, article 2 E 3153.<\/p>\n<p style=\"margin-bottom: 0cm; text-align: center;\">Proc\u00e8s-verbal d&rsquo;enfant trouv\u00e9 du 24 mars 1791.<\/p>\n<h1 style=\"text-align: center;\"><strong><span class=\"ox-ba241ff805-ContentPasted0\">notre site :\u00a0<a id=\"ox-ba241ff805-LPlnk649629\" tabindex=\"9999\" href=\"https:\/\/archives-deux-sevres-vienne.fr\/\" target=\"_blank\" rel=\"noopener\">https:\/\/archives-deux-sevres-vienne.fr\/<\/a><\/span><\/strong><\/h1>\n","protected":false},"excerpt":{"rendered":"<p>Archives d\u00e9partementales des Deux-S\u00e8vres, E 1297. Chartrier de Saint-Loup, d\u00e9tail de la premi\u00e8re page enlumin\u00e9e. Les Archives d\u00e9partementales conservent les documents historiques et administratifs des Deux-S\u00e8vres, du XIe si\u00e8cle \u00e0 nos jours. Cr\u00e9\u00e9es en 1796 pour recueillir les documents des administrations et des \u00e9tablissements religieux d\u2019Ancien R\u00e9gime supprim\u00e9s, elles deviennent service du Conseil g\u00e9n\u00e9ral \u00e0&hellip; <br \/> <a class=\"read-more\" href=\"https:\/\/fshds.fr\/site\/adds\/\">Lire la suite<\/a><\/p>\n","protected":false},"author":1,"featured_media":0,"parent":0,"menu_order":1,"comment_status":"closed","ping_status":"closed","template":"","meta":{"_seopress_robots_primary_cat":"","_seopress_titles_title":"","_seopress_titles_desc":"","_seopress_robots_index":"","footnotes":""},"class_list":["post-106","page","type-page","status-publish","hentry"],"_links":{"self":[{"href":"https:\/\/fshds.fr\/site\/wp-json\/wp\/v2\/pages\/106","targetHints":{"allow":["GET"]}}],"collection":[{"href":"https:\/\/fshds.fr\/site\/wp-json\/wp\/v2\/pages"}],"about":[{"href":"https:\/\/fshds.fr\/site\/wp-json\/wp\/v2\/types\/page"}],"author":[{"embeddable":true,"href":"https:\/\/fshds.fr\/site\/wp-json\/wp\/v2\/users\/1"}],"replies":[{"embeddable":true,"href":"https:\/\/fshds.fr\/site\/wp-json\/wp\/v2\/comments?post=106"}],"version-history":[{"count":28,"href":"https:\/\/fshds.fr\/site\/wp-json\/wp\/v2\/pages\/106\/revisions"}],"predecessor-version":[{"id":2434,"href":"https:\/\/fshds.fr\/site\/wp-json\/wp\/v2\/pages\/106\/revisions\/2434"}],"wp:attachment":[{"href":"https:\/\/fshds.fr\/site\/wp-json\/wp\/v2\/media?parent=106"}],"curies":[{"name":"wp","href":"https:\/\/api.w.org\/{rel}","templated":true}]}}