{"id":105,"date":"2010-10-02T19:27:32","date_gmt":"2010-10-02T17:27:32","guid":{"rendered":"http:\/\/fshds.fr\/2017\/congres\/"},"modified":"2022-08-31T13:19:29","modified_gmt":"2022-08-31T11:19:29","slug":"congres","status":"publish","type":"page","link":"https:\/\/fshds.fr\/site\/congres\/","title":{"rendered":"Journ\u00e9e de l&rsquo;Histoire en Deux-S\u00e8vres"},"content":{"rendered":"<p style=\"text-align: center;\"><span style=\"font-size: 18px;\"><span style=\"font-family: comic sans ms,cursive;\">Tous les ans, en octobre, la F\u00e9d\u00e9ration organise une <em>Journ\u00e9e de l&rsquo;Histoire <\/em>qui r\u00e9unit les membres des soci\u00e9t\u00e9s affili\u00e9es \u00e0 la F\u00e9d\u00e9ration mais aussi tous les amateurs d&rsquo;Histoire, du d\u00e9partement et d&rsquo;ailleurs.<\/span><\/span><\/p>\n<p style=\"text-align: center;\">\n<p style=\"text-align: center;\"><span style=\"font-size: 18px;\"><span style=\"font-family: comic sans ms,cursive;\">Vous y \u00eates cordialement invit\u00e9s<\/span><\/span><\/p>\n<p style=\"text-align: center;\"><span style=\"font-size: 18px;\"><span style=\"font-family: comic sans ms,cursive;\">Le programme de la <em>Journ\u00e9e de l&rsquo;Histoire <\/em>est mis en ligne sur une page d\u00e9di\u00e9e \u00e0 la fin du mois d&rsquo;ao\u00fbt ou au d\u00e9but du mois de septembre.<\/span><\/span><\/p>\n<p style=\"text-align: center;\"><span style=\"font-size: 18px;\"><span style=\"font-family: comic sans ms,cursive;\">A bient\u00f4t de vous rencontrer \u00e0 la prochaine <em>Journ\u00e9e<\/em><\/span>.<\/span><\/p>\n","protected":false},"excerpt":{"rendered":"<p>Tous les ans, en octobre, la F\u00e9d\u00e9ration organise une Journ\u00e9e de l&rsquo;Histoire qui r\u00e9unit les membres des soci\u00e9t\u00e9s affili\u00e9es \u00e0 la F\u00e9d\u00e9ration mais aussi tous les amateurs d&rsquo;Histoire, du d\u00e9partement et d&rsquo;ailleurs. Vous y \u00eates cordialement invit\u00e9s Le programme de la Journ\u00e9e de l&rsquo;Histoire est mis en ligne sur une page d\u00e9di\u00e9e \u00e0 la fin&hellip; <br \/> <a class=\"read-more\" href=\"https:\/\/fshds.fr\/site\/congres\/\">Lire la suite<\/a><\/p>\n","protected":false},"author":1,"featured_media":0,"parent":0,"menu_order":1,"comment_status":"closed","ping_status":"closed","template":"","meta":{"_seopress_robots_primary_cat":"","_seopress_titles_title":"","_seopress_titles_desc":"","_seopress_robots_index":"","footnotes":""},"class_list":["post-105","page","type-page","status-publish","hentry"],"_links":{"self":[{"href":"https:\/\/fshds.fr\/site\/wp-json\/wp\/v2\/pages\/105","targetHints":{"allow":["GET"]}}],"collection":[{"href":"https:\/\/fshds.fr\/site\/wp-json\/wp\/v2\/pages"}],"about":[{"href":"https:\/\/fshds.fr\/site\/wp-json\/wp\/v2\/types\/page"}],"author":[{"embeddable":true,"href":"https:\/\/fshds.fr\/site\/wp-json\/wp\/v2\/users\/1"}],"replies":[{"embeddable":true,"href":"https:\/\/fshds.fr\/site\/wp-json\/wp\/v2\/comments?post=105"}],"version-history":[{"count":5,"href":"https:\/\/fshds.fr\/site\/wp-json\/wp\/v2\/pages\/105\/revisions"}],"predecessor-version":[{"id":1964,"href":"https:\/\/fshds.fr\/site\/wp-json\/wp\/v2\/pages\/105\/revisions\/1964"}],"wp:attachment":[{"href":"https:\/\/fshds.fr\/site\/wp-json\/wp\/v2\/media?parent=105"}],"curies":[{"name":"wp","href":"https:\/\/api.w.org\/{rel}","templated":true}]}}