{"id":104,"date":"2010-09-29T19:13:48","date_gmt":"2010-09-29T17:13:48","guid":{"rendered":"http:\/\/fshds.fr\/2017\/congres-2007-2008\/"},"modified":"2022-09-30T17:52:44","modified_gmt":"2022-09-30T15:52:44","slug":"congres-2007","status":"publish","type":"page","link":"https:\/\/fshds.fr\/site\/accueil-publication\/actes-des-congres\/congres-2007\/","title":{"rendered":"Congr\u00e8s 2007 et 2008"},"content":{"rendered":"<p style=\"text-align: center;\"><span lang=\"fr\" style=\"font-family: verdana, geneva, sans-serif; font-size: 20pt; font-weight: bold;\">XXXIX congr\u00e8s d\u00e9partemental :<\/span><\/p>\n<h2 style=\"text-align: center;\"><span style=\"font-family: verdana, geneva, sans-serif;\"><span lang=\"fr\" style=\"font-size: 20pt; font-weight: bold;\">Dimanche 7 octobre 2007<\/span><span lang=\"fr\" style=\"font-size: 20pt; font-weight: bold;\">\u00a0<\/span><\/span><\/h2>\n<h2 style=\"text-align: center;\"><span lang=\"fr\" style=\"font-family: verdana, geneva, sans-serif; font-size: 26pt; font-weight: bold;\">Saint-Maixent-L\u2019Ecole<\/span><\/h2>\n<h2 style=\"text-align: center;\"><span style=\"font-size: 9px; font-family: verdana, geneva, sans-serif;\"><span lang=\"fr\" style=\"font-weight: bold;\">\u00a0<\/span><\/span><\/h2>\n<h2 style=\"text-align: center;\"><span lang=\"fr\" style=\"font-family: verdana, geneva, sans-serif; font-size: 20pt; font-weight: bold;\">XL congr\u00e8s d\u00e9partemental :<\/span><\/h2>\n<h2 style=\"text-align: center;\"><span style=\"font-family: verdana, geneva, sans-serif;\"><span lang=\"fr\" style=\"font-size: 20pt; font-weight: bold;\">Dimanche 5 octobre 2008<\/span><span lang=\"fr\" style=\"font-size: 20pt; font-weight: bold;\">\u00a0<\/span><\/span><\/h2>\n<h2 style=\"text-align: center;\"><span lang=\"fr\" style=\"font-family: verdana, geneva, sans-serif; font-size: 26pt; font-weight: bold;\">Combrand (2008)<\/span><\/h2>\n<p style=\"text-align: center;\"><span style=\"font-family: verdana, geneva, sans-serif;\">\u00a0<span style=\"font-size: 16px;\"><a href=\"http:\/\/fshds.fr\/2017\/1657266404342\/wp-content\/uploads\/2017\/pdf\/Un%20paysan%20g%C3%A2tineau%20sous%20la%20Monarchie%20de%20Juillet.pdf\" target=\"_blank\" rel=\"noopener\">Un paysan g\u00e2tineau sous la Monarchie de Juillet : Baptiste BRUNET, par Michel MONTOUX<\/a><\/span><\/span><\/p>\n<p style=\"text-align: center;\">\n<p style=\"text-align: center;\"><span style=\"font-size: 16px; font-family: verdana, geneva, sans-serif;\"><a href=\"http:\/\/fshds.fr\/2017\/1657266404342\/wp-content\/uploads\/2017\/pdf\/Les ann\u00e9es parisiennes.pdf\" target=\"_blank\" rel=\"noopener\">Les ann\u00e9es parisiennes (1850 &#8211; 1856) de Baptiste Baujault, par Daniel COURANT<\/a><\/span><\/p>\n<p style=\"text-align: center;\">\n<p style=\"text-align: center;\"><span style=\"font-size: 16px; font-family: verdana, geneva, sans-serif;\"><a href=\"http:\/\/fshds.fr\/2017\/1657266404342\/wp-content\/uploads\/2017\/pdf\/La famille La Rochejaquelein et Br\u00e9tignolles.pdf\" target=\"_blank\" rel=\"noopener\">La famille La Rochejaquelein\u00a0et Br\u00e9tignolles : une longue fid\u00e9lit\u00e9. Fin XVIII<sup>e<\/sup>\u00a0 &#8211; \u00a0fin XIX<sup>e , <\/sup>par Pascal HERAULT<\/a><\/span><\/p>\n<p style=\"text-align: center;\">\n<p style=\"text-align: center;\"><span style=\"font-size: 16px; font-family: verdana, geneva, sans-serif;\"><a href=\"http:\/\/fshds.fr\/2017\/1657266404342\/wp-content\/uploads\/2017\/pdf\/La%20carte%20arch%C3%A9ologique%20de%20Combrand(1).pdf\" target=\"_blank\" rel=\"noopener\">La carte arch\u00e9ologique de Combrand (Deux-S\u00e8vres), par Guillaume SAINT-DIDIER\u00a0<\/a><\/span><\/p>\n<p style=\"text-align: center;\">\n<p style=\"text-align: center;\"><span style=\"font-family: verdana, geneva, sans-serif;\"><span style=\"display: none;\">\u00a0<\/span><span style=\"font-size: 16px;\"><a href=\"https:\/\/fshds.fr\/site\/wp-content\/uploads\/2022\/09\/Medecins-et-pharmaciens-dans-les-Deux.pdf\" target=\"_blank\" rel=\"noopener\">M\u00e9decins et pharmaciens dans les Deux-S\u00e8vres \u00e0 l&rsquo;aube du XX<sup>e<\/sup>\u00a0 si\u00e8cle, par Pierre ARCHES<\/a><\/span><\/span><\/p>\n<p class=\"MsoTitle\" style=\"text-align: center; margin: 0cm 0cm 12pt;\"><span style=\"font-family: verdana, geneva, sans-serif;\"><b><span style=\"font-size: x-large;\">\u00a0<\/span><\/b><\/span><\/p>\n","protected":false},"excerpt":{"rendered":"<p>XXXIX congr\u00e8s d\u00e9partemental : Dimanche 7 octobre 2007\u00a0 Saint-Maixent-L\u2019Ecole \u00a0 XL congr\u00e8s d\u00e9partemental : Dimanche 5 octobre 2008\u00a0 Combrand (2008) \u00a0Un paysan g\u00e2tineau sous la Monarchie de Juillet : Baptiste BRUNET, par Michel MONTOUX Les ann\u00e9es parisiennes (1850 &#8211; 1856) de Baptiste Baujault, par Daniel COURANT La famille La Rochejaquelein\u00a0et Br\u00e9tignolles : une longue fid\u00e9lit\u00e9.&hellip; <br \/> <a class=\"read-more\" href=\"https:\/\/fshds.fr\/site\/accueil-publication\/actes-des-congres\/congres-2007\/\">Lire la suite<\/a><\/p>\n","protected":false},"author":1,"featured_media":0,"parent":100,"menu_order":1,"comment_status":"closed","ping_status":"closed","template":"","meta":{"_seopress_robots_primary_cat":"","_seopress_titles_title":"","_seopress_titles_desc":"","_seopress_robots_index":"","footnotes":""},"class_list":["post-104","page","type-page","status-publish","hentry"],"_links":{"self":[{"href":"https:\/\/fshds.fr\/site\/wp-json\/wp\/v2\/pages\/104","targetHints":{"allow":["GET"]}}],"collection":[{"href":"https:\/\/fshds.fr\/site\/wp-json\/wp\/v2\/pages"}],"about":[{"href":"https:\/\/fshds.fr\/site\/wp-json\/wp\/v2\/types\/page"}],"author":[{"embeddable":true,"href":"https:\/\/fshds.fr\/site\/wp-json\/wp\/v2\/users\/1"}],"replies":[{"embeddable":true,"href":"https:\/\/fshds.fr\/site\/wp-json\/wp\/v2\/comments?post=104"}],"version-history":[{"count":4,"href":"https:\/\/fshds.fr\/site\/wp-json\/wp\/v2\/pages\/104\/revisions"}],"predecessor-version":[{"id":2382,"href":"https:\/\/fshds.fr\/site\/wp-json\/wp\/v2\/pages\/104\/revisions\/2382"}],"up":[{"embeddable":true,"href":"https:\/\/fshds.fr\/site\/wp-json\/wp\/v2\/pages\/100"}],"wp:attachment":[{"href":"https:\/\/fshds.fr\/site\/wp-json\/wp\/v2\/media?parent=104"}],"curies":[{"name":"wp","href":"https:\/\/api.w.org\/{rel}","templated":true}]}}