{"id":102,"date":"2010-09-27T13:15:43","date_gmt":"2010-09-27T11:15:43","guid":{"rendered":"http:\/\/fshds.fr\/2017\/bulletins-de-liaison\/"},"modified":"2025-10-01T17:07:10","modified_gmt":"2025-10-01T15:07:10","slug":"bulletins-de-liaison","status":"publish","type":"page","link":"https:\/\/fshds.fr\/site\/accueil-publication\/bulletins-de-liaison\/","title":{"rendered":"Bulletins de liaison"},"content":{"rendered":"<p><strong>Dans cette rubrique, vous pourrez t\u00e9l\u00e9charger et lire les diff\u00e9rents bulletins de liaison de la F\u00e9d\u00e9ration des soci\u00e9t\u00e9s historiques des Deux-S\u00e8vres en cliquant sur les couvertures ci-dessous. (Les textes des communications de chaque congr\u00e8s ou Journ\u00e9es de l&rsquo;Histoire en Deux-S\u00e8vres sont plac\u00e9es dans la rubrique Publications\/Actes des congr\u00e8s)<\/strong><\/p>\n<p>\u00a0<\/p>\n\n\n<div class=\"wp-block-columns is-layout-flex wp-container-core-columns-is-layout-9d6595d7 wp-block-columns-is-layout-flex\">\n<div class=\"wp-block-column is-layout-flow wp-block-column-is-layout-flow\">\n<div class=\"wp-block-columns is-layout-flex wp-container-core-columns-is-layout-9d6595d7 wp-block-columns-is-layout-flex\">\n<div class=\"wp-block-column is-layout-flow wp-block-column-is-layout-flow\">\n<div class=\"wp-block-columns is-layout-flex wp-container-core-columns-is-layout-9d6595d7 wp-block-columns-is-layout-flex\">\n<div class=\"wp-block-column is-layout-flow wp-block-column-is-layout-flow\">\n<div class=\"wp-block-columns is-layout-flex wp-container-core-columns-is-layout-9d6595d7 wp-block-columns-is-layout-flex\">\n<div class=\"wp-block-column is-layout-flow wp-block-column-is-layout-flow\">\n<div class=\"wp-block-group\"><div class=\"wp-block-group__inner-container is-layout-constrained wp-block-group-is-layout-constrained\">\n<div class=\"wp-block-columns is-layout-flex wp-container-core-columns-is-layout-9d6595d7 wp-block-columns-is-layout-flex\">\n<div class=\"wp-block-column is-layout-flow wp-block-column-is-layout-flow\"><\/div>\n<\/div>\n<\/div><\/div>\n<\/div>\n<\/div>\n<\/div>\n<\/div>\n<\/div>\n<\/div>\n<\/div>\n<\/div>\n\n\n\n<div class=\"wp-block-columns are-vertically-aligned-top is-layout-flex wp-container-core-columns-is-layout-9d6595d7 wp-block-columns-is-layout-flex\">\n<div class=\"wp-block-column is-vertically-aligned-top is-layout-flow wp-block-column-is-layout-flow\"><\/div>\n\n\n\n<div class=\"wp-block-column is-vertically-aligned-top is-layout-flow wp-block-column-is-layout-flow\"><\/div>\n\n\n\n<div class=\"wp-block-column is-vertically-aligned-top is-layout-flow wp-block-column-is-layout-flow\"><\/div>\n\n\n\n<div class=\"wp-block-column is-vertically-aligned-top is-layout-flow wp-block-column-is-layout-flow\">\n<figure class=\"wp-block-image size-large\"><a href=\"https:\/\/fshds.fr\/site\/wp-content\/uploads\/2025\/10\/Bulletin-2025-bis.pdf\" target=\"_blank\" rel=\" noreferrer noopener\"><img loading=\"lazy\" decoding=\"async\" width=\"1020\" height=\"1443\" src=\"https:\/\/fshds.fr\/site\/wp-content\/uploads\/2025\/10\/1ere-de-couv.-2025-1020x1443.jpg\" alt=\"\" class=\"wp-image-4120\" srcset=\"https:\/\/fshds.fr\/site\/wp-content\/uploads\/2025\/10\/1ere-de-couv.-2025-1020x1443.jpg 1020w, https:\/\/fshds.fr\/site\/wp-content\/uploads\/2025\/10\/1ere-de-couv.-2025-632x894.jpg 632w, https:\/\/fshds.fr\/site\/wp-content\/uploads\/2025\/10\/1ere-de-couv.-2025-768x1086.jpg 768w, https:\/\/fshds.fr\/site\/wp-content\/uploads\/2025\/10\/1ere-de-couv.-2025-1086x1536.jpg 1086w, https:\/\/fshds.fr\/site\/wp-content\/uploads\/2025\/10\/1ere-de-couv.-2025-1024x1448.jpg 1024w, https:\/\/fshds.fr\/site\/wp-content\/uploads\/2025\/10\/1ere-de-couv.-2025-764x1080.jpg 764w, https:\/\/fshds.fr\/site\/wp-content\/uploads\/2025\/10\/1ere-de-couv.-2025.jpg 1240w\" sizes=\"auto, (max-width: 1020px) 100vw, 1020px\" \/><\/a><figcaption class=\"wp-element-caption\">2025<\/figcaption><\/figure>\n<\/div>\n<\/div>\n\n\n\n<div class=\"wp-block-columns are-vertically-aligned-top is-layout-flex wp-container-core-columns-is-layout-9d6595d7 wp-block-columns-is-layout-flex\">\n<div class=\"wp-block-column is-vertically-aligned-top is-layout-flow wp-block-column-is-layout-flow\">\n<figure class=\"wp-block-image size-large\"><a href=\"https:\/\/fshds.fr\/site\/wp-content\/uploads\/2024\/09\/Bulletin-2024.pdf\" target=\"_blank\" rel=\"noreferrer noopener\"><img loading=\"lazy\" decoding=\"async\" width=\"1020\" height=\"1443\" src=\"https:\/\/fshds.fr\/site\/wp-content\/uploads\/2024\/09\/Bulletin-2024-1020x1443.jpg\" alt=\"Bulletin de la F\u00e9d\u00e9ration des Soci\u00e9t\u00e9s savantes et culturelles des Deux-S\u00e8vres 2024\" class=\"wp-image-3619\" srcset=\"https:\/\/fshds.fr\/site\/wp-content\/uploads\/2024\/09\/Bulletin-2024-1020x1443.jpg 1020w, https:\/\/fshds.fr\/site\/wp-content\/uploads\/2024\/09\/Bulletin-2024-632x894.jpg 632w, https:\/\/fshds.fr\/site\/wp-content\/uploads\/2024\/09\/Bulletin-2024-768x1086.jpg 768w, https:\/\/fshds.fr\/site\/wp-content\/uploads\/2024\/09\/Bulletin-2024-1086x1536.jpg 1086w, https:\/\/fshds.fr\/site\/wp-content\/uploads\/2024\/09\/Bulletin-2024-1024x1448.jpg 1024w, https:\/\/fshds.fr\/site\/wp-content\/uploads\/2024\/09\/Bulletin-2024-764x1080.jpg 764w, https:\/\/fshds.fr\/site\/wp-content\/uploads\/2024\/09\/Bulletin-2024.jpg 1240w\" sizes=\"auto, (max-width: 1020px) 100vw, 1020px\" \/><\/a><figcaption class=\"wp-element-caption\">2024<\/figcaption><\/figure>\n<\/div>\n\n\n\n<div class=\"wp-block-column is-vertically-aligned-top is-layout-flow wp-block-column-is-layout-flow\">\n<figure class=\"wp-block-image size-large\"><a href=\"https:\/\/fshds.fr\/site\/wp-content\/uploads\/2023\/09\/Bulletin-2023.pdf\" target=\"_blank\" rel=\"noreferrer noopener\"><img loading=\"lazy\" decoding=\"async\" width=\"1020\" height=\"1443\" src=\"https:\/\/fshds.fr\/site\/wp-content\/uploads\/2023\/09\/Bulletin-2023-1020x1443.jpg\" alt=\"\" class=\"wp-image-2901\" srcset=\"https:\/\/fshds.fr\/site\/wp-content\/uploads\/2023\/09\/Bulletin-2023-1020x1443.jpg 1020w, https:\/\/fshds.fr\/site\/wp-content\/uploads\/2023\/09\/Bulletin-2023-632x894.jpg 632w, https:\/\/fshds.fr\/site\/wp-content\/uploads\/2023\/09\/Bulletin-2023-768x1086.jpg 768w, https:\/\/fshds.fr\/site\/wp-content\/uploads\/2023\/09\/Bulletin-2023-1086x1536.jpg 1086w, https:\/\/fshds.fr\/site\/wp-content\/uploads\/2023\/09\/Bulletin-2023-1024x1448.jpg 1024w, https:\/\/fshds.fr\/site\/wp-content\/uploads\/2023\/09\/Bulletin-2023-764x1080.jpg 764w, https:\/\/fshds.fr\/site\/wp-content\/uploads\/2023\/09\/Bulletin-2023.jpg 1240w\" sizes=\"auto, (max-width: 1020px) 100vw, 1020px\" \/><\/a><figcaption class=\"wp-element-caption\">2023<\/figcaption><\/figure>\n<\/div>\n\n\n\n<div class=\"wp-block-column is-vertically-aligned-top is-layout-flow wp-block-column-is-layout-flow\">\n<figure class=\"wp-block-image size-large\"><a href=\"https:\/\/fshds.fr\/site\/wp-content\/uploads\/2023\/02\/Bulletin-2022.pdf\" target=\"_blank\" rel=\"noreferrer noopener\"><img loading=\"lazy\" decoding=\"async\" width=\"1020\" height=\"1443\" src=\"https:\/\/fshds.fr\/site\/wp-content\/uploads\/2023\/02\/Bulletin-2022-1ere-de-couverture-1020x1443.jpg\" alt=\"\" class=\"wp-image-2701\" srcset=\"https:\/\/fshds.fr\/site\/wp-content\/uploads\/2023\/02\/Bulletin-2022-1ere-de-couverture-1020x1443.jpg 1020w, https:\/\/fshds.fr\/site\/wp-content\/uploads\/2023\/02\/Bulletin-2022-1ere-de-couverture-632x894.jpg 632w, https:\/\/fshds.fr\/site\/wp-content\/uploads\/2023\/02\/Bulletin-2022-1ere-de-couverture-768x1086.jpg 768w, https:\/\/fshds.fr\/site\/wp-content\/uploads\/2023\/02\/Bulletin-2022-1ere-de-couverture-1086x1536.jpg 1086w, https:\/\/fshds.fr\/site\/wp-content\/uploads\/2023\/02\/Bulletin-2022-1ere-de-couverture-1024x1448.jpg 1024w, https:\/\/fshds.fr\/site\/wp-content\/uploads\/2023\/02\/Bulletin-2022-1ere-de-couverture-764x1080.jpg 764w, https:\/\/fshds.fr\/site\/wp-content\/uploads\/2023\/02\/Bulletin-2022-1ere-de-couverture.jpg 1240w\" sizes=\"auto, (max-width: 1020px) 100vw, 1020px\" \/><\/a><figcaption class=\"wp-element-caption\">2022<\/figcaption><\/figure>\n<\/div>\n\n\n\n<div class=\"wp-block-column is-vertically-aligned-top is-layout-flow wp-block-column-is-layout-flow\">\n<figure class=\"wp-block-image size-large\"><a href=\"https:\/\/fshds.fr\/site\/wp-content\/uploads\/2023\/02\/Bulletin-2021.pdf\" target=\"_blank\" rel=\"noreferrer noopener\"><img loading=\"lazy\" decoding=\"async\" width=\"1020\" height=\"1443\" src=\"https:\/\/fshds.fr\/site\/wp-content\/uploads\/2023\/02\/Bulletin-2021-couverture-1020x1443.jpg\" alt=\"\" class=\"wp-image-2697\" srcset=\"https:\/\/fshds.fr\/site\/wp-content\/uploads\/2023\/02\/Bulletin-2021-couverture-1020x1443.jpg 1020w, https:\/\/fshds.fr\/site\/wp-content\/uploads\/2023\/02\/Bulletin-2021-couverture-632x894.jpg 632w, https:\/\/fshds.fr\/site\/wp-content\/uploads\/2023\/02\/Bulletin-2021-couverture-768x1086.jpg 768w, https:\/\/fshds.fr\/site\/wp-content\/uploads\/2023\/02\/Bulletin-2021-couverture-1086x1536.jpg 1086w, https:\/\/fshds.fr\/site\/wp-content\/uploads\/2023\/02\/Bulletin-2021-couverture-1024x1448.jpg 1024w, https:\/\/fshds.fr\/site\/wp-content\/uploads\/2023\/02\/Bulletin-2021-couverture-764x1080.jpg 764w, https:\/\/fshds.fr\/site\/wp-content\/uploads\/2023\/02\/Bulletin-2021-couverture.jpg 1240w\" sizes=\"auto, (max-width: 1020px) 100vw, 1020px\" \/><\/a><figcaption class=\"wp-element-caption\">2021<\/figcaption><\/figure>\n<\/div>\n<\/div>\n\n\n\n<div class=\"wp-block-columns is-layout-flex wp-container-core-columns-is-layout-9d6595d7 wp-block-columns-is-layout-flex\">\n<div class=\"wp-block-column is-layout-flow wp-block-column-is-layout-flow\">\n<figure class=\"wp-block-image size-large\"><a href=\"https:\/\/fshds.fr\/site\/wp-content\/uploads\/2022\/11\/Bulletin-2020.pdf\" target=\"_blank\" rel=\"noreferrer noopener\"><img loading=\"lazy\" decoding=\"async\" width=\"1020\" height=\"1443\" src=\"https:\/\/fshds.fr\/site\/wp-content\/uploads\/2022\/11\/Bulletin-2020-couverture-1020x1443.jpg\" alt=\"\" class=\"wp-image-2457\" srcset=\"https:\/\/fshds.fr\/site\/wp-content\/uploads\/2022\/11\/Bulletin-2020-couverture-1020x1443.jpg 1020w, https:\/\/fshds.fr\/site\/wp-content\/uploads\/2022\/11\/Bulletin-2020-couverture-632x894.jpg 632w, https:\/\/fshds.fr\/site\/wp-content\/uploads\/2022\/11\/Bulletin-2020-couverture-768x1086.jpg 768w, https:\/\/fshds.fr\/site\/wp-content\/uploads\/2022\/11\/Bulletin-2020-couverture-1086x1536.jpg 1086w, https:\/\/fshds.fr\/site\/wp-content\/uploads\/2022\/11\/Bulletin-2020-couverture-1024x1448.jpg 1024w, https:\/\/fshds.fr\/site\/wp-content\/uploads\/2022\/11\/Bulletin-2020-couverture-764x1080.jpg 764w, https:\/\/fshds.fr\/site\/wp-content\/uploads\/2022\/11\/Bulletin-2020-couverture.jpg 1240w\" sizes=\"auto, (max-width: 1020px) 100vw, 1020px\" \/><\/a><figcaption class=\"wp-element-caption\">2020<\/figcaption><\/figure>\n<\/div>\n\n\n\n<div class=\"wp-block-column is-layout-flow wp-block-column-is-layout-flow\">\n<figure class=\"wp-block-image size-large\"><a href=\"https:\/\/fshds.fr\/site\/wp-content\/uploads\/2022\/11\/Bulletin-2019.pdf\" target=\"_blank\" rel=\"noreferrer noopener\"><img loading=\"lazy\" decoding=\"async\" width=\"1020\" height=\"1443\" src=\"https:\/\/fshds.fr\/site\/wp-content\/uploads\/2022\/11\/Bulletin-2019-couverture-1020x1443.jpg\" alt=\"\" class=\"wp-image-2453\" srcset=\"https:\/\/fshds.fr\/site\/wp-content\/uploads\/2022\/11\/Bulletin-2019-couverture-1020x1443.jpg 1020w, https:\/\/fshds.fr\/site\/wp-content\/uploads\/2022\/11\/Bulletin-2019-couverture-632x894.jpg 632w, https:\/\/fshds.fr\/site\/wp-content\/uploads\/2022\/11\/Bulletin-2019-couverture-768x1086.jpg 768w, https:\/\/fshds.fr\/site\/wp-content\/uploads\/2022\/11\/Bulletin-2019-couverture-1086x1536.jpg 1086w, https:\/\/fshds.fr\/site\/wp-content\/uploads\/2022\/11\/Bulletin-2019-couverture-1024x1448.jpg 1024w, https:\/\/fshds.fr\/site\/wp-content\/uploads\/2022\/11\/Bulletin-2019-couverture-764x1080.jpg 764w, https:\/\/fshds.fr\/site\/wp-content\/uploads\/2022\/11\/Bulletin-2019-couverture.jpg 1240w\" sizes=\"auto, (max-width: 1020px) 100vw, 1020px\" \/><\/a><figcaption class=\"wp-element-caption\">2019<\/figcaption><\/figure>\n<\/div>\n\n\n\n<div class=\"wp-block-column is-layout-flow wp-block-column-is-layout-flow\">\n<figure class=\"wp-block-image size-large\"><a href=\"https:\/\/fshds.fr\/site\/wp-content\/uploads\/2019\/10\/Bulletin-2018-2.pdf\" target=\"_blank\" rel=\"noreferrer noopener\"><img loading=\"lazy\" decoding=\"async\" width=\"1020\" height=\"1443\" src=\"https:\/\/fshds.fr\/site\/wp-content\/uploads\/2019\/10\/1\u00e8re-de-couv-bulletin-2018-1020x1443.jpg\" alt=\"\" class=\"wp-image-1534\" srcset=\"https:\/\/fshds.fr\/site\/wp-content\/uploads\/2019\/10\/1\u00e8re-de-couv-bulletin-2018-1020x1443.jpg 1020w, https:\/\/fshds.fr\/site\/wp-content\/uploads\/2019\/10\/1\u00e8re-de-couv-bulletin-2018-632x894.jpg 632w, https:\/\/fshds.fr\/site\/wp-content\/uploads\/2019\/10\/1\u00e8re-de-couv-bulletin-2018-768x1086.jpg 768w, https:\/\/fshds.fr\/site\/wp-content\/uploads\/2019\/10\/1\u00e8re-de-couv-bulletin-2018.jpg 1240w\" sizes=\"auto, (max-width: 1020px) 100vw, 1020px\" \/><\/a><figcaption class=\"wp-element-caption\">2018<\/figcaption><\/figure>\n<\/div>\n\n\n\n<div class=\"wp-block-column is-layout-flow wp-block-column-is-layout-flow\">\n<figure class=\"wp-block-image size-full\"><a href=\"https:\/\/fshds.fr\/site\/wp-content\/uploads\/2022\/09\/Bulletin-federation-2017.pdf\" target=\"_blank\" rel=\"noreferrer noopener\"><img loading=\"lazy\" decoding=\"async\" width=\"444\" height=\"634\" src=\"https:\/\/fshds.fr\/site\/wp-content\/uploads\/2018\/09\/1\u00e8re-de-couv-bulletin-2017.jpg\" alt=\"\" class=\"wp-image-1356\"\/><\/a><figcaption class=\"wp-element-caption\">2017<\/figcaption><\/figure>\n<\/div>\n<\/div>\n\n\n\n<div class=\"wp-block-columns is-layout-flex wp-container-core-columns-is-layout-9d6595d7 wp-block-columns-is-layout-flex\">\n<div class=\"wp-block-column is-layout-flow wp-block-column-is-layout-flow\">\n<figure class=\"wp-block-image size-large\"><a href=\"https:\/\/fshds.fr\/site\/wp-content\/uploads\/2017\/09\/Bulletin-2016.pdf\" target=\"_blank\" rel=\"noreferrer noopener\"><img loading=\"lazy\" decoding=\"async\" width=\"1020\" height=\"1467\" src=\"https:\/\/fshds.fr\/site\/wp-content\/uploads\/2022\/09\/Bulletin-de-liaison-2016-scaled-e1664548032334-1020x1467.jpg\" alt=\"\" class=\"wp-image-2340\" srcset=\"https:\/\/fshds.fr\/site\/wp-content\/uploads\/2022\/09\/Bulletin-de-liaison-2016-scaled-e1664548032334-1020x1467.jpg 1020w, https:\/\/fshds.fr\/site\/wp-content\/uploads\/2022\/09\/Bulletin-de-liaison-2016-scaled-e1664548032334-632x909.jpg 632w, https:\/\/fshds.fr\/site\/wp-content\/uploads\/2022\/09\/Bulletin-de-liaison-2016-scaled-e1664548032334-768x1105.jpg 768w, https:\/\/fshds.fr\/site\/wp-content\/uploads\/2022\/09\/Bulletin-de-liaison-2016-scaled-e1664548032334-1068x1536.jpg 1068w, https:\/\/fshds.fr\/site\/wp-content\/uploads\/2022\/09\/Bulletin-de-liaison-2016-scaled-e1664548032334-1424x2048.jpg 1424w, https:\/\/fshds.fr\/site\/wp-content\/uploads\/2022\/09\/Bulletin-de-liaison-2016-scaled-e1664548032334-1024x1473.jpg 1024w, https:\/\/fshds.fr\/site\/wp-content\/uploads\/2022\/09\/Bulletin-de-liaison-2016-scaled-e1664548032334-751x1080.jpg 751w, https:\/\/fshds.fr\/site\/wp-content\/uploads\/2022\/09\/Bulletin-de-liaison-2016-scaled-e1664548032334.jpg 1766w\" sizes=\"auto, (max-width: 1020px) 100vw, 1020px\" \/><\/a><figcaption class=\"wp-element-caption\">2016<\/figcaption><\/figure>\n<\/div>\n\n\n\n<div class=\"wp-block-column is-layout-flow wp-block-column-is-layout-flow\">\n<figure class=\"wp-block-image size-large\"><a href=\"https:\/\/fshds.fr\/site\/wp-content\/uploads\/2017\/02\/bulletin-fshds-2015.pdf\" target=\"_blank\" rel=\"noreferrer noopener\"><img loading=\"lazy\" decoding=\"async\" width=\"1020\" height=\"1439\" src=\"https:\/\/fshds.fr\/site\/wp-content\/uploads\/2022\/09\/Bulletin-de-liaison-2015-1020x1439.jpg\" alt=\"\" class=\"wp-image-2339\" srcset=\"https:\/\/fshds.fr\/site\/wp-content\/uploads\/2022\/09\/Bulletin-de-liaison-2015-1020x1439.jpg 1020w, https:\/\/fshds.fr\/site\/wp-content\/uploads\/2022\/09\/Bulletin-de-liaison-2015-632x892.jpg 632w, https:\/\/fshds.fr\/site\/wp-content\/uploads\/2022\/09\/Bulletin-de-liaison-2015-768x1083.jpg 768w, https:\/\/fshds.fr\/site\/wp-content\/uploads\/2022\/09\/Bulletin-de-liaison-2015-1089x1536.jpg 1089w, https:\/\/fshds.fr\/site\/wp-content\/uploads\/2022\/09\/Bulletin-de-liaison-2015-1452x2048.jpg 1452w, https:\/\/fshds.fr\/site\/wp-content\/uploads\/2022\/09\/Bulletin-de-liaison-2015-1024x1444.jpg 1024w, https:\/\/fshds.fr\/site\/wp-content\/uploads\/2022\/09\/Bulletin-de-liaison-2015-766x1080.jpg 766w, https:\/\/fshds.fr\/site\/wp-content\/uploads\/2022\/09\/Bulletin-de-liaison-2015-scaled.jpg 1815w\" sizes=\"auto, (max-width: 1020px) 100vw, 1020px\" \/><\/a><figcaption class=\"wp-element-caption\">2015<\/figcaption><\/figure>\n<\/div>\n\n\n\n<div class=\"wp-block-column is-layout-flow wp-block-column-is-layout-flow\">\n<figure class=\"wp-block-image size-full\"><a href=\"http:\/\/fshds.fr\/2017\/1657266404342\/wp-content\/uploads\/2017\/02\/bat-bulletin-2014.pdf\" target=\"_blank\" rel=\"noreferrer noopener\"><img loading=\"lazy\" decoding=\"async\" width=\"293\" height=\"402\" src=\"https:\/\/fshds.fr\/site\/wp-content\/uploads\/2017\/04\/1\u00e8re-de-couv-2014-1.jpg\" alt=\"\" class=\"wp-image-539\"\/><\/a><figcaption class=\"wp-element-caption\">2014<\/figcaption><\/figure>\n<\/div>\n\n\n\n<div class=\"wp-block-column is-layout-flow wp-block-column-is-layout-flow\">\n<figure class=\"wp-block-image size-full\"><a href=\"http:\/\/fshds.fr\/2017\/1657266404342\/wp-content\/uploads\/2017\/02\/bulletin-2013-2.pdf\" target=\"_blank\" rel=\"noreferrer noopener\"><img loading=\"lazy\" decoding=\"async\" width=\"719\" height=\"1043\" src=\"https:\/\/fshds.fr\/site\/wp-content\/uploads\/2017\/04\/Bulletin-2013.jpg\" alt=\"\" class=\"wp-image-536\" srcset=\"https:\/\/fshds.fr\/site\/wp-content\/uploads\/2017\/04\/Bulletin-2013.jpg 719w, https:\/\/fshds.fr\/site\/wp-content\/uploads\/2017\/04\/Bulletin-2013-632x917.jpg 632w\" sizes=\"auto, (max-width: 719px) 100vw, 719px\" \/><\/a><figcaption class=\"wp-element-caption\">2013<\/figcaption><\/figure>\n<\/div>\n<\/div>\n\n\n\n<div class=\"wp-block-columns is-layout-flex wp-container-core-columns-is-layout-9d6595d7 wp-block-columns-is-layout-flex\">\n<div class=\"wp-block-column is-layout-flow wp-block-column-is-layout-flow\">\n<figure class=\"wp-block-image size-full\"><a href=\"http:\/\/fshds.fr\/2017\/1657266404342\/wp-content\/uploads\/2017\/02\/bulletin-2012-2.pdf\" target=\"_blank\" rel=\"noreferrer noopener\"><img loading=\"lazy\" decoding=\"async\" width=\"813\" height=\"1168\" src=\"https:\/\/fshds.fr\/site\/wp-content\/uploads\/2010\/10\/Bulletin-2012-001.jpg\" alt=\"\" class=\"wp-image-531\" srcset=\"https:\/\/fshds.fr\/site\/wp-content\/uploads\/2010\/10\/Bulletin-2012-001.jpg 813w, https:\/\/fshds.fr\/site\/wp-content\/uploads\/2010\/10\/Bulletin-2012-001-632x908.jpg 632w, https:\/\/fshds.fr\/site\/wp-content\/uploads\/2010\/10\/Bulletin-2012-001-768x1103.jpg 768w\" sizes=\"auto, (max-width: 813px) 100vw, 813px\" \/><\/a><figcaption class=\"wp-element-caption\">2012<\/figcaption><\/figure>\n<\/div>\n\n\n\n<div class=\"wp-block-column is-layout-flow wp-block-column-is-layout-flow\">\n<figure class=\"wp-block-image size-full\"><a href=\"http:\/\/fshds.fr\/2017\/1657266404342\/wp-content\/uploads\/2017\/02\/bulletin-2011-preuve-ter.pdf\" target=\"_blank\" rel=\"noreferrer noopener\"><img loading=\"lazy\" decoding=\"async\" width=\"256\" height=\"368\" src=\"https:\/\/fshds.fr\/site\/wp-content\/uploads\/2017\/02\/bulletin-2011-001.jpg\" alt=\"\" class=\"wp-image-260\"\/><\/a><figcaption class=\"wp-element-caption\">2011<\/figcaption><\/figure>\n<\/div>\n\n\n\n<div class=\"wp-block-column is-layout-flow wp-block-column-is-layout-flow\">\n<figure class=\"wp-block-image size-large\"><a href=\"https:\/\/fshds.fr\/site\/wp-content\/uploads\/2010\/10\/Bulletin-F\u00e9d\u00e9ration-2010-bis.pdf\" target=\"_blank\" rel=\"noreferrer noopener\"><img loading=\"lazy\" decoding=\"async\" width=\"1020\" height=\"1446\" src=\"https:\/\/fshds.fr\/site\/wp-content\/uploads\/2022\/09\/Bulletin-liaison-2010-4-1020x1446.jpg\" alt=\"\" class=\"wp-image-2352\" srcset=\"https:\/\/fshds.fr\/site\/wp-content\/uploads\/2022\/09\/Bulletin-liaison-2010-4-1020x1446.jpg 1020w, https:\/\/fshds.fr\/site\/wp-content\/uploads\/2022\/09\/Bulletin-liaison-2010-4-632x896.jpg 632w, https:\/\/fshds.fr\/site\/wp-content\/uploads\/2022\/09\/Bulletin-liaison-2010-4-768x1089.jpg 768w, https:\/\/fshds.fr\/site\/wp-content\/uploads\/2022\/09\/Bulletin-liaison-2010-4-1084x1536.jpg 1084w, https:\/\/fshds.fr\/site\/wp-content\/uploads\/2022\/09\/Bulletin-liaison-2010-4-1445x2048.jpg 1445w, https:\/\/fshds.fr\/site\/wp-content\/uploads\/2022\/09\/Bulletin-liaison-2010-4-1024x1451.jpg 1024w, https:\/\/fshds.fr\/site\/wp-content\/uploads\/2022\/09\/Bulletin-liaison-2010-4-762x1080.jpg 762w, https:\/\/fshds.fr\/site\/wp-content\/uploads\/2022\/09\/Bulletin-liaison-2010-4-scaled.jpg 1806w\" sizes=\"auto, (max-width: 1020px) 100vw, 1020px\" \/><\/a><figcaption class=\"wp-element-caption\">2010<\/figcaption><\/figure>\n<\/div>\n\n\n\n<div class=\"wp-block-column is-layout-flow wp-block-column-is-layout-flow\">\n<figure class=\"wp-block-image size-large\"><a href=\"https:\/\/fshds.fr\/site\/wp-content\/uploads\/2010\/10\/Bulletin-F\u00e9d\u00e9ration-2009.pdf\" target=\"_blank\" rel=\"noreferrer noopener\"><img loading=\"lazy\" decoding=\"async\" width=\"1020\" height=\"1457\" src=\"https:\/\/fshds.fr\/site\/wp-content\/uploads\/2022\/09\/Bulletin-de-liaison-2009-scaled-e1664548065341-1020x1457.jpg\" alt=\"\" class=\"wp-image-2338\" srcset=\"https:\/\/fshds.fr\/site\/wp-content\/uploads\/2022\/09\/Bulletin-de-liaison-2009-scaled-e1664548065341-1020x1457.jpg 1020w, https:\/\/fshds.fr\/site\/wp-content\/uploads\/2022\/09\/Bulletin-de-liaison-2009-scaled-e1664548065341-632x903.jpg 632w, https:\/\/fshds.fr\/site\/wp-content\/uploads\/2022\/09\/Bulletin-de-liaison-2009-scaled-e1664548065341-768x1097.jpg 768w, https:\/\/fshds.fr\/site\/wp-content\/uploads\/2022\/09\/Bulletin-de-liaison-2009-scaled-e1664548065341-1075x1536.jpg 1075w, https:\/\/fshds.fr\/site\/wp-content\/uploads\/2022\/09\/Bulletin-de-liaison-2009-scaled-e1664548065341-1434x2048.jpg 1434w, https:\/\/fshds.fr\/site\/wp-content\/uploads\/2022\/09\/Bulletin-de-liaison-2009-scaled-e1664548065341-1024x1463.jpg 1024w, https:\/\/fshds.fr\/site\/wp-content\/uploads\/2022\/09\/Bulletin-de-liaison-2009-scaled-e1664548065341-756x1080.jpg 756w, https:\/\/fshds.fr\/site\/wp-content\/uploads\/2022\/09\/Bulletin-de-liaison-2009-scaled-e1664548065341.jpg 1792w\" sizes=\"auto, (max-width: 1020px) 100vw, 1020px\" \/><\/a><figcaption class=\"wp-element-caption\">2009<\/figcaption><\/figure>\n<\/div>\n<\/div>\n","protected":false},"excerpt":{"rendered":"<p>Dans cette rubrique, vous pourrez t\u00e9l\u00e9charger et lire les diff\u00e9rents bulletins de liaison de la F\u00e9d\u00e9ration des soci\u00e9t\u00e9s historiques des Deux-S\u00e8vres en cliquant sur les couvertures ci-dessous. (Les textes des communications de chaque congr\u00e8s ou Journ\u00e9es de l&rsquo;Histoire en Deux-S\u00e8vres sont plac\u00e9es dans la rubrique Publications\/Actes des congr\u00e8s) \u00a0<\/p>\n","protected":false},"author":1,"featured_media":0,"parent":103,"menu_order":4,"comment_status":"closed","ping_status":"closed","template":"","meta":{"_seopress_robots_primary_cat":"","_seopress_titles_title":"","_seopress_titles_desc":"","_seopress_robots_index":"","footnotes":""},"class_list":["post-102","page","type-page","status-publish","hentry"],"_links":{"self":[{"href":"https:\/\/fshds.fr\/site\/wp-json\/wp\/v2\/pages\/102","targetHints":{"allow":["GET"]}}],"collection":[{"href":"https:\/\/fshds.fr\/site\/wp-json\/wp\/v2\/pages"}],"about":[{"href":"https:\/\/fshds.fr\/site\/wp-json\/wp\/v2\/types\/page"}],"author":[{"embeddable":true,"href":"https:\/\/fshds.fr\/site\/wp-json\/wp\/v2\/users\/1"}],"replies":[{"embeddable":true,"href":"https:\/\/fshds.fr\/site\/wp-json\/wp\/v2\/comments?post=102"}],"version-history":[{"count":71,"href":"https:\/\/fshds.fr\/site\/wp-json\/wp\/v2\/pages\/102\/revisions"}],"predecessor-version":[{"id":4136,"href":"https:\/\/fshds.fr\/site\/wp-json\/wp\/v2\/pages\/102\/revisions\/4136"}],"up":[{"embeddable":true,"href":"https:\/\/fshds.fr\/site\/wp-json\/wp\/v2\/pages\/103"}],"wp:attachment":[{"href":"https:\/\/fshds.fr\/site\/wp-json\/wp\/v2\/media?parent=102"}],"curies":[{"name":"wp","href":"https:\/\/api.w.org\/{rel}","templated":true}]}}