{"id":100,"date":"2010-09-27T13:04:57","date_gmt":"2010-09-27T11:04:57","guid":{"rendered":"http:\/\/fshds.fr\/2017\/actes-des-congres\/"},"modified":"2025-12-16T18:08:38","modified_gmt":"2025-12-16T17:08:38","slug":"actes-des-congres","status":"publish","type":"page","link":"https:\/\/fshds.fr\/site\/accueil-publication\/actes-des-congres\/","title":{"rendered":"Actes des Journ\u00e9es de l&rsquo;Histoire en Deux-S\u00e8vres"},"content":{"rendered":"\n<p>Dans cette rubrique, vous pourrez t\u00e9l\u00e9charger et lire les diff\u00e9rents articles parus dans les bulletins de liaison de la F\u00e9d\u00e9ration des soci\u00e9t\u00e9s historiques des Deux-S\u00e8vres.<\/p>\n\n\n\n<div class=\"wp-block-columns is-layout-flex wp-container-core-columns-is-layout-9d6595d7 wp-block-columns-is-layout-flex\">\n<div class=\"wp-block-column is-layout-flow wp-block-column-is-layout-flow\"><div class=\"wp-block-image\">\n<figure class=\"aligncenter size-large is-resized\"><a href=\"https:\/\/fshds.fr\/site\/wp-content\/uploads\/2025\/10\/Actes-6eme-journee-2024-bis.pdf\" target=\"_blank\" rel=\"noreferrer noopener\"><img loading=\"lazy\" decoding=\"async\" width=\"1020\" height=\"1443\" src=\"https:\/\/fshds.fr\/site\/wp-content\/uploads\/2025\/10\/Couverture-des-actes-1020x1443.jpg\" alt=\"\" class=\"wp-image-4138\" style=\"width:249px;height:auto\" srcset=\"https:\/\/fshds.fr\/site\/wp-content\/uploads\/2025\/10\/Couverture-des-actes-1020x1443.jpg 1020w, https:\/\/fshds.fr\/site\/wp-content\/uploads\/2025\/10\/Couverture-des-actes-632x894.jpg 632w, https:\/\/fshds.fr\/site\/wp-content\/uploads\/2025\/10\/Couverture-des-actes-768x1086.jpg 768w, https:\/\/fshds.fr\/site\/wp-content\/uploads\/2025\/10\/Couverture-des-actes-1086x1536.jpg 1086w, https:\/\/fshds.fr\/site\/wp-content\/uploads\/2025\/10\/Couverture-des-actes-1024x1448.jpg 1024w, https:\/\/fshds.fr\/site\/wp-content\/uploads\/2025\/10\/Couverture-des-actes-764x1080.jpg 764w, https:\/\/fshds.fr\/site\/wp-content\/uploads\/2025\/10\/Couverture-des-actes.jpg 1240w\" sizes=\"auto, (max-width: 1020px) 100vw, 1020px\" \/><\/a><figcaption class=\"wp-element-caption\">Actes de la 5e Journ\u00e9e de l&rsquo;Histoire en Deux-S\u00e8vres 2023<\/figcaption><\/figure>\n<\/div><\/div>\n\n\n\n<div class=\"wp-block-column is-layout-flow wp-block-column-is-layout-flow\"><div class=\"wp-block-image\">\n<figure class=\"aligncenter size-large is-resized\"><a href=\"https:\/\/fshds.fr\/site\/wp-content\/uploads\/2024\/10\/Actes-5eme-journee-2023.pdf\" target=\"_blank\" rel=\"noreferrer noopener\"><img loading=\"lazy\" decoding=\"async\" width=\"1020\" height=\"1443\" src=\"https:\/\/fshds.fr\/site\/wp-content\/uploads\/2024\/09\/1ere-couv-actes-1020x1443.jpg\" alt=\"\" class=\"wp-image-3638\" style=\"width:249px;height:auto\" srcset=\"https:\/\/fshds.fr\/site\/wp-content\/uploads\/2024\/09\/1ere-couv-actes-1020x1443.jpg 1020w, https:\/\/fshds.fr\/site\/wp-content\/uploads\/2024\/09\/1ere-couv-actes-632x894.jpg 632w, https:\/\/fshds.fr\/site\/wp-content\/uploads\/2024\/09\/1ere-couv-actes-768x1086.jpg 768w, https:\/\/fshds.fr\/site\/wp-content\/uploads\/2024\/09\/1ere-couv-actes-1086x1536.jpg 1086w, https:\/\/fshds.fr\/site\/wp-content\/uploads\/2024\/09\/1ere-couv-actes-1024x1448.jpg 1024w, https:\/\/fshds.fr\/site\/wp-content\/uploads\/2024\/09\/1ere-couv-actes-764x1080.jpg 764w, https:\/\/fshds.fr\/site\/wp-content\/uploads\/2024\/09\/1ere-couv-actes.jpg 1240w\" sizes=\"auto, (max-width: 1020px) 100vw, 1020px\" \/><\/a><figcaption class=\"wp-element-caption\">Actes de la 5e Journ\u00e9e de l&rsquo;Histoire en Deux-S\u00e8vres 2023<\/figcaption><\/figure>\n<\/div><\/div>\n<\/div>\n\n\n\n<div class=\"wp-block-columns is-layout-flex wp-container-core-columns-is-layout-9d6595d7 wp-block-columns-is-layout-flex\">\n<div class=\"wp-block-column is-layout-flow wp-block-column-is-layout-flow\"><div class=\"wp-block-image\">\n<figure class=\"aligncenter size-large is-resized\"><a href=\"https:\/\/fshds.fr\/site\/4e-journee-de-lhistoire-en-deux-sevres\/\" target=\"_blank\" rel=\"noreferrer noopener\"><img loading=\"lazy\" decoding=\"async\" width=\"1020\" height=\"1443\" src=\"https:\/\/fshds.fr\/site\/wp-content\/uploads\/2023\/09\/Actes-4e-Journee-de-lHistoire-en-Deux-Sevres-1020x1443.jpg\" alt=\"\" class=\"wp-image-2908\" style=\"width:250px;height:353px\" srcset=\"https:\/\/fshds.fr\/site\/wp-content\/uploads\/2023\/09\/Actes-4e-Journee-de-lHistoire-en-Deux-Sevres-1020x1443.jpg 1020w, https:\/\/fshds.fr\/site\/wp-content\/uploads\/2023\/09\/Actes-4e-Journee-de-lHistoire-en-Deux-Sevres-632x894.jpg 632w, https:\/\/fshds.fr\/site\/wp-content\/uploads\/2023\/09\/Actes-4e-Journee-de-lHistoire-en-Deux-Sevres-768x1086.jpg 768w, https:\/\/fshds.fr\/site\/wp-content\/uploads\/2023\/09\/Actes-4e-Journee-de-lHistoire-en-Deux-Sevres-1086x1536.jpg 1086w, https:\/\/fshds.fr\/site\/wp-content\/uploads\/2023\/09\/Actes-4e-Journee-de-lHistoire-en-Deux-Sevres-1024x1448.jpg 1024w, https:\/\/fshds.fr\/site\/wp-content\/uploads\/2023\/09\/Actes-4e-Journee-de-lHistoire-en-Deux-Sevres-764x1080.jpg 764w, https:\/\/fshds.fr\/site\/wp-content\/uploads\/2023\/09\/Actes-4e-Journee-de-lHistoire-en-Deux-Sevres.jpg 1240w\" sizes=\"auto, (max-width: 1020px) 100vw, 1020px\" \/><\/a><figcaption class=\"wp-element-caption\">Actes de la 4e Journ\u00e9e de l&rsquo;Histoire en Deux-S\u00e8vres 2022<\/figcaption><\/figure>\n<\/div><\/div>\n\n\n\n<div class=\"wp-block-column is-layout-flow wp-block-column-is-layout-flow\"><div class=\"wp-block-image\">\n<figure class=\"aligncenter size-large is-resized\"><a href=\"https:\/\/fshds.fr\/site\/3eme-journee-de-lhistoire-en-deux-sevres-2021\/\" target=\"_blank\" rel=\"noreferrer noopener\"><img loading=\"lazy\" decoding=\"async\" width=\"1020\" height=\"1443\" src=\"https:\/\/fshds.fr\/site\/wp-content\/uploads\/2023\/02\/Actes-3eme-Journee-de-lHistoire-en-Deux-Sevres-2021-1020x1443.jpg\" alt=\"\" class=\"wp-image-2743\" style=\"width:248px;height:350px\" srcset=\"https:\/\/fshds.fr\/site\/wp-content\/uploads\/2023\/02\/Actes-3eme-Journee-de-lHistoire-en-Deux-Sevres-2021-1020x1443.jpg 1020w, https:\/\/fshds.fr\/site\/wp-content\/uploads\/2023\/02\/Actes-3eme-Journee-de-lHistoire-en-Deux-Sevres-2021-632x894.jpg 632w, https:\/\/fshds.fr\/site\/wp-content\/uploads\/2023\/02\/Actes-3eme-Journee-de-lHistoire-en-Deux-Sevres-2021-768x1086.jpg 768w, https:\/\/fshds.fr\/site\/wp-content\/uploads\/2023\/02\/Actes-3eme-Journee-de-lHistoire-en-Deux-Sevres-2021-1086x1536.jpg 1086w, https:\/\/fshds.fr\/site\/wp-content\/uploads\/2023\/02\/Actes-3eme-Journee-de-lHistoire-en-Deux-Sevres-2021-1024x1448.jpg 1024w, https:\/\/fshds.fr\/site\/wp-content\/uploads\/2023\/02\/Actes-3eme-Journee-de-lHistoire-en-Deux-Sevres-2021-764x1080.jpg 764w, https:\/\/fshds.fr\/site\/wp-content\/uploads\/2023\/02\/Actes-3eme-Journee-de-lHistoire-en-Deux-Sevres-2021.jpg 1240w\" sizes=\"auto, (max-width: 1020px) 100vw, 1020px\" \/><\/a><figcaption class=\"wp-element-caption\">Actes de la 3e Journ\u00e9e de l&rsquo;Histoire en Deux-S\u00e8vres 2021<\/figcaption><\/figure>\n<\/div><\/div>\n<\/div>\n\n\n\n<div class=\"wp-block-columns is-layout-flex wp-container-core-columns-is-layout-9d6595d7 wp-block-columns-is-layout-flex\">\n<div class=\"wp-block-column is-layout-flow wp-block-column-is-layout-flow\"><div class=\"wp-block-image\">\n<figure class=\"aligncenter size-large is-resized\"><a href=\"https:\/\/fshds.fr\/site\/hommage-a-pierre-arches-1930-2020\/\" target=\"_blank\" rel=\"noreferrer noopener\"><img loading=\"lazy\" decoding=\"async\" width=\"1020\" height=\"1443\" src=\"https:\/\/fshds.fr\/site\/wp-content\/uploads\/2023\/02\/Bulletin-2021-couverture-1-1020x1443.jpg\" alt=\"\" class=\"wp-image-2728\" style=\"width:242px;height:342px\" srcset=\"https:\/\/fshds.fr\/site\/wp-content\/uploads\/2023\/02\/Bulletin-2021-couverture-1-1020x1443.jpg 1020w, https:\/\/fshds.fr\/site\/wp-content\/uploads\/2023\/02\/Bulletin-2021-couverture-1-632x894.jpg 632w, https:\/\/fshds.fr\/site\/wp-content\/uploads\/2023\/02\/Bulletin-2021-couverture-1-768x1086.jpg 768w, https:\/\/fshds.fr\/site\/wp-content\/uploads\/2023\/02\/Bulletin-2021-couverture-1-1086x1536.jpg 1086w, https:\/\/fshds.fr\/site\/wp-content\/uploads\/2023\/02\/Bulletin-2021-couverture-1-1024x1448.jpg 1024w, https:\/\/fshds.fr\/site\/wp-content\/uploads\/2023\/02\/Bulletin-2021-couverture-1-764x1080.jpg 764w, https:\/\/fshds.fr\/site\/wp-content\/uploads\/2023\/02\/Bulletin-2021-couverture-1.jpg 1240w\" sizes=\"auto, (max-width: 1020px) 100vw, 1020px\" \/><\/a><figcaption class=\"wp-element-caption\">Actes d&rsquo;hommage \u00e0 Pierre Arches 2020<\/figcaption><\/figure>\n<\/div><\/div>\n\n\n\n<div class=\"wp-block-column is-layout-flow wp-block-column-is-layout-flow\"><div class=\"wp-block-image\">\n<figure class=\"aligncenter size-large is-resized\"><a href=\"https:\/\/fshds.fr\/site\/2eme-journee-de-lhistoire-en-deux-sevres\/\" target=\"_blank\" rel=\"noreferrer noopener\"><img loading=\"lazy\" decoding=\"async\" width=\"1020\" height=\"1443\" src=\"https:\/\/fshds.fr\/site\/wp-content\/uploads\/2023\/02\/Bulletin-2020-actes-1020x1443.jpg\" alt=\"\" class=\"wp-image-2715\" style=\"width:246px;height:347px\" srcset=\"https:\/\/fshds.fr\/site\/wp-content\/uploads\/2023\/02\/Bulletin-2020-actes-1020x1443.jpg 1020w, https:\/\/fshds.fr\/site\/wp-content\/uploads\/2023\/02\/Bulletin-2020-actes-632x894.jpg 632w, https:\/\/fshds.fr\/site\/wp-content\/uploads\/2023\/02\/Bulletin-2020-actes-768x1086.jpg 768w, https:\/\/fshds.fr\/site\/wp-content\/uploads\/2023\/02\/Bulletin-2020-actes-1086x1536.jpg 1086w, https:\/\/fshds.fr\/site\/wp-content\/uploads\/2023\/02\/Bulletin-2020-actes-1024x1448.jpg 1024w, https:\/\/fshds.fr\/site\/wp-content\/uploads\/2023\/02\/Bulletin-2020-actes-764x1080.jpg 764w, https:\/\/fshds.fr\/site\/wp-content\/uploads\/2023\/02\/Bulletin-2020-actes.jpg 1240w\" sizes=\"auto, (max-width: 1020px) 100vw, 1020px\" \/><\/a><figcaption class=\"wp-element-caption\">Actes de la 2e Journ\u00e9e de l&rsquo;Histoire en Deux-S\u00e8vres 2019<\/figcaption><\/figure>\n<\/div><\/div>\n<\/div>\n\n\n\n<div class=\"wp-block-columns is-layout-flex wp-container-core-columns-is-layout-9d6595d7 wp-block-columns-is-layout-flex\">\n<div class=\"wp-block-column is-layout-flow wp-block-column-is-layout-flow\"><div class=\"wp-block-image\">\n<figure class=\"aligncenter size-full is-resized\"><a href=\"https:\/\/fshds.fr\/site\/congres-2018\/\" target=\"_blank\" rel=\"noreferrer noopener\"><img loading=\"lazy\" decoding=\"async\" width=\"797\" height=\"1121\" src=\"https:\/\/fshds.fr\/site\/wp-content\/uploads\/2022\/11\/1ere-journee-de-lhistoireMauze.jpg\" alt=\"\" class=\"wp-image-2472\" style=\"width:250px;height:351px\" srcset=\"https:\/\/fshds.fr\/site\/wp-content\/uploads\/2022\/11\/1ere-journee-de-lhistoireMauze.jpg 797w, https:\/\/fshds.fr\/site\/wp-content\/uploads\/2022\/11\/1ere-journee-de-lhistoireMauze-632x889.jpg 632w, https:\/\/fshds.fr\/site\/wp-content\/uploads\/2022\/11\/1ere-journee-de-lhistoireMauze-768x1080.jpg 768w\" sizes=\"auto, (max-width: 797px) 100vw, 797px\" \/><\/a><figcaption class=\"wp-element-caption\">Actes de la 1\u00e8re Journ\u00e9e de l&rsquo;Histoire en Deux-S\u00e8vres, Mauz\u00e9-sur-le-Mignon, 2018<\/figcaption><\/figure>\n<\/div><\/div>\n\n\n\n<div class=\"wp-block-column is-layout-flow wp-block-column-is-layout-flow\"><div class=\"wp-block-image\">\n<figure class=\"aligncenter size-full is-resized\"><a href=\"https:\/\/fshds.fr\/site\/congres-2017\/\" target=\"_blank\" rel=\"noreferrer noopener\"><img loading=\"lazy\" decoding=\"async\" width=\"806\" height=\"1123\" src=\"https:\/\/fshds.fr\/site\/wp-content\/uploads\/2022\/11\/image-congres-saint-maixent-1.jpg\" alt=\"\" class=\"wp-image-2463\" style=\"width:253px;height:353px\" srcset=\"https:\/\/fshds.fr\/site\/wp-content\/uploads\/2022\/11\/image-congres-saint-maixent-1.jpg 806w, https:\/\/fshds.fr\/site\/wp-content\/uploads\/2022\/11\/image-congres-saint-maixent-1-632x881.jpg 632w, https:\/\/fshds.fr\/site\/wp-content\/uploads\/2022\/11\/image-congres-saint-maixent-1-768x1070.jpg 768w, https:\/\/fshds.fr\/site\/wp-content\/uploads\/2022\/11\/image-congres-saint-maixent-1-775x1080.jpg 775w\" sizes=\"auto, (max-width: 806px) 100vw, 806px\" \/><\/a><figcaption class=\"wp-element-caption\">Actes du congr\u00e8s de Saint-Maixent 2017<\/figcaption><\/figure>\n<\/div><\/div>\n<\/div>\n\n\n\n<div class=\"wp-block-columns is-layout-flex wp-container-core-columns-is-layout-9d6595d7 wp-block-columns-is-layout-flex\">\n<div class=\"wp-block-column is-layout-flow wp-block-column-is-layout-flow\" style=\"flex-basis:100%\">\n<div class=\"wp-block-columns is-layout-flex wp-container-core-columns-is-layout-9d6595d7 wp-block-columns-is-layout-flex\">\n<div class=\"wp-block-column is-layout-flow wp-block-column-is-layout-flow\">\n<div class=\"wp-block-columns is-layout-flex wp-container-core-columns-is-layout-9d6595d7 wp-block-columns-is-layout-flex\">\n<div class=\"wp-block-column is-layout-flow wp-block-column-is-layout-flow\"><div class=\"wp-block-image\">\n<figure class=\"aligncenter size-large is-resized\"><a href=\"https:\/\/fshds.fr\/site\/accueil-publication\/actes-des-congres\/congres-2016\/\" target=\"_blank\" rel=\"noreferrer noopener\"><img loading=\"lazy\" decoding=\"async\" width=\"1020\" height=\"1443\" src=\"https:\/\/fshds.fr\/site\/wp-content\/uploads\/2022\/09\/Actes-du-congres-Thouars-1020x1443.jpg\" alt=\"\" class=\"wp-image-2359\" style=\"width:255px;height:361px\" srcset=\"https:\/\/fshds.fr\/site\/wp-content\/uploads\/2022\/09\/Actes-du-congres-Thouars-1020x1443.jpg 1020w, https:\/\/fshds.fr\/site\/wp-content\/uploads\/2022\/09\/Actes-du-congres-Thouars-632x894.jpg 632w, https:\/\/fshds.fr\/site\/wp-content\/uploads\/2022\/09\/Actes-du-congres-Thouars-768x1086.jpg 768w, https:\/\/fshds.fr\/site\/wp-content\/uploads\/2022\/09\/Actes-du-congres-Thouars-1086x1536.jpg 1086w, https:\/\/fshds.fr\/site\/wp-content\/uploads\/2022\/09\/Actes-du-congres-Thouars-1024x1448.jpg 1024w, https:\/\/fshds.fr\/site\/wp-content\/uploads\/2022\/09\/Actes-du-congres-Thouars-764x1080.jpg 764w, https:\/\/fshds.fr\/site\/wp-content\/uploads\/2022\/09\/Actes-du-congres-Thouars.jpg 1240w\" sizes=\"auto, (max-width: 1020px) 100vw, 1020px\" \/><\/a><figcaption class=\"wp-element-caption\"><strong>Actes du congr\u00e8s de Thouars 2016<\/strong><\/figcaption><\/figure>\n<\/div><\/div>\n\n\n\n<div class=\"wp-block-column is-layout-flow wp-block-column-is-layout-flow\"><div class=\"wp-block-image\">\n<figure class=\"aligncenter size-large is-resized\"><a href=\"https:\/\/fshds.fr\/site\/accueil-publication\/actes-des-congres\/congres-2015\/\" target=\"_blank\" rel=\"noreferrer noopener\"><img loading=\"lazy\" decoding=\"async\" width=\"1020\" height=\"1443\" src=\"https:\/\/fshds.fr\/site\/wp-content\/uploads\/2022\/09\/Actes-congres-Mauleon-1020x1443.jpg\" alt=\"\" class=\"wp-image-2366\" style=\"width:255px;height:361px\" srcset=\"https:\/\/fshds.fr\/site\/wp-content\/uploads\/2022\/09\/Actes-congres-Mauleon-1020x1443.jpg 1020w, https:\/\/fshds.fr\/site\/wp-content\/uploads\/2022\/09\/Actes-congres-Mauleon-632x894.jpg 632w, https:\/\/fshds.fr\/site\/wp-content\/uploads\/2022\/09\/Actes-congres-Mauleon-768x1086.jpg 768w, https:\/\/fshds.fr\/site\/wp-content\/uploads\/2022\/09\/Actes-congres-Mauleon-1086x1536.jpg 1086w, https:\/\/fshds.fr\/site\/wp-content\/uploads\/2022\/09\/Actes-congres-Mauleon-1024x1448.jpg 1024w, https:\/\/fshds.fr\/site\/wp-content\/uploads\/2022\/09\/Actes-congres-Mauleon-764x1080.jpg 764w, https:\/\/fshds.fr\/site\/wp-content\/uploads\/2022\/09\/Actes-congres-Mauleon.jpg 1240w\" sizes=\"auto, (max-width: 1020px) 100vw, 1020px\" \/><\/a><figcaption class=\"wp-element-caption\"><strong>Actes du congr\u00e8s de Maul\u00e9on 2015<\/strong><\/figcaption><\/figure>\n<\/div><\/div>\n<\/div>\n<\/div>\n<\/div>\n<\/div>\n<\/div>\n\n\n\n<div class=\"wp-block-columns is-layout-flex wp-container-core-columns-is-layout-9d6595d7 wp-block-columns-is-layout-flex\">\n<div class=\"wp-block-column is-layout-flow wp-block-column-is-layout-flow\"><div class=\"wp-block-image\">\n<figure class=\"aligncenter size-large is-resized\"><a href=\"https:\/\/fshds.fr\/site\/accueil-publication\/actes-des-congres\/congres-2013\/\" target=\"_blank\" rel=\"noreferrer noopener\"><img loading=\"lazy\" decoding=\"async\" width=\"1020\" height=\"1443\" src=\"https:\/\/fshds.fr\/site\/wp-content\/uploads\/2022\/09\/Actes-congres-Beceleuf-1020x1443.jpg\" alt=\"\" class=\"wp-image-2370\" style=\"width:255px;height:361px\" srcset=\"https:\/\/fshds.fr\/site\/wp-content\/uploads\/2022\/09\/Actes-congres-Beceleuf-1020x1443.jpg 1020w, https:\/\/fshds.fr\/site\/wp-content\/uploads\/2022\/09\/Actes-congres-Beceleuf-632x894.jpg 632w, https:\/\/fshds.fr\/site\/wp-content\/uploads\/2022\/09\/Actes-congres-Beceleuf-768x1086.jpg 768w, https:\/\/fshds.fr\/site\/wp-content\/uploads\/2022\/09\/Actes-congres-Beceleuf-1086x1536.jpg 1086w, https:\/\/fshds.fr\/site\/wp-content\/uploads\/2022\/09\/Actes-congres-Beceleuf-1024x1448.jpg 1024w, https:\/\/fshds.fr\/site\/wp-content\/uploads\/2022\/09\/Actes-congres-Beceleuf-764x1080.jpg 764w, https:\/\/fshds.fr\/site\/wp-content\/uploads\/2022\/09\/Actes-congres-Beceleuf.jpg 1240w\" sizes=\"auto, (max-width: 1020px) 100vw, 1020px\" \/><\/a><figcaption class=\"wp-element-caption\"><strong>Actes du congr\u00e8s de B\u00e9celeuf 2013<\/strong><\/figcaption><\/figure>\n<\/div><\/div>\n\n\n\n<div class=\"wp-block-column is-layout-flow wp-block-column-is-layout-flow\"><div class=\"wp-block-image\">\n<figure class=\"aligncenter size-large is-resized\"><a href=\"https:\/\/fshds.fr\/site\/accueil-publication\/actes-des-congres\/congres-2011\/\" target=\"_blank\" rel=\"noreferrer noopener\"><img loading=\"lazy\" decoding=\"async\" width=\"1020\" height=\"1443\" src=\"https:\/\/fshds.fr\/site\/wp-content\/uploads\/2022\/09\/Actes-congres-Bressuire-1020x1443.jpg\" alt=\"\" class=\"wp-image-2373\" style=\"width:255px;height:361px\" srcset=\"https:\/\/fshds.fr\/site\/wp-content\/uploads\/2022\/09\/Actes-congres-Bressuire-1020x1443.jpg 1020w, https:\/\/fshds.fr\/site\/wp-content\/uploads\/2022\/09\/Actes-congres-Bressuire-632x894.jpg 632w, https:\/\/fshds.fr\/site\/wp-content\/uploads\/2022\/09\/Actes-congres-Bressuire-768x1086.jpg 768w, https:\/\/fshds.fr\/site\/wp-content\/uploads\/2022\/09\/Actes-congres-Bressuire-1086x1536.jpg 1086w, https:\/\/fshds.fr\/site\/wp-content\/uploads\/2022\/09\/Actes-congres-Bressuire-1024x1448.jpg 1024w, https:\/\/fshds.fr\/site\/wp-content\/uploads\/2022\/09\/Actes-congres-Bressuire-764x1080.jpg 764w, https:\/\/fshds.fr\/site\/wp-content\/uploads\/2022\/09\/Actes-congres-Bressuire.jpg 1240w\" sizes=\"auto, (max-width: 1020px) 100vw, 1020px\" \/><\/a><figcaption class=\"wp-element-caption\"><strong>Actes du congr\u00e8s de Bressuire 2011<\/strong><\/figcaption><\/figure>\n<\/div><\/div>\n<\/div>\n\n\n\n<div class=\"wp-block-columns is-layout-flex wp-container-core-columns-is-layout-9d6595d7 wp-block-columns-is-layout-flex\">\n<div class=\"wp-block-column is-layout-flow wp-block-column-is-layout-flow\"><div class=\"wp-block-image\">\n<figure class=\"aligncenter size-large is-resized\"><a href=\"https:\/\/fshds.fr\/site\/accueil-publication\/actes-des-congres\/congres-2009\/\" target=\"_blank\" rel=\"noreferrer noopener\"><img loading=\"lazy\" decoding=\"async\" width=\"1020\" height=\"1443\" src=\"https:\/\/fshds.fr\/site\/wp-content\/uploads\/2022\/09\/Actes-congres-Parthenay-1020x1443.jpg\" alt=\"\" class=\"wp-image-2376\" style=\"width:255px;height:361px\" srcset=\"https:\/\/fshds.fr\/site\/wp-content\/uploads\/2022\/09\/Actes-congres-Parthenay-1020x1443.jpg 1020w, https:\/\/fshds.fr\/site\/wp-content\/uploads\/2022\/09\/Actes-congres-Parthenay-632x894.jpg 632w, https:\/\/fshds.fr\/site\/wp-content\/uploads\/2022\/09\/Actes-congres-Parthenay-768x1086.jpg 768w, https:\/\/fshds.fr\/site\/wp-content\/uploads\/2022\/09\/Actes-congres-Parthenay-1086x1536.jpg 1086w, https:\/\/fshds.fr\/site\/wp-content\/uploads\/2022\/09\/Actes-congres-Parthenay-1024x1448.jpg 1024w, https:\/\/fshds.fr\/site\/wp-content\/uploads\/2022\/09\/Actes-congres-Parthenay-764x1080.jpg 764w, https:\/\/fshds.fr\/site\/wp-content\/uploads\/2022\/09\/Actes-congres-Parthenay.jpg 1240w\" sizes=\"auto, (max-width: 1020px) 100vw, 1020px\" \/><\/a><figcaption class=\"wp-element-caption\"><strong>Actes du congr\u00e8s de Parthenay 20<\/strong>09<\/figcaption><\/figure>\n<\/div><\/div>\n\n\n\n<div class=\"wp-block-column is-layout-flow wp-block-column-is-layout-flow\"><div class=\"wp-block-image\">\n<figure class=\"aligncenter size-large is-resized\"><a href=\"https:\/\/fshds.fr\/site\/accueil-publication\/actes-des-congres\/congres-2007\/\" target=\"_blank\" rel=\"noreferrer noopener\"><img loading=\"lazy\" decoding=\"async\" width=\"1020\" height=\"1443\" src=\"https:\/\/fshds.fr\/site\/wp-content\/uploads\/2022\/09\/Actes-congres-Saint-Maixent-et-Combrand-1020x1443.jpg\" alt=\"\" class=\"wp-image-2378\" style=\"width:255px;height:361px\" srcset=\"https:\/\/fshds.fr\/site\/wp-content\/uploads\/2022\/09\/Actes-congres-Saint-Maixent-et-Combrand-1020x1443.jpg 1020w, https:\/\/fshds.fr\/site\/wp-content\/uploads\/2022\/09\/Actes-congres-Saint-Maixent-et-Combrand-632x894.jpg 632w, https:\/\/fshds.fr\/site\/wp-content\/uploads\/2022\/09\/Actes-congres-Saint-Maixent-et-Combrand-768x1086.jpg 768w, https:\/\/fshds.fr\/site\/wp-content\/uploads\/2022\/09\/Actes-congres-Saint-Maixent-et-Combrand-1086x1536.jpg 1086w, https:\/\/fshds.fr\/site\/wp-content\/uploads\/2022\/09\/Actes-congres-Saint-Maixent-et-Combrand-1024x1448.jpg 1024w, https:\/\/fshds.fr\/site\/wp-content\/uploads\/2022\/09\/Actes-congres-Saint-Maixent-et-Combrand-764x1080.jpg 764w, https:\/\/fshds.fr\/site\/wp-content\/uploads\/2022\/09\/Actes-congres-Saint-Maixent-et-Combrand.jpg 1240w\" sizes=\"auto, (max-width: 1020px) 100vw, 1020px\" \/><\/a><figcaption class=\"wp-element-caption\"><strong>Actes des congr\u00e8s de Saint-Maixent et Combrand<\/strong> 2007 et 2008<\/figcaption><\/figure>\n<\/div><\/div>\n<\/div>\n","protected":false},"excerpt":{"rendered":"<p>Dans cette rubrique, vous pourrez t\u00e9l\u00e9charger et lire les diff\u00e9rents articles parus dans les bulletins de liaison de la F\u00e9d\u00e9ration des soci\u00e9t\u00e9s historiques des Deux-S\u00e8vres.<\/p>\n","protected":false},"author":1,"featured_media":0,"parent":103,"menu_order":5,"comment_status":"closed","ping_status":"closed","template":"","meta":{"_seopress_robots_primary_cat":"","_seopress_titles_title":"Actes des Journ\u00e9es de l'Histoire en Deux-S\u00e8vres FSHDS","_seopress_titles_desc":"Dans cette rubrique, vous pourrez t\u00e9l\u00e9charger et lire les diff\u00e9rents articles parus dans les bulletins de liaison de la F\u00e9d\u00e9ration des soci\u00e9t\u00e9s historiques des Deux-S\u00e8vres.","_seopress_robots_index":"","footnotes":""},"class_list":["post-100","page","type-page","status-publish","hentry"],"_links":{"self":[{"href":"https:\/\/fshds.fr\/site\/wp-json\/wp\/v2\/pages\/100","targetHints":{"allow":["GET"]}}],"collection":[{"href":"https:\/\/fshds.fr\/site\/wp-json\/wp\/v2\/pages"}],"about":[{"href":"https:\/\/fshds.fr\/site\/wp-json\/wp\/v2\/types\/page"}],"author":[{"embeddable":true,"href":"https:\/\/fshds.fr\/site\/wp-json\/wp\/v2\/users\/1"}],"replies":[{"embeddable":true,"href":"https:\/\/fshds.fr\/site\/wp-json\/wp\/v2\/comments?post=100"}],"version-history":[{"count":32,"href":"https:\/\/fshds.fr\/site\/wp-json\/wp\/v2\/pages\/100\/revisions"}],"predecessor-version":[{"id":4277,"href":"https:\/\/fshds.fr\/site\/wp-json\/wp\/v2\/pages\/100\/revisions\/4277"}],"up":[{"embeddable":true,"href":"https:\/\/fshds.fr\/site\/wp-json\/wp\/v2\/pages\/103"}],"wp:attachment":[{"href":"https:\/\/fshds.fr\/site\/wp-json\/wp\/v2\/media?parent=100"}],"curies":[{"name":"wp","href":"https:\/\/api.w.org\/{rel}","templated":true}]}}